{"id":59807,"date":"2025-09-28T19:35:21","date_gmt":"2025-09-28T19:35:21","guid":{"rendered":"https:\/\/outletlite.com\/?post_type=product&#038;p=59807"},"modified":"2026-04-24T03:08:52","modified_gmt":"2026-04-24T03:08:52","slug":"2-teiliges-pyjama-set-mit-stich-aufdruck-fuer-kinder-langaermliges-oberteil-und-hose-rundhalsausschnitt-stich-homewear-set-fuer-jungen-und-maedchen","status":"publish","type":"product","link":"https:\/\/outletlite.com\/en\/product\/2-teiliges-pyjama-set-mit-stich-aufdruck-fuer-kinder-langaermliges-oberteil-und-hose-rundhalsausschnitt-stich-homewear-set-fuer-jungen-und-maedchen\/","title":{"rendered":"2-teiliges Pyjama-Set mit Stich-Aufdruck f\u00fcr Kinder, lang\u00e4rmliges Oberteil und Hose, Rundhalsausschnitt, Stich-Homewear-Set f\u00fcr Jungen und M\u00e4dchen"},"content":{"rendered":"<h1>SPECIFICATIONS<\/h1>\n<p>&nbsp;<\/p>\n<p>Abteilungsname: <span style=\"color: #333;\">Kinder<\/span><\/p>\n<p>Alters-Strecke: <span style=\"color: #333;\">14+<\/span><\/p>\n<p>Art: <span style=\"color: #333;\">T\u00e4glich<\/span><\/p>\n<p>CN: <span style=\"color: #333;\">Guangdong<\/span><\/p>\n<p>Choice: <span style=\"color: #333;\">yes<\/span><\/p>\n<p>Einzelteil-Art: <span style=\"color: #333;\">Schlafanzug<\/span><\/p>\n<p>Fit: <span style=\"color: #333;\">Passt ma\u00dfgenau gr\u00f6\u00dfe, nehmen ihre normale gr\u00f6\u00dfe<\/span><\/p>\n<p>Geschlecht: <span style=\"color: #333;\">Unisex<\/span><\/p>\n<p>Handwerk des Webens: <span style=\"color: #333;\">Tat<\/span><\/p>\n<p>Hign-betroffene Chemikalie: <span style=\"color: #333;\">Keine<\/span><\/p>\n<p>Jahreszeit: <span style=\"color: #333;\">Alle Jahreszeiten<\/span><\/p>\n<p>Kragen: <span style=\"color: #333;\">Rundhals<\/span><\/p>\n<p>Markenname: <span style=\"color: #333;\">Potdemiel<\/span><\/p>\n<p>Material: <span style=\"color: #333;\">ACETAT<\/span><\/p>\n<p>Mustertyp: <span style=\"color: #333;\">Karikatur<\/span><\/p>\n<p>Seill\u00e4nge (0\u201399 cm): <span style=\"color: #333;\">0<\/span><\/p>\n<p>Seiltyp: <span style=\"color: #333;\">Keine<\/span><\/p>\n<p>Ursprung: <span style=\"color: #333;\">CN (Herkunft)<\/span><\/p>\n<p>\u00c4rmelstil: <span style=\"color: #333;\">normal<\/span><\/p>\n<p>[ryviu_widget]<\/p>\n<div class=\"detailmodule_html\">\n<div class=\"detail-desc-decorate-richtext\">\n<p><img decoding=\"async\" src=\"https:\/\/ae01.alicdn.com\/kf\/S50bd7b31b4ee4955a8335e5336dfebae1.jpg\" \/><\/p>\n<\/div>\n<\/div>\n","protected":false},"excerpt":{"rendered":"<p>SPECIFICATIONS &nbsp; Abteilungsname: Kinder Alters-Strecke: 14+ Art: T\u00e4glich CN: Guangdong Choice: yes Einzelteil-Art: Schlafanzug Fit: Passt ma\u00dfgenau gr\u00f6\u00dfe, nehmen ihre<\/p>","protected":false},"featured_media":59800,"comment_status":"closed","ping_status":"closed","template":"","meta":[],"product_brand":[],"product_cat":[422],"product_tag":[],"class_list":{"0":"post-59807","1":"product","2":"type-product","3":"status-publish","4":"has-post-thumbnail","6":"product_cat-sonderangebot","8":"first","9":"instock","10":"taxable","11":"shipping-taxable","12":"purchasable","13":"product-type-variable"},"_links":{"self":[{"href":"https:\/\/outletlite.com\/en\/wp-json\/wp\/v2\/product\/59807","targetHints":{"allow":["GET"]}}],"collection":[{"href":"https:\/\/outletlite.com\/en\/wp-json\/wp\/v2\/product"}],"about":[{"href":"https:\/\/outletlite.com\/en\/wp-json\/wp\/v2\/types\/product"}],"replies":[{"embeddable":true,"href":"https:\/\/outletlite.com\/en\/wp-json\/wp\/v2\/comments?post=59807"}],"wp:featuredmedia":[{"embeddable":true,"href":"https:\/\/outletlite.com\/en\/wp-json\/wp\/v2\/media\/59800"}],"wp:attachment":[{"href":"https:\/\/outletlite.com\/en\/wp-json\/wp\/v2\/media?parent=59807"}],"wp:term":[{"taxonomy":"product_brand","embeddable":true,"href":"https:\/\/outletlite.com\/en\/wp-json\/wp\/v2\/product_brand?post=59807"},{"taxonomy":"product_cat","embeddable":true,"href":"https:\/\/outletlite.com\/en\/wp-json\/wp\/v2\/product_cat?post=59807"},{"taxonomy":"product_tag","embeddable":true,"href":"https:\/\/outletlite.com\/en\/wp-json\/wp\/v2\/product_tag?post=59807"}],"curies":[{"name":"wp","href":"https:\/\/api.w.org\/{rel}","templated":true}]}}