{"id":59553,"date":"2025-09-20T22:59:32","date_gmt":"2025-09-20T22:59:32","guid":{"rendered":"https:\/\/outletlite.com\/?post_type=product&#038;p=59553"},"modified":"2026-04-28T02:49:25","modified_gmt":"2026-04-28T02:49:25","slug":"premium-elektrostarter-honda-gx160-gx390","status":"publish","type":"product","link":"https:\/\/outletlite.com\/en\/product\/premium-elektrostarter-honda-gx160-gx390\/","title":{"rendered":"\ud83d\udc49 Premium Elektrostarter Honda GX160 GX200 GX340 GX390 \u2013 leistungsstarkes\u00a0Starter\u00a0Kit"},"content":{"rendered":"<h1>SPECIFICATIONS<\/h1>\n<p>Dieses Elektrostarter Honda GX160 GX200 GX340 GX390 Kit bietet eine zuverl\u00e4ssige und einfache L\u00f6sung f\u00fcr den elektrischen\u00a0Motorstart.<\/p>\n<p>Premium Elektrostarter Honda GX160 GX200 GX340 GX390 \u2013 elektrisches\u00a0Starter\u00a0Kit<\/p>\n<p>&nbsp;<\/p>\n<p>Brand Name: <span style=\"color: #333;\">Keine<\/span><\/p>\n<p>Hign-concerned Chemical: <span style=\"color: #333;\">Keiner<\/span><\/p>\n<p>Origin: <span style=\"color: #333;\">CN (Herkunft)<\/span><\/p>\n<p>Type: <span style=\"color: #333;\">Anderes<\/span><\/p>\n<p>Usage: <span style=\"color: #333;\">Heimwerken<\/span><\/p>\n<p>is_customized: <span style=\"color: #333;\">Nein<\/span><\/p>\n<p>\ud83d\udc49 Premium Elektrostarter Honda GX160 GX200 GX340 GX390 \u2013 leistungsstarkes Starter Kit<img decoding=\"async\" src=\"https:\/\/ae01.alicdn.com\/kf\/Sdb3b0dbb9ab8430d8ff771e284f582feN.jpg\" \/>\ud83d\udc49 Premium Elektrostarter Honda GX160 GX200 GX340 GX390 \u2013 leistungsstarkes\u00a0Starter\u00a0Kit<img decoding=\"async\" src=\"https:\/\/ae01.alicdn.com\/kf\/S4e3e9b7c6f5d4664ab6b9c225e7d7344q.jpg\" \/><img decoding=\"async\" src=\"https:\/\/ae01.alicdn.com\/kf\/Sb774010399264d8182ddcbd63c72bb736.jpg\" \/><\/p>\n<div class=\"detailmodule_html\">\n<div class=\"detail-desc-decorate-richtext\">\n<p><span style=\"font-size: 24px;\"><strong>Passend f\u00fcr Gx390 Gx340<\/strong><\/span><\/p>\n<p class=\"MsoNormal\"><strong><span style=\"font-size: 15pt;\">Spezifikatione<\/span><\/strong><\/p>\n<p>Dieses Elektrostarter Honda GX160 GX200 GX340 GX390 Kit bietet eine zuverl\u00e4ssige und einfache L\u00f6sung f\u00fcr den elektrischen\u00a0Motorstart.<\/p>\n<p class=\"MsoNormal\"><span style=\"font-size: 12pt;\">Material: Aluminium, Eisen<\/span><\/p>\n<p class=\"MsoNormal\"><span style=\"font-size: 12pt;\">Farbe: Silber, Rot, Schwarz<\/span><\/p>\n<p class=\"MsoNormal\"><span style=\"font-size: 12pt;\">Ersatz: 31100-ZE3-701 31100-ZE3-700 31210-ZE3-023<\/span><\/p>\n<p class=\"MsoNormal\"><span style=\"font-size: 12pt;\">Kompatibles Jahr: 2011 und fr\u00fch<\/span><\/p>\n<p class=\"MsoNormal\"><span style=\"font-size: 12pt;\">Ausstattung: F\u00fcr<\/span><span style=\"font-size: 12pt;\">HONDA GX340 11 PS, HONDA GX390 13 PS (nur auf 2011 und fr\u00fchere Modelle begrenzt)<\/span><\/p>\n<p class=\"MsoNormal\"><span style=\"font-size: 12pt;\">Art der Verwendung: Direkter Ersatz<\/span><\/p>\n<p class=\"MsoNormal\"><span style=\"font-size: 12pt;\">Oberfl\u00e4chenbehandlung: Gie\u00dfen, Stempeln, Spr\u00fchformen<\/span><\/p>\n<p class=\"MsoNormal\"><span style=\"font-size: 12pt;\">Montage erforderlich: Ja<\/span><\/p>\n<p class=\"MsoNormal\"><span style=\"font-size: 12pt;\">Bruttogewicht: 8,65 kg<\/span><\/p>\n<p class=\"MsoNormal\"><span style=\"font-size: 12pt;\">Nettogewicht: 8,05 kg<\/span><\/p>\n<p class=\"MsoNormal\"><span style=\"font-size: 12pt;\">Gr\u00f6\u00dfe des Schaltkastens: 17 x 5,5 cm<\/span><\/p>\n<p class=\"MsoNormal\"><span style=\"font-size: 12pt;\">Durchmesser des Fliegenrads: 20 cm<\/span><\/p>\n<p class=\"MsoNormal\"><span style=\"font-size: 12pt;\">L\u00e4nge des Anlassermotors: 19 cm<\/span><\/p>\n<p>&nbsp;<\/p>\n<p class=\"MsoNormal\"><strong><span style=\"font-size: 15pt;\">Paket inklusive<\/span><\/strong><\/p>\n<p>\ud83d\udc49 Premium Elektrostarter Honda GX160 GX200 GX340 GX390 \u2013 leistungsstarkes\u00a0Starter\u00a0Kit<\/p>\n<p class=\"MsoNormal\"><span style=\"font-size: 12pt;\">1 * Anlasser mit Magnet<\/span><\/p>\n<p class=\"MsoNormal\"><span style=\"font-size: 12pt;\">1 * Fliegenrad<\/span><\/p>\n<p class=\"MsoNormal\"><span style=\"font-size: 12pt;\">1 * Schl\u00fcsselschalterbox<\/span><\/p>\n<p class=\"MsoNormal\"><span style=\"font-size: 12pt;\">2 * Schl\u00fcssel<\/span><\/p>\n<p class=\"MsoNormal\"><span style=\"font-size: 12pt;\">1 * Ladespule<\/span><\/p>\n<p class=\"MsoNormal\"><span style=\"font-size: 12pt;\">S\u00e4mtliches Zubeh\u00f6r f\u00fcr die Montage<\/span><\/p>\n<p>&nbsp;<\/p>\n<p class=\"MsoNormal\"><strong><span style=\"font-size: 15pt;\">Notizen<\/span><\/strong><\/p>\n<p class=\"MsoNormal\" style=\"margin-left: 21pt;\"><span style=\"font-size: 12pt;\">1.\u00a0<\/span><span style=\"font-size: 12pt;\">Aufgrund der Komplexit\u00e4t der Teile pr\u00fcfen Sie bitte vor dem Kauf sorgf\u00e4ltig die Kompatibilit\u00e4t, um sicherzustellen, dass das Produkt geeignet ist.<\/span><\/p>\n<p class=\"MsoNormal\" style=\"margin-left: 21pt;\"><span style=\"font-size: 12pt;\">2.\u00a0<\/span><span style=\"font-size: 12pt;\">Wir empfehlen dringend eine professionelle Installation.<\/span><\/p>\n<p class=\"MsoNormal\" style=\"margin-left: 21pt;\"><span style=\"font-size: 12pt;\">3.\u00a0<\/span><span style=\"font-size: 12pt;\">Bitte erlauben Sie einen leichten Farbunterschied, der durch das Aufnahmelicht verursacht wird, und einen Fehler von 1\u20133 cm aufgrund der manuellen Messung, und stellen Sie sicher, dass Sie nichts dagegen haben, bevor Sie die Bestellung aufgeben.<\/span><\/p>\n<p>&nbsp;<\/p>\n<p class=\"MsoNormal\"><strong><span style=\"font-size: 15pt;\">Beschreibung<\/span><\/strong><\/p>\n<p>\ud83d\udc49 Premium Elektrostarter Honda GX160 GX200 GX340 GX390 \u2013 leistungsstarkes\u00a0Starter\u00a0Kit<\/p>\n<p class=\"MsoNormal\"><span style=\"font-size: 12pt;\">Der manuelle Start des Motors ist zeitaufw\u00e4ndig und arbeitsintensiv, und es ist nicht einfach, alles auf einmal zu starten.Wenn Sie auch mit diesem Problem konfrontiert sind, bedeutet das, dass Sie unser elektrisches Startset zum Aufr\u00fcsten Ihres Motors verwenden m\u00fcssen!Nach der Installation k\u00f6nnen Sie den Motor einfach starten oder ausschalten, indem Sie den Schl\u00fcssel am Schaltkasten drehen, was Zeit und Energie spart und gleichzeitig Ihre Arbeitseffizienz verbessert.<\/span><\/p>\n<p>&nbsp;<\/p>\n<p class=\"MsoNormal\"><strong><span style=\"font-size: 15pt;\">Hauptmerkmale<\/span><\/strong><\/p>\n<p class=\"MsoNormal\"><strong><span style=\"font-size: 12pt;\">Praktische Werkzeuge:<\/span><\/strong><span style=\"font-size: 12pt;\">Installieren Sie dieses elektrische Startset an Ihrem Motor, und Sie k\u00f6nnen es bequemer und effizienter starten und so Ihre Arbeit erleichtern.<\/span><\/p>\n<p>&nbsp;<\/p>\n<p class=\"MsoNormal\"><strong><span style=\"font-size: 12pt;\">Gute Kompatibilit\u00e4t:<\/span><\/strong><span style=\"font-size: 12pt;\">Bei diesem Produkt handelt es sich um ein ma\u00dfgeschneidertes Produkt, das speziell f\u00fcr den HONDA GX340 11HP und den HONDA GX390 13HP (nur f\u00fcr Modelle im Jahr 2011 begrenzt) angepasst wurde, sodass es mit den angepassten Modellen kompatibel sein kann.<\/span><\/p>\n<p>&nbsp;<\/p>\n<p class=\"MsoNormal\"><strong><span style=\"font-size: 12pt;\">Auf Langlebigkeit gebaut:<\/span><\/strong><span style=\"font-size: 12pt;\">Dieses Produkt verwendet hochwertiges Aluminium und Eisen mit Guss-, Stanz- und Spr\u00fchformverfahren, wodurch dieses Produkt hochfest und zuverl\u00e4ssig ist.<\/span><span style=\"font-size: 12pt;\">Anti-Rost<\/span><span style=\"font-size: 12pt;\">, und<\/span><span style=\"font-size: 12pt;\">verschlei\u00dffest<\/span><span style=\"font-size: 12pt;\">.<\/span><\/p>\n<p>&nbsp;<\/p>\n<p class=\"MsoNormal\"><strong><span style=\"font-size: 12pt;\">Einfache Bedienung:<\/span><\/strong><span style=\"font-size: 12pt;\">Sie m\u00fcssen lediglich den Schaltkasten steuern, indem Sie den Schl\u00fcssel drehen, um den Betriebsstatus des Motors auszuw\u00e4hlen, und die Stromkreisschutzanzeige unterhalb des Schaltkasten erleichtert Ihnen auch die Verfolgung des Betriebsstatus.<\/span><\/p>\n<p>&nbsp;<\/p>\n<p class=\"MsoNormal\"><strong><span style=\"font-size: 12pt;\">Einfach zu installieren:<\/span><\/strong><span style=\"font-size: 12pt;\">Das Design, das zu Ihrem Motor passt, und die durchsichtige Drahtverteilung sind ideal f\u00fcr Heimwerker, um die Installation abzuschlie\u00dfen, sodass Sie ein Erfolgserlebnis von Komponenten bis hin zur Vervollst\u00e4ndigung genie\u00dfen k\u00f6nnen!<\/span><\/p>\n<p>&nbsp;<\/p>\n<p class=\"MsoNormal\"><strong><span style=\"font-size: 12pt;\">Komplettes Zubeh\u00f6r:<\/span><\/strong><span style=\"font-size: 12pt;\">Unser Paket umfasst den Anlasser mit Magnetventil, ein Schwungrad, einen Schl\u00fcsselschaltkasten mit zwei Schl\u00fcsseln und andere, um Ihre Bed\u00fcrfnisse in einem Arbeitsgang zu erf\u00fcllen.<\/span><\/p>\n<p>&nbsp;<\/p>\n<p class=\"MsoNormal\"><strong><span style=\"font-size: 12pt;\">Schutzverpackung:<\/span><\/strong><span style=\"font-size: 12pt;\">Dieses Produkt wird in Luftpolsterfolien geliefert<\/span><span style=\"font-size: 12pt;\">widerstehen<\/span><span style=\"font-size: 12pt;\">h\u00e4ufige Kompression und St\u00fcrze, um Produktsch\u00e4den beim Transport so weit wie m\u00f6glich zu verhindern.<\/span><\/p>\n<p>&nbsp;<\/p>\n<p class=\"MsoNormal\"><strong><span style=\"font-size: 12pt;\">Kaufen Sie mit Vertrauen:<\/span><\/strong><span style=\"font-size: 12pt;\">Wir haben hart daran gearbeitet, unseren Kunden einen besseren Service und eine bessere Qualit\u00e4t zu bieten, was unser Ziel ist.<\/span><span style=\"font-size: 12pt;\">Wenn es ein Problem mit unseren Produkten gibt, kontaktieren Sie uns bitte rechtzeitig.<\/span><\/p>\n<p>&nbsp;<\/p>\n<p class=\"MsoNormal\"><strong><span style=\"font-size: 16pt;\">Details<\/span><\/strong><\/p>\n<p>\ud83d\udc49 Premium Elektrostarter Honda GX160 GX200 GX340 GX390 \u2013 leistungsstarkes\u00a0Starter\u00a0Kit<\/p>\n<p class=\"MsoNormal\" style=\"text-align: left;\" align=\"left\"><strong><span style=\"font-size: 12pt;\">L\u00f6schen von Dr\u00e4hten:<\/span><\/strong><span style=\"font-size: 12pt;\">Die klare Kabelverteilung kann Ihnen dabei helfen, besser zu unterscheiden, wo verschiedene Kabel angeschlossen werden sollen.<\/span><\/p>\n<p>&nbsp;<\/p>\n<p class=\"MsoNormal\" style=\"text-align: left;\" align=\"left\"><strong><span style=\"font-size: 12pt;\">Abgerundete Kanten:<\/span><\/strong><span style=\"font-size: 12pt;\">Die Kanten des Produkts sind mit abgerundeten Ecken und nicht scharfen Kanten versehen, um Kratzer zu vermeiden.<\/span><\/p>\n<p>&nbsp;<\/p>\n<p class=\"MsoNormal\"><strong><span style=\"font-size: 15pt;\">Anwendung<\/span><\/strong><\/p>\n<p class=\"MsoNormal\"><span style=\"font-size: 12pt;\">Es wurde speziell f\u00fcr den HONDA GX340 11HP und HONDA GX390 13HP (nur auf Modelle begrenzt 2011 und fr\u00fcher) angepasst und verwendet, um den manuellen Start auf den elektrischen Start umzustellen.Ob in verschiedenen Szenarien wie Baustellen, Ackerland, Ranches usw., Ihr Motor kann ein besseres Benutzererlebnis bieten.<\/span><\/p>\n<p>&nbsp;<\/p>\n<p><span style=\"font-size: 24px;\"><strong>Passend f\u00fcr Gx160 Gx200<\/strong><\/span><\/p>\n<p class=\"MsoNormal\"><strong><span style=\"font-size: 15pt;\">Spezifikationen<\/span><\/strong><\/p>\n<p class=\"MsoNormal\"><span style=\"font-size: 12pt;\">Material: Aluminium, Eisen, Kupfer<\/span><\/p>\n<p class=\"MsoNormal\"><span style=\"font-size: 12pt;\">Farbe: Silber, Rot, Schwarz<\/span><\/p>\n<p class=\"MsoNormal\"><span style=\"font-size: 12pt;\">Ausstattung: F\u00fcr<\/span><span style=\"font-size: 12pt;\">HONDA GX160 5,5 PS, HONDA GX200 6,5 PS<\/span><\/p>\n<p class=\"MsoNormal\"><span style=\"font-size: 12pt;\">Art der Verwendung: Direkter Ersatz<\/span><\/p>\n<p class=\"MsoNormal\"><span style=\"font-size: 12pt;\">Oberfl\u00e4chenbehandlung: Gie\u00dfen, Stempeln, Spr\u00fchformen<\/span><\/p>\n<p class=\"MsoNormal\"><span style=\"font-size: 12pt;\">Montage erforderlich: Ja<\/span><\/p>\n<p class=\"MsoNormal\"><span style=\"font-size: 12pt;\">Kompatible Marke: F\u00fcr Honda<\/span><\/p>\n<p class=\"MsoNormal\"><span style=\"font-size: 12pt;\">Spannung: 12 V<\/span><\/p>\n<p class=\"MsoNormal\"><span style=\"font-size: 12pt;\">Bruttogewicht: 5,3 kg<\/span><\/p>\n<p class=\"MsoNormal\"><span style=\"font-size: 12pt;\">Nettogewicht: 4,95 kg<\/span><\/p>\n<p class=\"MsoNormal\"><span style=\"font-size: 12pt;\">Schwungraddurchmesser<\/span><span style=\"font-size: 12pt;\">: 17 cm<\/span><\/p>\n<p class=\"MsoNormal\"><span style=\"font-size: 12pt;\">Abdeckungsgr\u00f6\u00dfe: 30 x 23 cm<\/span><\/p>\n<p class=\"MsoNormal\"><span style=\"font-size: 12pt;\">Schl\u00fcsselschaltkasten<\/span><span style=\"font-size: 12pt;\">Gr\u00f6\u00dfe: 17 x 11,5 cm<\/span><\/p>\n<p class=\"MsoNormal\"><span style=\"font-size: 12pt;\">Motor<\/span><span style=\"font-size: 12pt;\">Gr\u00f6\u00dfe: 17 x 11 cm<\/span><\/p>\n<p>&nbsp;<\/p>\n<p class=\"MsoNormal\"><strong><span style=\"font-size: 15pt;\">Paket inklusive<\/span><\/strong><\/p>\n<p class=\"MsoNormal\"><span style=\"font-size: 12pt;\">1 * Anlasser mit Magnetventil<\/span><\/p>\n<p class=\"MsoNormal\"><span style=\"font-size: 12pt;\">1 * Schwungrad mit Ringgetriebe<\/span><\/p>\n<p class=\"MsoNormal\"><span style=\"font-size: 12pt;\">1 * Schl\u00fcsselschalterbox mit 2 Schl\u00fcsseln<\/span><\/p>\n<p class=\"MsoNormal\"><span style=\"font-size: 12pt;\">1 * Ladespule<\/span><\/p>\n<p class=\"MsoNormal\"><span style=\"font-size: 12pt;\">1 * L\u00fcfterabdeckung<\/span><\/p>\n<p class=\"MsoNormal\"><span style=\"font-size: 12pt;\">S\u00e4mtliches Zubeh\u00f6r f\u00fcr die Montage<\/span><\/p>\n<p>&nbsp;<\/p>\n<p class=\"MsoNormal\"><strong><span style=\"font-size: 15pt;\">Notizen<\/span><\/strong><\/p>\n<p>\ud83d\udc49 Premium Elektrostarter Honda GX160 GX200 GX340 GX390 \u2013 leistungsstarkes\u00a0Starter\u00a0Kit<\/p>\n<p class=\"MsoNormal\" style=\"margin-left: 21pt;\"><span style=\"font-size: 12pt;\">1.\u00a0<\/span><span style=\"font-size: 12pt;\">Eine professionelle Installation wird dringend empfohlen.<\/span><\/p>\n<p class=\"MsoNormal\" style=\"margin-left: 21pt;\"><span style=\"font-size: 12pt;\">2.\u00a0<\/span><span style=\"font-size: 12pt;\">Aufgrund der Komplexit\u00e4t der Teile pr\u00fcfen Sie bitte vor dem Kauf sorgf\u00e4ltig die Kompatibilit\u00e4t, um sicherzustellen, dass das Produkt geeignet ist.<\/span><\/p>\n<p class=\"MsoNormal\" style=\"margin-left: 21pt;\"><span style=\"font-size: 12pt;\">3.\u00a0<\/span><span style=\"font-size: 12pt;\">Bitte erlauben Sie einen leichten Farbunterschied, der durch das Aufnahmelicht verursacht wird, und einen Fehler von 1\u20133 cm aufgrund der manuellen Messung, und stellen Sie sicher, dass Sie nichts dagegen haben, bevor Sie bestellen.<\/span><\/p>\n<p>&nbsp;<\/p>\n<p class=\"MsoNormal\"><strong><span style=\"font-size: 15pt;\">Beschreibung<\/span><\/strong><\/p>\n<p>\ud83d\udc49 Premium Elektrostarter Honda GX160 GX200 GX340 GX390 \u2013 leistungsstarkes\u00a0Starter\u00a0Kit<\/p>\n<p class=\"MsoNormal\"><span style=\"font-size: 12pt;\">Der manuelle Start des Motors ist zeitaufw\u00e4ndig und arbeitsintensiv, und es ist nicht einfach, alles auf einmal zu starten.Wenn Sie auch mit diesem Problem konfrontiert sind, bedeutet dies, dass Sie unser Schwungrad-Startermotorset verwenden m\u00fcssen, um Ihren Motor aufzur\u00fcsten!Nach der Installation k\u00f6nnen Sie den Motor einfach starten oder ausschalten, indem Sie den Schl\u00fcssel am Schaltkasten drehen, was Zeit und Energie spart und gleichzeitig Ihre Arbeitseffizienz verbessert.<\/span><\/p>\n<p>&nbsp;<\/p>\n<p class=\"MsoNormal\"><strong><span style=\"font-size: 15pt;\">Hauptmerkmale<\/span><\/strong><\/p>\n<p>\ud83d\udc49 Premium Elektrostarter Honda GX160 GX200 GX340 GX390 \u2013 leistungsstarkes\u00a0Starter\u00a0Kit<\/p>\n<p class=\"MsoNormal\"><strong><span style=\"font-size: 12pt;\">Praktische Werkzeuge:<\/span><\/strong><span style=\"font-size: 12pt;\">Installieren Sie dies<\/span><span style=\"font-size: 12pt;\">Satz f\u00fcr Schwungrad-Startermotoren<\/span><span style=\"font-size: 12pt;\">an Ihrem Motor, und Sie k\u00f6nnen ihn bequemer und effizienter starten und so Ihre Arbeit erleichtern!<\/span><\/p>\n<p>&nbsp;<\/p>\n<p class=\"MsoNormal\"><strong><span style=\"font-size: 12pt;\">Gute Kompatibilit\u00e4t:<\/span><\/strong><span style=\"font-size: 12pt;\">Dieses Produkt wurde speziell f\u00fcr HONDA GX160 5,5 PS und HONDA GX200 6,5 PS angepasst und kann daher mit den angepassten Modellen kompatibel sein.<\/span><\/p>\n<p>&nbsp;<\/p>\n<p class=\"MsoNormal\"><strong><span style=\"font-size: 12pt;\">Auf Langlebigkeit gebaut:<\/span><\/strong><span style=\"font-size: 12pt;\">Dieses Produkt verwendet hochwertiges Aluminium und Eisen mit Guss-, Stanz- und Spr\u00fchformverfahren, wodurch dieses Produkt hochfest und zuverl\u00e4ssig ist.<\/span><span style=\"font-size: 12pt;\">Anti-Rost<\/span><span style=\"font-size: 12pt;\">, und<\/span><span style=\"font-size: 12pt;\">verschlei\u00dffest<\/span><span style=\"font-size: 12pt;\">.<\/span><\/p>\n<p>&nbsp;<\/p>\n<p class=\"MsoNormal\"><strong><span style=\"font-size: 12pt;\">Einfache Bedienung:<\/span><\/strong><span style=\"font-size: 12pt;\">Sie m\u00fcssen lediglich den Schaltkasten steuern, indem Sie den Schl\u00fcssel drehen, um den Betriebsstatus des Motors auszuw\u00e4hlen. Die nachstehende Stromkreisschutzanzeige erleichtert Ihnen auch die Verfolgung des Betriebsstatus.<\/span><\/p>\n<p>&nbsp;<\/p>\n<p class=\"MsoNormal\"><strong><span style=\"font-size: 12pt;\">Einfach zu installieren:<\/span><\/strong><span style=\"font-size: 12pt;\">Das Design, das zu Ihrem Motor passt, und die durchsichtige Drahtverteilung sind ideal f\u00fcr Heimwerker, um die Installation abzuschlie\u00dfen, sodass Sie ein Erfolgserlebnis von Komponenten bis hin zur Vervollst\u00e4ndigung genie\u00dfen k\u00f6nnen!<\/span><\/p>\n<p>&nbsp;<\/p>\n<p class=\"MsoNormal\"><strong><span style=\"font-size: 12pt;\">Komplettes Zubeh\u00f6r:<\/span><\/strong><span style=\"font-size: 12pt;\">Unser Paket umfasst den Anlasser, ein Schwungrad, einen Schl\u00fcsselschaltkasten mit zwei Schl\u00fcsseln und andere, um Ihre Bed\u00fcrfnisse in einem Arbeitsgang zu erf\u00fcllen.<\/span><\/p>\n<p>&nbsp;<\/p>\n<p class=\"MsoNormal\"><strong><span style=\"font-size: 12pt;\">Schutzverpackung:<\/span><\/strong><span style=\"font-size: 12pt;\">Dieses Produkt wird in Luftpolsterfolien geliefert<\/span><span style=\"font-size: 12pt;\">widerstehen<\/span><span style=\"font-size: 12pt;\">h\u00e4ufige Kompression und St\u00fcrze, um Produktsch\u00e4den beim Transport so weit wie m\u00f6glich zu verhindern.<\/span><\/p>\n<p>&nbsp;<\/p>\n<p class=\"MsoNormal\"><strong><span style=\"font-size: 12pt;\">Garantierter Kundenservice:<\/span><\/strong><span style=\"font-size: 12pt;\">Unser Ziel ist es, qualitativ hochwertige Produkte und Dienstleistungen anzubieten.<\/span><span style=\"font-size: 12pt;\">Bei Problemen k\u00f6nnen Sie sich gerne an uns wenden.Wir werden Ihnen so schnell wie m\u00f6glich antworten und das Problem l\u00f6sen.<\/span><\/p>\n<p>&nbsp;<\/p>\n<p class=\"MsoNormal\"><strong><span style=\"font-size: 16pt;\">Details<\/span><\/strong><\/p>\n<p>\ud83d\udc49 Premium Elektrostarter Honda GX160 GX200 GX340 GX390 \u2013 leistungsstarkes\u00a0Starter\u00a0Kit<\/p>\n<p class=\"MsoNormal\" style=\"text-align: left;\" align=\"left\"><strong><span style=\"font-size: 12pt;\">L\u00f6schen von Dr\u00e4hten:<\/span><\/strong><span style=\"font-size: 12pt;\">Die klare Kabelverteilung kann Ihnen dabei helfen, besser zu unterscheiden, wo verschiedene Kabel angeschlossen werden sollen.<\/span><\/p>\n<p>&nbsp;<\/p>\n<p class=\"MsoNormal\" style=\"text-align: left;\" align=\"left\"><strong><span style=\"font-size: 12pt;\">Abgerundete Kanten:<\/span><\/strong><span style=\"font-size: 12pt;\">Die Kanten des Produkts sind mit abgerundeten Ecken und nicht scharfen Kanten versehen, um Kratzer zu vermeiden.<\/span><\/p>\n<p>&nbsp;<\/p>\n<p class=\"MsoNormal\"><strong><span style=\"font-size: 15pt;\">Anwendung<\/span><\/strong><\/p>\n<p class=\"MsoNormal\"><span style=\"font-size: 12pt;\">Es wurde speziell f\u00fcr HONDA GX160 5,5 PS und HONDA GX200 6,5 PS angepasst und wird zum Wechseln des manuellen Starts auf einen elektrischen Start verwendet. Ob in verschiedenen Szenarien wie Baustellen, Ackerland, Ranches usw., Ihr Motor kann ein besseres Benutzererlebnis biete<\/span><\/p>\n<p class=\"MsoNormal\">Elektrostarter Honda GX160 GX200 GX340 GX390.Elektrostarter Honda GX160 GX200 GX340 GX390.Elektrostarter Honda GX160 GX200 GX340 GX390.Elektrostarter Honda GX160 GX200 GX340 GX3<\/p>\n<p>\ud83d\udc49 Premium Elektrostarter Honda GX160 GX200 GX340 GX390 \u2013 leistungsstarkes\u00a0Starter\u00a0Kit<\/p>\n<p class=\"MsoNormal\"><img decoding=\"async\" src=\"https:\/\/ae01.alicdn.com\/kf\/S1005fcc8ce6d464494cc9606c1f92c37V.jpg\" \/><img decoding=\"async\" src=\"https:\/\/ae01.alicdn.com\/kf\/S886a3206283d410ba93358d7bfef49c6R.jpg\" \/>\ud83d\udc49 Premium Elektrostarter Honda GX160 GX200 GX340 GX390 \u2013 leistungsstarkes\u00a0Starter\u00a0Kit<img decoding=\"async\" src=\"https:\/\/ae01.alicdn.com\/kf\/Sc56bb00630bf4726b8cbef098403d57aj.jpg\" \/><\/p>\n<\/div>\n<\/div>","protected":false},"excerpt":{"rendered":"<p>\ud83d\udc49 Premium Elektrostarter Honda GX160 GX200 GX340 GX390 \u2013 leistungsstarkes\u00a0Starter\u00a0Kit<\/p>\n<p>Elektrisches Starter Kit f\u00fcr Honda GX160, GX200, GX340 &amp; GX390. Zuverl\u00e4ssiger Elektrostarter f\u00fcr schnellen Motorstart \u2013 perfekt f\u00fcr Heimwerker\u00a0&amp;\u00a0Profis<\/p>\n<p>&nbsp;<\/p>","protected":false},"featured_media":59235,"comment_status":"open","ping_status":"closed","template":"","meta":[],"product_brand":[],"product_cat":[422],"product_tag":[],"class_list":{"0":"post-59553","1":"product","2":"type-product","3":"status-publish","4":"has-post-thumbnail","6":"product_cat-sonderangebot","8":"first","9":"instock","10":"taxable","11":"shipping-taxable","12":"purchasable","13":"product-type-variable"},"_links":{"self":[{"href":"https:\/\/outletlite.com\/en\/wp-json\/wp\/v2\/product\/59553","targetHints":{"allow":["GET"]}}],"collection":[{"href":"https:\/\/outletlite.com\/en\/wp-json\/wp\/v2\/product"}],"about":[{"href":"https:\/\/outletlite.com\/en\/wp-json\/wp\/v2\/types\/product"}],"replies":[{"embeddable":true,"href":"https:\/\/outletlite.com\/en\/wp-json\/wp\/v2\/comments?post=59553"}],"wp:featuredmedia":[{"embeddable":true,"href":"https:\/\/outletlite.com\/en\/wp-json\/wp\/v2\/media\/59235"}],"wp:attachment":[{"href":"https:\/\/outletlite.com\/en\/wp-json\/wp\/v2\/media?parent=59553"}],"wp:term":[{"taxonomy":"product_brand","embeddable":true,"href":"https:\/\/outletlite.com\/en\/wp-json\/wp\/v2\/product_brand?post=59553"},{"taxonomy":"product_cat","embeddable":true,"href":"https:\/\/outletlite.com\/en\/wp-json\/wp\/v2\/product_cat?post=59553"},{"taxonomy":"product_tag","embeddable":true,"href":"https:\/\/outletlite.com\/en\/wp-json\/wp\/v2\/product_tag?post=59553"}],"curies":[{"name":"wp","href":"https:\/\/api.w.org\/{rel}","templated":true}]}}