{"id":59348,"date":"2025-09-20T22:57:47","date_gmt":"2025-09-20T22:57:47","guid":{"rendered":"https:\/\/outletlite.com\/?post_type=product&#038;p=59348"},"modified":"2026-04-24T03:09:55","modified_gmt":"2026-04-24T03:09:55","slug":"svbony-sv28-spektiv-kaufen-zoom-20-60x80","status":"publish","type":"product","link":"https:\/\/outletlite.com\/en\/product\/svbony-sv28-spektiv-kaufen-zoom-20-60x80\/","title":{"rendered":"SVBONY SV28 Spektiv kaufen | Zoom 20-60&#215;80 wasserdicht"},"content":{"rendered":"<h1>SPECIFICATIONS<\/h1>\n<p>\u201eDas SVBONY SV28 Spektiv kaufen | Zoom 20-60&#215;80 wasserdicht ist perfekt f\u00fcr Vogelbeobachtung, Jagd\u00a0und\u00a0Camping.\u201c<\/p>\n<p>\u201eMit dem SVBONY SV28 Spektiv kaufen | Zoom 20-60&#215;80 wasserdicht genie\u00dfen Sie klare Bilder.\u201c<\/p>\n<p>\u201eSVBONY SV28 Zoom 20-60&#215;80 wasserdicht\u201c<\/p>\n<p>&nbsp;<\/p>\n<p>Archery: <span style=\"color: #333;\">Observation Target<\/span><\/p>\n<p>Brand: <span style=\"color: #333;\">svbony<\/span><\/p>\n<p>Camping Birdwatching: <span style=\"color: #333;\">Zoom Spotting Scope<\/span><\/p>\n<p>Camping supplies: <span style=\"color: #333;\">YES<\/span><\/p>\n<p>Eyepiece diameter: <span style=\"color: #333;\">15mm\/20mm<\/span><\/p>\n<p>Hign-betroffene Chemikalie: <span style=\"color: #333;\">Keine<\/span><\/p>\n<p>Lens Coating: <span style=\"color: #333;\">FMC<\/span><\/p>\n<p>Magnification: <span style=\"color: #333;\">15-45\/25-75X20-60<\/span><\/p>\n<p>Markenname: <span style=\"color: #333;\">svbony<\/span><\/p>\n<p>Modellnummer: <span style=\"color: #333;\">SVBONY SV28\/SV28 PLUS 25-75&#215;70 Spotting Scope<\/span><\/p>\n<p>Monitoring equipment: <span style=\"color: #333;\">YES<\/span><\/p>\n<p>Monocular Telescope: <span style=\"color: #333;\">for Birdwatching hunting<\/span><\/p>\n<p>Objective lens diameter: <span style=\"color: #333;\">50mm\/70mm\/60mm\/80mm<\/span><\/p>\n<p>Optics telescope: <span style=\"color: #333;\">spotting scope monocular<\/span><\/p>\n<p>Prism Type: <span style=\"color: #333;\">Porro<\/span><\/p>\n<p>Ursprung: <span style=\"color: #333;\">CN (Herkunft)<\/span><\/p>\n<p>Waterproof: <span style=\"color: #333;\">Yes (IP4)<\/span><\/p>\n<p>army: <span style=\"color: #333;\">YES<\/span><\/p>\n<p>astronomical telescope: <span style=\"color: #333;\">Spyglass<\/span><\/p>\n<p>camping equipment: <span style=\"color: #333;\">telescope<\/span><\/p>\n<p>large scope spyglasses: <span style=\"color: #333;\">YES<\/span><\/p>\n<p>military: <span style=\"color: #333;\">YES<\/span><\/p>\n<p>monoculars high quality: <span style=\"color: #333;\">monocular largo alcance<\/span><\/p>\n<p>powerful monocular: <span style=\"color: #333;\">YES<\/span><\/p>\n<p>professional long range Monoculars: <span style=\"color: #333;\">YES<\/span><\/p>\n<p>spotting scope: <span style=\"color: #333;\">monocular telescope<\/span><\/p>\n<p>terrestrial telescope: <span style=\"color: #333;\">YES<\/span><\/p>\n<p>SVBONY SV28 Zoom 20-60&#215;80 wasserdicht\u201c<\/p>\n<p>&nbsp;<\/p>\n<div class=\"detailmodule_html\">\n<div class=\"detail-desc-decorate-richtext\">\n<div><\/div>\n<table style=\"border-collapse: collapse; text-align: center;\" border=\"0\" width=\"944\" cellspacing=\"0\" cellpadding=\"0\" align=\"center\">\n<tbody>\n<tr>\n<td colspan=\"2\">SVBONY SV28 Zoom 20-60&#215;80 wasserdicht\u201c<\/td>\n<\/tr>\n<tr>\n<td><img loading=\"lazy\" decoding=\"async\" src=\"https:\/\/ae01.alicdn.com\/kf\/S52fbf1280ba940639e6c794cf827045dR.jpg\" width=\"472\" height=\"289\" \/><\/td>\n<td><img loading=\"lazy\" decoding=\"async\" src=\"https:\/\/ae01.alicdn.com\/kf\/S967c1480d15d4c639223009aa9c6c4cbK.jpg\" width=\"472\" height=\"289\" \/><\/td>\n<\/tr>\n<tr>\n<td><img loading=\"lazy\" decoding=\"async\" src=\"https:\/\/ae01.alicdn.com\/kf\/Sc092aad4500c4a9aa12a3e04763d208b7.jpg\" width=\"472\" height=\"291\" \/><\/td>\n<td><img loading=\"lazy\" decoding=\"async\" src=\"https:\/\/ae01.alicdn.com\/kf\/S683e1a6aa7074e8f99681b93ec4e5d37Q.jpg\" width=\"472\" height=\"291\" \/><\/td>\n<\/tr>\n<\/tbody>\n<\/table>\n<p>&nbsp;<\/p>\n<p style=\"text-align: center;\" align=\"center\"><span style=\"font-size: 20px; font-family: arial, helvetica, sans-serif;\"><strong>SVBONY SV28\/SV28PLUS Spektive mit Stativ ,25-75&#215;70,Wasserdicht,Zielfernrohr f\u00fcr Distanzschie\u00dfen, Kompakt, f\u00fcr Zielschie\u00dfen, Tierbeobachtungen, Leistungsstarkes wasserdichtes Bak4 FMC-Teleskop f\u00fcr gro\u00dfe Entfernungen<\/strong><\/span><\/p>\n<p align=\"center\">\u201eMit dem SVBONY SV28 Spektiv kaufen | Zoom 20-60&#215;80 wasserdicht genie\u00dfen Sie klare Bilder.\u201c<\/p>\n<div>\n<div style=\"text-align: center;\" align=\"center\"><img decoding=\"async\" src=\"https:\/\/ae01.alicdn.com\/kf\/Sa7d58aff25724fdc9f98a3cd9c26a7d75.jpg\" \/><\/div>\n<p class=\"detail-desc-decorate-title\" style=\"font-family: opensans; font-size: 20px; font-weight: 900; line-height: 28px; margin-bottom: 12px;\">Eigenschaften:<\/p>\n<ul class=\"a-unordered-list a-vertical a-spacing-mini\" style=\", arial, sans-serif;font-size: 14px; font-weight: 400; letter-spacing: normal; text-align: start; margin: 0px 0px 0px 18px; padding: 0px;\">\n<li style=\"margin: 0px;\"><span class=\"a-list-item\">25-75x Zoom: sv28PLUS Spektiv ist einfach zu fokussieren und die Vergr\u00f6\u00dferung zu \u00e4ndern, einfach einzurichten, wenn man V\u00f6gel und Landschaften betrachtet. Ein gro\u00dfes Spektiv f\u00fcr Anf\u00e4nger bis Anf\u00e4nger.<\/span><\/li>\n<li style=\"margin: 0px;\"><span class=\"a-list-item\">70mm gro\u00dfe Objekt linse: St\u00e4rkere Licht sammel f\u00e4higkeit, 70mm R\u00f6hre erm\u00f6glicht viel Licht und eine anst\u00e4ndige Sicht auf das Ziel, einmal gesetzt, ausziehbarer Sonnenschutz, der auf dem Haupt zylinder angebracht ist, um Blendung zu reduzieren.<\/span><\/li>\n<li style=\"margin: 0px;\"><span class=\"a-list-item\">Ip65 wasserdicht: kann pl\u00f6tzliche Umwelt \u00e4nderungen vermeiden, um das sv28 Spektiv zu besch\u00e4digen. Das Finish besteht aus einem nahtlosen rutsch festen Material, so dass es sich nicht so anf\u00fchlt, als w\u00fcrde es bei N\u00e4sse aus den H\u00e4nden rutschen.<\/span><\/li>\n<li style=\"margin: 0px;\"><span class=\"a-list-item\">Beinhaltet tragbares Desktop-Stativ: Das Desktop-Stativ ist perfekt f\u00fcr Range Spott ing. Telefon adapter macht es einfacher, Videos und Fotos zu teilen.<\/span><\/li>\n<li style=\"margin: 0px;\"><span class=\"a-list-item\">Leichtes und tragbares Gewicht: sehr geeignet f\u00fcr das Tragen beim Ausgehen zur Beobachtung, kann auch leicht in das Auto f\u00fcr den Einsatz in Familien camping gelegt werden.<\/span><\/li>\n<li>SVBONY SV28 Zoom 20-60&#215;80 wasserdicht\u201c<\/li>\n<\/ul>\n<\/div>\n<div>\n<p class=\"detail-desc-decorate-title\" style=\"font-family: opensans; font-size: 20px; font-weight: 900; line-height: 28px; margin-bottom: 12px;\">Spezifikation:<\/p>\n<div>SVBONY SV28 Zoom 20-60&#215;80 wasserdicht\u201c<\/div>\n<p>1. Markenname: SVBONY<\/p>\n<p>2.Produkttyp: 45 Grad abgewinkelt<\/p>\n<p>3. Vergr\u00f6\u00dferung: 25x-75x<\/p>\n<p>4.Prismentyp: Porro BAK4<\/p>\n<p>5. Objektivdurchmesser: 70 mm<\/p>\n<p>6.Okulardurchmesser: 19 mm<\/p>\n<p>7.Linsenbeschichtung: FMC (A5 weinrote Beschichtung)<\/p>\n<p>8. Sichtfeld: 64-43 Fu\u00df\/1000 Yards<\/p>\n<p>9. Ausgangsrelief: 16\u201314 mm<\/p>\n<p>10. Augenmuscheltyp: Aufdrehbare Augenmuschel<\/p>\n<p>11. Naheinstellgrenze: 8 m<\/p>\n<p>12.Wasserdicht: Ja (IP65)<\/p>\n<p>13. Beschlagfrei: Ja<\/p>\n<p>14. Nettogewicht: 775 g (nur Spektiv)<\/p>\n<p class=\"detail-desc-decorate-content\" style=\"font-family: opensans; font-size: 14px; font-weight: 300; line-height: 20px; margin-bottom: 12px;\"><span style=\"font-size: 18px;\"><strong>Neuer Telefon adapter<\/strong><\/span><\/p>\n<p>\u201eSVBONY SV28 Spektiv mit Stativ f\u00fcr Vogelbeobachtung\u201c<\/p>\n<p>&nbsp;<\/p>\n<p class=\"detail-desc-decorate-content\" style=\"font-family: opensans; font-size: 14px; font-weight: 300; line-height: 20px; margin-bottom: 12px;\"><img decoding=\"async\" src=\"https:\/\/ae01.alicdn.com\/kf\/S64e6ff634acf4d949c10e65ca15a3de3Q.jpg\" \/><\/p>\n<p class=\"detail-desc-decorate-content\" style=\"font-family: opensans; font-size: 14px; font-weight: 300; line-height: 20px; margin-bottom: 12px;\">\u201eSVBONY SV28 Zoom 20-60&#215;80 wasserdicht\u201c<\/p>\n<p><strong><span class=\"a-list-item\" style=\"font-size: 18px;\">70mm gro\u00dfe Objektiv linse: leistungs starke leichte Sammel f\u00e4higkeit.<\/span><\/strong><\/p>\n<p>\u201eSVBONY SV28 Spektiv mit Stativ f\u00fcr Vogelbeobachtung\u201c<\/p>\n<\/div>\n<div><img decoding=\"async\" src=\"https:\/\/ae01.alicdn.com\/kf\/S30af6926e66e4a43a7e85ae72cc6c1bc2.jpg\" \/><\/div>\n<p><strong><span style=\"font-size: 18px;\">25\u201375 x 70 mm: Sichtfeld: 64\u201343 Fu\u00df\/1000 Yards<\/span><\/strong><\/p>\n<p>\u201eSVBONY SV28 Spektiv mit Stativ f\u00fcr Vogelbeobachtung\u201c<\/p>\n<div><img decoding=\"async\" src=\"https:\/\/ae01.alicdn.com\/kf\/Sc7f6231a116d4766819c5f7815fe027bh.jpg\" \/><\/div>\n<div class=\"detailmodule_html\">\n<div class=\"detail-desc-decorate-richtext\">\n<p class=\"MsoNormal\"><strong><span style=\"font-size: 16px; font-family: arial, helvetica, sans-serif;\">Voll mehrfach beschichtetes &amp; Bak4-Prisma mit hohem Index<\/span><\/strong><\/p>\n<p class=\"MsoNormal\"><span style=\"font-size: 16px; font-family: arial, helvetica, sans-serif;\">Die Objektiv linse fmc (Rotwein beschichtungen) sorgt f\u00fcr eine hohe Durchl\u00e4ssigkeit f\u00fcr eine hellere und klarere Blende und liefert klare, detaillierte und kontrast reiche Bilder und bietet ein leichtes Beobachtungs erlebnis bei schlechten Licht verh\u00e4ltnissen.<\/span><\/p>\n<p>\u201eSVBONY SV28 Spektiv mit Stativ f\u00fcr Vogelbeobachtung\u201c<\/p>\n<\/div>\n<\/div>\n<div><img decoding=\"async\" src=\"https:\/\/ae01.alicdn.com\/kf\/S33562b73196b47f38188659165925fb79.jpg\" \/><\/div>\n<div class=\"detailmodule_html\">\n<div class=\"detail-desc-decorate-richtext\">\n<p class=\"MsoNormal\"><span style=\"font-size: 18px; font-family: arial, helvetica, sans-serif;\"><strong>Ip65 wasserdicht:<\/strong><\/span><\/p>\n<p class=\"MsoNormal\"><span style=\"font-size: 16px; font-family: arial, helvetica, sans-serif;\">Das Spektiv ist ip65 wasserdicht und nebels icher und verhindert Feuchtigkeit und Schmutz in der Luft. Daher passt es sich auch an feuchte Umgebungs bedingungen an, wie das Beobachten von Zielen an einem nieseln den Tag.<\/span><\/p>\n<p>\u201eSVBONY SV28 Spektiv mit Stativ f\u00fcr Vogelbeobachtung\u201c<\/p>\n<\/div>\n<\/div>\n<div><img decoding=\"async\" src=\"https:\/\/ae01.alicdn.com\/kf\/S5e52e2c2def74c3aa172297ca68777e0w.jpg\" \/><\/div>\n<div><\/div>\n<div class=\"detailmodule_html\">\n<div class=\"detail-desc-decorate-richtext\">\n<p class=\"MsoNormal\"><strong><span style=\"font-size: 16px; font-family: arial, helvetica, sans-serif;\">Twist-Up-Augen muschel:<\/span><\/strong><\/p>\n<p class=\"MsoNormal\"><span style=\"font-size: 16px; font-family: arial, helvetica, sans-serif;\">Bequemer und schneller Betrieb, der Streulicht beseitigen und das Bild reiner machen kann, fixieren Sie den Handy adapter an der Twist-Up-Augen muschel, selbst wenn die Vergr\u00f6\u00dferung ge\u00e4ndert wird, die Position des Handy adapters \u00e4ndert sich nicht, was bequemer zu bedienen ist; gleichzeitig, Es ber\u00fccksicht igt die Bed\u00fcrfnisse von Menschen, die eine Brille tragen.<\/span><\/p>\n<p>SVBONY SV28 Spektiv kaufen\u201c<\/p>\n<div><img decoding=\"async\" src=\"https:\/\/ae01.alicdn.com\/kf\/S520c4131f1294ae488a2b9cc67a25d17B.jpg\" \/><\/div>\n<\/div>\n<\/div>\n<div class=\"detailmodule_html\">\n<div class=\"detail-desc-decorate-richtext\">\n<p class=\"MsoNormal\"><strong><span style=\"font-size: 16px; font-family: arial, helvetica, sans-serif;\">Standard unc 1\/4-20 mit gewinde:<\/span><\/strong><\/p>\n<p class=\"MsoNormal\"><span style=\"font-size: 16px; font-family: arial, helvetica, sans-serif;\">Die Tischs tativ schraube und der Spotting Scope Screwhole sind beide unc 4. 5-20. Montieren Sie das Spektiv und das Stativ, und die H\u00f6he erf\u00fcllt die Notwendigkeit der Beobachtung f\u00fcr eine Bauchlage. Und auch das Spektiv entspricht jedem anderen Standard unc1\/4-20 Stativ f\u00fcr einen anderen Bedarf der H\u00f6he.<\/span><\/p>\n<p>SVBONY SV28 Spektiv kaufen\u201c<\/p>\n<\/div>\n<\/div>\n<div><img decoding=\"async\" src=\"https:\/\/ae01.alicdn.com\/kf\/Scc0a0084fa7b4fd38fb28778b553ab424.jpg\" \/><\/div>\n<div class=\"detailmodule_html\">\n<div class=\"detail-desc-decorate-richtext\">\n<p class=\"MsoNormal\"><strong><span style=\"font-size: 16px; font-family: arial, helvetica, sans-serif;\">Kommt mit einem Tischs tativ &amp; einem Telefon adapter:<\/span><\/strong><\/p>\n<p class=\"MsoNormal\"><span style=\"font-size: 16px; font-family: arial, helvetica, sans-serif;\">Das aufger\u00fcstete Stativ ist mit den Gummi pads, Stabler und fester bedeckt.<\/span><\/p>\n<p class=\"MsoNormal\"><span style=\"font-size: 16px; font-family: arial, helvetica, sans-serif;\">Und hier kommt ein Telefon adapter, der die Aufnahme von Bildern oder Videos bequemer macht.<\/span><\/p>\n<p>\u201eSVBONY SV28 Zoom 20-60&#215;80 wasserdicht\u201c<\/p>\n<\/div>\n<\/div>\n<p class=\"detailmodule_image\"><img decoding=\"async\" src=\"https:\/\/ae01.alicdn.com\/kf\/S11922cf5815b4c498078b2d2758e0139p.jpg\" \/><\/p>\n<div class=\"detailmodule_html\">\n<div class=\"detail-desc-decorate-richtext\">\n<p class=\"MsoNormal\"><strong><span style=\"font-size: 16px; font-family: arial, helvetica, sans-serif;\">Portable:<\/span><\/strong><\/p>\n<p>\u201eSVBONY SV28 Zoom 20-60&#215;80 wasserdicht\u201c<\/p>\n<div style=\"width: 970px\" class=\"wp-caption alignnone\"><img loading=\"lazy\" decoding=\"async\" src=\"https:\/\/ae01.alicdn.com\/kf\/S110fdf1a42b2469ca2aa103b8c7e64e5L.jpg\" alt=\"\u201eSVBONY SV28 Spektiv mit Stativ f\u00fcr Vogelbeobachtung\u201c\" width=\"960\" height=\"960\" \/><p class=\"wp-caption-text\">\u201eSVBONY SV28 Spektiv mit Stativ f\u00fcr Vogelbeobachtung\u201c<\/p><\/div>\n<p class=\"MsoNormal\"><span style=\"font-size: 16px; font-family: arial, helvetica, sans-serif;\">Das Spektiv ist leicht und kompakt, einfach und tragbar, indem es in die Trage tasche gesteckt wird.<\/span><\/p>\n<p class=\"MsoNormal\">\u201eSVBONY SV28 Zoom 20-60&#215;80 wasserdicht\u201c<br \/>\n<img decoding=\"async\" src=\"https:\/\/ae01.alicdn.com\/kf\/Sf08229faa89e4218b7815f1fd6d2a72cy.jpg\" \/><img decoding=\"async\" src=\"https:\/\/ae01.alicdn.com\/kf\/S45cf7e7db744472eb98fb7508170b3afo.jpg\" \/><\/p>\n<p class=\"MsoNormal\">\u201eSVBONY SV28 Zoom 20-60&#215;80 wasserdicht\u201c<\/p>\n<\/div>\n<\/div>\n<h1><strong>Kunden echte Sch\u00fcsse:<\/strong><\/h1>\n<h1>\u201eSVBONY SV28 Zoom 20-60&#215;80 wasserdicht\u201c<br \/>\n<img decoding=\"async\" src=\"https:\/\/ae01.alicdn.com\/kf\/Sc767a44198ca4d88b83943a7e2dc572e1.jpg\" \/><\/h1>\n<h1>\u201eSVBONY SV28 Zoom 20-60&#215;80 wasserdicht\u201c<\/h1>\n<h1>\u201eSVBONY SV28 Spektiv kaufen\u201c<\/h1>\n<h1>\u201eSVBONY SV28 Zoom 20-60&#215;80 wasserdicht\u201c<br \/>\n<img decoding=\"async\" src=\"https:\/\/ae01.alicdn.com\/kf\/H82d0655ce91c4ff6a1429f7c45b0ed5d4.jpg\" \/><img decoding=\"async\" src=\"https:\/\/ae01.alicdn.com\/kf\/H8e2d1d246a944763841e512d544f139ei.jpg\" \/><img decoding=\"async\" src=\"https:\/\/ae01.alicdn.com\/kf\/H0ef49c41edc34459b1ce1cce3281d499T.jpg\" \/><\/h1>\n<h1>\u201eSVBONY SV28 Spektiv kaufen\u201c<br \/>\n<img loading=\"lazy\" decoding=\"async\" class=\"alignnone\" src=\"https:\/\/ae01.alicdn.com\/kf\/S7f752d8d7bf846aaadb1d19fb1993c133.jpg\" alt=\"\u201eSVBONY SV28 Spektiv kaufen\u201c \" width=\"960\" height=\"960\" \/><\/h1>\n<h1>\u201eSVBONY SV28 Zoom 20-60&#215;80 wasserdicht\u201c<br \/>\n<strong>FAQ<\/strong><\/h1>\n<p><span style=\"font-size: 18px;\">Q1: Wie gro\u00df ist der Okulardurchmesser des SVBONY SV28\/SV28PLUS? <\/span><\/p>\n<p><span style=\"font-size: 18px;\">A1: Der Okulardurchmesser betr\u00e4gt 15 mm.<\/span><\/p>\n<h1><span style=\"font-size: 18px;\">2: Wie gro\u00df ist der Objektivdurchmesser des SVBONY SV28\/SV28PLUS? <\/span><\/h1>\n<p><span style=\"font-size: 18px;\">A2: Der Objektivdurchmesser betr\u00e4gt 70 mm.<\/span><\/p>\n<h1><span style=\"font-size: 18px;\">3: Wenn sich im Okular des SVBONY SV28\/SV28PLUS Fremdk\u00f6rper wie Haare oder F\u00e4den befinden, kann ich das Okular auf irgendeine Weise abschrauben und die R\u00fcckst\u00e4nde entfernen? <\/span><\/h1>\n<p><span style=\"font-size: 18px;\">A3: Es wird nicht empfohlen, es zu zerlegen, da sonst Staub eindringen kann.<\/span><\/p>\n<h1><span style=\"font-size: 18px;\">4: Kann SVBONY SV28 mit der Astrokamera SC001 von SVBONY verwendet werden? <\/span><\/h1>\n<p><span style=\"font-size: 18px;\">4: SVBONY SV28 muss mit einem Monokular-Teleskopadapter f\u00fcr D41,05 mm und M42*0,75 bis 1,25 Zoll Koaxialverriegelung ausgestattet sein.<\/span><\/p>\n<h1><span style=\"font-size: 18px;\">5: Kann SVBONY SV28 mit einer Barlow-Linse kombiniert werden? <\/span><\/h1>\n<p><span style=\"font-size: 18px;\">5: Nein.<\/span><\/p>\n<div><\/div>\n<p><span style=\"font-size: 18px;\">F6: Welche Einsatzszenarien gibt es f\u00fcr SV28\/SV28PLUS?<\/span><\/p>\n<p>&nbsp;<\/p>\n<p><span style=\"font-size: 18px;\">A6: Das SV28 PLUS 25-75x70mm-Sichtungsfernrohr wurde speziell f\u00fcr Anf\u00e4nger zum Beobachten von Zielen entwickelt und l\u00e4sst sich leicht auf den Fokus einstellen und die Vergr\u00f6\u00dferung \u00e4ndern. Dar\u00fcber hinaus eignet sich dieses Beobachtungsfernrohr besser f\u00fcr die Vogelbeobachtung und Mondbeobachtung mit hoher Vergr\u00f6\u00dferung.<\/span><\/p>\n<p>\u201eSVBONY SV28 Zoom 20-60&#215;80 wasserdicht\u201c<br \/>\n<img decoding=\"async\" src=\"https:\/\/ae01.alicdn.com\/kf\/S1f7d0a1c60804f0ab6c7c714e933d077u.jpg\" \/><\/p>\n<p>&nbsp;<\/p>\n<\/div>\n<\/div>\n<p>&nbsp;<\/p>","protected":false},"excerpt":{"rendered":"<p>\u201eSVBONY SV28 Spektiv kaufen | Zoom 20-60&#215;80 wasserdicht mit Stativ \u2013 ideal f\u00fcr Vogelbeobachtung, Jagd, Camping &amp; Outdoor\u00a0Abenteuer.\u201c<\/p>","protected":false},"featured_media":59019,"comment_status":"open","ping_status":"closed","template":"","meta":[],"product_brand":[],"product_cat":[422],"product_tag":[],"class_list":{"0":"post-59348","1":"product","2":"type-product","3":"status-publish","4":"has-post-thumbnail","6":"product_cat-sonderangebot","8":"first","9":"instock","10":"taxable","11":"shipping-taxable","12":"purchasable","13":"product-type-variable"},"_links":{"self":[{"href":"https:\/\/outletlite.com\/en\/wp-json\/wp\/v2\/product\/59348","targetHints":{"allow":["GET"]}}],"collection":[{"href":"https:\/\/outletlite.com\/en\/wp-json\/wp\/v2\/product"}],"about":[{"href":"https:\/\/outletlite.com\/en\/wp-json\/wp\/v2\/types\/product"}],"replies":[{"embeddable":true,"href":"https:\/\/outletlite.com\/en\/wp-json\/wp\/v2\/comments?post=59348"}],"wp:featuredmedia":[{"embeddable":true,"href":"https:\/\/outletlite.com\/en\/wp-json\/wp\/v2\/media\/59019"}],"wp:attachment":[{"href":"https:\/\/outletlite.com\/en\/wp-json\/wp\/v2\/media?parent=59348"}],"wp:term":[{"taxonomy":"product_brand","embeddable":true,"href":"https:\/\/outletlite.com\/en\/wp-json\/wp\/v2\/product_brand?post=59348"},{"taxonomy":"product_cat","embeddable":true,"href":"https:\/\/outletlite.com\/en\/wp-json\/wp\/v2\/product_cat?post=59348"},{"taxonomy":"product_tag","embeddable":true,"href":"https:\/\/outletlite.com\/en\/wp-json\/wp\/v2\/product_tag?post=59348"}],"curies":[{"name":"wp","href":"https:\/\/api.w.org\/{rel}","templated":true}]}}