{"id":59042,"date":"2025-09-20T22:56:12","date_gmt":"2025-09-20T22:56:12","guid":{"rendered":"https:\/\/outletlite.com\/?post_type=product&#038;p=59042"},"modified":"2026-04-26T02:05:51","modified_gmt":"2026-04-26T02:05:51","slug":"thermo-etikettendrucker","status":"publish","type":"product","link":"https:\/\/outletlite.com\/en\/product\/thermo-etikettendrucker\/","title":{"rendered":"Premium Thermo-Etikettendrucker \u2013 300 DPI Bluetooth | OutletLite"},"content":{"rendered":"<h1 style=\"text-align: center;\">SPECIFICATIONS<\/h1>\n<p style=\"text-align: center;\">\n<p style=\"text-align: center;\">Battery Included: <span style=\"color: #333;\">no<\/span><\/p>\n<p style=\"text-align: center;\">Black Print Speed: <span style=\"color: #333;\">150 mm\/s \/ 6 ips<\/span><\/p>\n<p style=\"text-align: center;\">Brand Name: <span style=\"color: #333;\">VEVOR<\/span><\/p>\n<p style=\"text-align: center;\">Certification: <span style=\"color: #333;\">CER<\/span><\/p>\n<p style=\"text-align: center;\">Color Print Speed: <span style=\"color: #333;\">150 mm\/s \/ 6 ips<\/span><\/p>\n<p style=\"text-align: center;\">Consumable Type: <span style=\"color: #333;\">Thermisches Papier<\/span><\/p>\n<p style=\"text-align: center;\">Double-sided Printing: <span style=\"color: #333;\">Nein<\/span><\/p>\n<p style=\"text-align: center;\">Hign-concerned Chemical: <span style=\"color: #333;\">Keiner<\/span><\/p>\n<p style=\"text-align: center;\">Interface Type: <span style=\"color: #333;\">bluetooth<\/span><\/p>\n<p style=\"text-align: center;\">Max Paper Size: <span style=\"color: #333;\">\/<\/span><\/p>\n<p style=\"text-align: center;\">Max. Resolution: <span style=\"color: #333;\">300dpi<\/span><\/p>\n<p style=\"text-align: center;\">Origin: <span style=\"color: #333;\">CN (Herkunft)<\/span><\/p>\n<p style=\"text-align: center;\">Paper Feed Mode: <span style=\"color: #333;\">Automatic and manual<\/span><\/p>\n<p style=\"text-align: center;\">Print Speed: <span style=\"color: #333;\">10ppm<\/span><\/p>\n<p style=\"text-align: center;\">Signal Connection Type: <span style=\"color: #333;\">Bluetooth<\/span><\/p>\n<p style=\"text-align: center;\">Supports Network Printing: <span style=\"color: #333;\">Verdrahtet<\/span><\/p>\n<p style=\"text-align: center;\">Type: <span style=\"color: #333;\">Thermal Printer,Thermal Label Printer<\/span><\/p>\n<p style=\"text-align: center;\">Use: <span style=\"color: #333;\">Label Maker<\/span><\/p>\n<p style=\"text-align: center;\">Weight: <span style=\"color: #333;\">1.5kg<\/span><\/p>\n<div class=\"detailmodule_html\">\n<div class=\"detail-desc-decorate-richtext\">\n<div class=\"detailmodule_html\">\n<div class=\"detail-desc-decorate-richtext\">\n<div style=\"padding: 20px;\">\n<div class=\"detailmodule_html\">\n<div class=\"detail-desc-decorate-richtext\">\n<div style=\"text-align: center;\" align=\"center\"><span style=\"font-size: 18px; font-family: Arial;\"><strong id=\"tl_1\">Bluetooth-Thermoetikettendrucker<\/strong><\/span><\/div>\n<div style=\"text-align: center;\" align=\"center\">\n<\/div>\n<div style=\"text-align: center;\" align=\"center\"><span id=\"tl_2\" style=\"font-size: 14px; font-family: Arial;\">Dank der verbesserten drahtlosen Bluetooth-Technologie l\u00e4sst sich unser Thermo-Etikettendrucker einfach mit Ihrem Mobiltelefon steuern.Unterst\u00fctzung f\u00fcr IOS, Android, Windows, Mac OS, Linux und Chromebook.<\/span><\/div>\n<div style=\"text-align: center;\" align=\"center\"><\/div>\n<div style=\"text-align: center;\" align=\"center\"><span id=\"tl_3\" style=\"font-size: 14px; font-family: arial, helvetica, sans-serif;\">Die hohe Aufl\u00f6sung von 300 dpi stellt sicher, dass der Inhalt jedes Tags sichtbar und leicht zu scannen und zu lesen ist.Geeignet f\u00fcr Gesch\u00e4ftsb\u00fcros, Express, Gesch\u00e4fte, Lagerh\u00e4user und andere Orte.<\/span><\/div>\n<div style=\"text-align: center;\" align=\"center\"><\/div>\n<div style=\"text-align: center;\" align=\"center\"><span id=\"tl_4\" style=\"font-size: 14px; font-family: arial, helvetica, sans-serif;\">Dieser Postetikettendrucker kann die Gr\u00f6\u00dfe erkennen und die Position Ihres Etiketts automatisch lokalisieren.Keine Abweichung, keine Spannseiten, wodurch mehr Papiere gespart werden.<\/span><\/div>\n<div style=\"text-align: center;\" align=\"center\">\n<\/div>\n<div style=\"text-align: center;\" align=\"center\"><span id=\"tl_5\" style=\"font-size: 14px; font-family: arial, helvetica, sans-serif;\">Druckgeschwindigkeit: 150 mm\/s (6 St\u00fcck).Dieser Thermodrucker kann Ihre Druckzeit verk\u00fcrzen und Ihre Arbeitseffizienz verbessern.\u201eUnterst\u00fctzt Etikettenbreiten: 1,57\u201c \u2013 4,25\u201c\/40 \u2013 108 mm.\u201c<\/span><\/div>\n<div align=\"center\">\n<\/div>\n<div style=\"padding: 20px;\">\n<div><\/div>\n<div>\n<div id=\"tl_6\" style=\"font-size: 16px; font-weight: bold; line-height: 36px; text-align: center;\">Merkmale und Details<\/div>\n<ul style=\"font-size: 14px; padding-left: 40px;\">\n<li>\n<p id=\"tl_7\">Drahtlose Bluetooth-Konnektivit\u00e4t. Beseitigen Sie den \u00c4rger mit Kabeln und genie\u00dfen Sie die Bluetooth-Freiheit mit diesem Thermoetikettendrucker.Im Gegensatz zu herk\u00f6mmlichen Druckern, nur USB, bietet es Konnektivit\u00e4t \u00fcber Bluetooth oder USB und ist somit mit iOS, Android, Windows, Mac OS, Linux und Chromebook kompatibel.Befolgen Sie einfach die Einrichtungsanweisungen, um den Einstieg zu beginnen.<\/p>\n<\/li>\n<li>\n<p id=\"tl_8\">Hochgeschwindigkeitsdruck mit 150 mm\/s. Steigern Sie Ihre Produktivit\u00e4t mit Hochgeschwindigkeitsdruckfunktionen von 150 mm\/s (6 St\u00fcck).\u201eDieser Drucker kann bis zu 3.600 4&#215;6 Etiketten pro Stunde herstellen und bietet Platz f\u00fcr eine Vielzahl von Etikettengr\u00f6\u00dfen von 1,57 bis 4,25 Zoll (40\u2013108 mm).\u201cPerfekt f\u00fcr alles, vom Versandetiketten \u00fcber Barcodes, Ausweise und mehr.<\/p>\n<\/li>\n<li>\n<p id=\"tl_9\">Klarer und gleichm\u00e4\u00dfiger 300DPI-Druckerlebnis Erleben Sie erstklassige Druckqualit\u00e4t, ohne dass Tinte oder Toner erforderlich sind.Mit einer Aufl\u00f6sung von 300 DPI stellt dieser Thermodrucker sicher, dass selbst kleinste Text und Barcodes scharf und gut lesbar sind.Dank des fortschrittlichen ROHM-Thermodruckkopfes k\u00f6nnen Sie sich auf einen stabilen, stippenfreien Druck verlassen.<\/p>\n<\/li>\n<li>\n<p id=\"tl_10\">Automatische Etiketterkennung Dieser Desktop-Drucker vereinfacht Ihren Arbeitsablauf, indem er automatisch Etiketten erkennt und zugef\u00fchrt, sobald Sie den Deckel schlie\u00dfen und das Papier einlegen.Es verf\u00fcgt au\u00dferdem \u00fcber eine automatische Papierr\u00fcckgabefunktion, um eine Verschwendung falsch ausgerichteter Etiketten zu vermeiden.<\/p>\n<\/li>\n<li>\n<p id=\"tl_11\">Unterst\u00fctzung f\u00fcr mehrere Plattformen Dieser Etikettendrucker ist auf Vielseitigkeit ausgelegt und mit einer Vielzahl von E-Commerce- und Versandplattformen kompatibel, darunter Amazon, eBay, Shopify, PayPal, Etsy, UPS, FedEx und mehr. Optimieren Sie Ihre Gesch\u00e4ftsbetriebnahme und steigern Sie Ihre Effizienz mit nahtloser Integration.<\/p>\n<\/li>\n<\/ul>\n<\/div>\n<\/div>\n<div><\/div>\n<\/div>\n<\/div>\n<\/div>\n<\/div>\n<\/div>\n<p>&nbsp;<\/p>\n<\/div>\n<\/div>","protected":false},"excerpt":{"rendered":"<p>SPECIFICATIONS Battery Included: no Black Print Speed: 150 mm\/s \/ 6 ips Brand Name: VEVOR Certification: CER Color Print Speed:<\/p>","protected":false},"featured_media":58978,"comment_status":"closed","ping_status":"closed","template":"","meta":[],"product_brand":[],"product_cat":[422],"product_tag":[3607,3609,3606,3605,3608],"class_list":{"0":"post-59042","1":"product","2":"type-product","3":"status-publish","4":"has-post-thumbnail","6":"product_cat-sonderangebot","7":"product_tag-300-dpi-drucker","8":"product_tag-barcode-drucker","9":"product_tag-etikettendrucker-bluetooth","10":"product_tag-thermo-etikettendrucker","11":"product_tag-versandetiketten","13":"first","14":"instock","15":"taxable","16":"shipping-taxable","17":"purchasable","18":"product-type-variable"},"_links":{"self":[{"href":"https:\/\/outletlite.com\/en\/wp-json\/wp\/v2\/product\/59042","targetHints":{"allow":["GET"]}}],"collection":[{"href":"https:\/\/outletlite.com\/en\/wp-json\/wp\/v2\/product"}],"about":[{"href":"https:\/\/outletlite.com\/en\/wp-json\/wp\/v2\/types\/product"}],"replies":[{"embeddable":true,"href":"https:\/\/outletlite.com\/en\/wp-json\/wp\/v2\/comments?post=59042"}],"wp:featuredmedia":[{"embeddable":true,"href":"https:\/\/outletlite.com\/en\/wp-json\/wp\/v2\/media\/58978"}],"wp:attachment":[{"href":"https:\/\/outletlite.com\/en\/wp-json\/wp\/v2\/media?parent=59042"}],"wp:term":[{"taxonomy":"product_brand","embeddable":true,"href":"https:\/\/outletlite.com\/en\/wp-json\/wp\/v2\/product_brand?post=59042"},{"taxonomy":"product_cat","embeddable":true,"href":"https:\/\/outletlite.com\/en\/wp-json\/wp\/v2\/product_cat?post=59042"},{"taxonomy":"product_tag","embeddable":true,"href":"https:\/\/outletlite.com\/en\/wp-json\/wp\/v2\/product_tag?post=59042"}],"curies":[{"name":"wp","href":"https:\/\/api.w.org\/{rel}","templated":true}]}}