{"id":58752,"date":"2025-09-15T15:41:50","date_gmt":"2025-09-15T15:41:50","guid":{"rendered":"https:\/\/outletlite.com\/product\/universal-buerste\/"},"modified":"2025-10-02T22:02:31","modified_gmt":"2025-10-02T22:02:31","slug":"universal-buerste","status":"publish","type":"product","link":"https:\/\/outletlite.com\/en\/product\/universal-buerste\/","title":{"rendered":"Universal B\u00fcrste"},"content":{"rendered":"<p><span>Langer Rohrreiniger f\u00fcr Auto: Die Gesamtl\u00e4nge des langen Rohrreinigers ist &#8222;(220cm), Durchmesser 5mm &amp; 10mm.Praktisches Design kann verwendet werden, um die engen Rohre zu reinigen, die schwer zu erreichen sind. Die B\u00fcrste ist sehr flexibel und kann gebogen werden. Dredge Tool: Die Rohrreinigungsb\u00fcrste am anderen Ende ist aus rostfreiem Edelstahl und langlebigen Nylon-Rotationsborsten. Weich und hohe Z\u00e4higkeit, es b\u00fcrstet sanft Ablagerungen weg, ohne den weichen Gummi Dachfensterschlauch zu besch\u00e4digen oder zu zerkratzen, kann f\u00fcr eine lange Zeit wiederverwendet werden. Die beidseitigen B\u00fcrsten habe unterschiedliche Durchmesser, einmal 5mm und einmal 10mm. Einsatzgebiete: Das Dachfensterabfluss-Reinigungswerkzeug kann verwendet werden, um die Abfl\u00fcsse von Autod\u00e4chern, T\u00fcrabflussl\u00f6chern, Kraftstofftank Abflussl\u00f6chern, K\u00fchlschrankabflussrohren, , Filtersystemen, dekorativen Teilen, Glasschl\u00e4uchen\/-rohren und Wasserpumpenzubeh\u00f6r usw. zu reinigen. Abgestorbene \u00c4ste und Bl\u00e4tter k\u00f6nnen den Abfluss leicht verstopfen, und wenn sie lange Zeit nicht gereinigt werden, f\u00fchrt dies zu einem undichten Schiebedach. Unsere verbesserte Abflussb\u00fcrste behebt Lecks und beseitigt Ger\u00fcche, die durch Verstopfungen verursacht werden. Wenn Sie Fragen haben oder Probleme auftreten, kontaktieren Sie uns bitte!<\/span><\/p>","protected":false},"excerpt":{"rendered":"<p><\/p>","protected":false},"featured_media":58759,"comment_status":"open","ping_status":"closed","template":"","meta":[],"product_brand":[],"product_cat":[399,405,393,407],"product_tag":[3555,714,3558,3557,3554,1026,3556],"class_list":{"0":"post-58752","1":"product","2":"type-product","3":"status-publish","4":"has-post-thumbnail","6":"product_cat-automobilindustrie","7":"product_cat-gartengeraete","8":"product_cat-haushaltsgeraete","9":"product_cat-werkzeuge-heimwerkerbedarf","10":"product_tag-ablauf","11":"product_tag-auto","12":"product_tag-kuehlschrank","13":"product_tag-rinne","14":"product_tag-schiebedach","15":"product_tag-tank","16":"product_tag-universal","17":"product_shipping_class-de-local","19":"first","20":"instock","21":"sale","22":"sold-individually","23":"taxable","24":"shipping-taxable","25":"purchasable","26":"product-type-simple"},"_links":{"self":[{"href":"https:\/\/outletlite.com\/en\/wp-json\/wp\/v2\/product\/58752","targetHints":{"allow":["GET"]}}],"collection":[{"href":"https:\/\/outletlite.com\/en\/wp-json\/wp\/v2\/product"}],"about":[{"href":"https:\/\/outletlite.com\/en\/wp-json\/wp\/v2\/types\/product"}],"replies":[{"embeddable":true,"href":"https:\/\/outletlite.com\/en\/wp-json\/wp\/v2\/comments?post=58752"}],"wp:featuredmedia":[{"embeddable":true,"href":"https:\/\/outletlite.com\/en\/wp-json\/wp\/v2\/media\/58759"}],"wp:attachment":[{"href":"https:\/\/outletlite.com\/en\/wp-json\/wp\/v2\/media?parent=58752"}],"wp:term":[{"taxonomy":"product_brand","embeddable":true,"href":"https:\/\/outletlite.com\/en\/wp-json\/wp\/v2\/product_brand?post=58752"},{"taxonomy":"product_cat","embeddable":true,"href":"https:\/\/outletlite.com\/en\/wp-json\/wp\/v2\/product_cat?post=58752"},{"taxonomy":"product_tag","embeddable":true,"href":"https:\/\/outletlite.com\/en\/wp-json\/wp\/v2\/product_tag?post=58752"}],"curies":[{"name":"wp","href":"https:\/\/api.w.org\/{rel}","templated":true}]}}