{"id":58210,"date":"2025-07-15T12:50:44","date_gmt":"2025-07-15T12:50:44","guid":{"rendered":"https:\/\/outletlite.com\/?post_type=product&#038;p=58210"},"modified":"2025-07-18T09:57:41","modified_gmt":"2025-07-18T09:57:41","slug":"ativafit-hula-hoop-reifen","status":"publish","type":"product","link":"https:\/\/outletlite.com\/en\/product\/ativafit-hula-hoop-reifen\/","title":{"rendered":"Ativafit Hula Hoop Reifen \u2013 Fitnessreifen abnehmbar f\u00fcr Erwachsene | Fettverbrennung &#038; K\u00f6rperstraffung"},"content":{"rendered":"<h2 data-start=\"77\" data-end=\"183\"><strong data-start=\"77\" data-end=\"183\">Ativafit Hula Hoop Reifen \u2013 Fitnessreifen abnehmbar f\u00fcr Erwachsene | Fettverbrennung &amp; K\u00f6rperstraffung<\/strong><\/h2>\n<p data-start=\"404\" data-end=\"542\"><strong data-start=\"404\" data-end=\"465\">Ativafit Hula Hoop Reifen \u2013 Ihr kompakter Fitness-Partner<\/strong><br data-start=\"465\" data-end=\"468\" \/><span class=\"relative -mx-px my-[-0.2rem] rounded px-px py-[0.2rem] transition-colors duration-100 ease-in-out\">Entdecken Sie mit dem <strong data-start=\"22\" data-end=\"51\">Ativafit Hula Hoop Reifen<\/strong> eine moderne, einfache und effektive Art, Ihren K\u00f6rper zu trainieren \u2013 ob zu Hause, im Fitnessstudio oder unterwegs. Dieser hochwertige <strong data-start=\"188\" data-end=\"231\">abnehmbare Fitnessreifen f\u00fcr Erwachsene<\/strong>, mit weicher Schaumstoffoberfl\u00e4che und acht flexiblen Segmenten (\u00d8 ca. 95\u202fcm), l\u00e4sst sich schnell zusammenstecken oder auseinandernehmen \u2013 ganz <strong data-start=\"376\" data-end=\"393\">ohne Werkzeug<\/strong><\/span><\/p>\n<hr data-start=\"544\" data-end=\"547\" \/>\n<h3 data-start=\"549\" data-end=\"600\">\ud83c\udfc3\u200d\u2640\ufe0f <strong data-start=\"559\" data-end=\"600\">Effektives Training &amp; Fettverbrennung<\/strong><\/h3>\n<ul data-start=\"602\" data-end=\"681\">\n<li data-start=\"602\" data-end=\"641\">\n<p data-start=\"604\" data-end=\"641\"><span class=\"relative -mx-px my-[-0.2rem] rounded px-px py-[0.2rem] transition-colors duration-100 ease-in-out\"><strong data-start=\"0\" data-end=\"22\" data-is-only-node=\"\">Ganzk\u00f6rpertraining<\/strong>, das Spa\u00df macht: Beim Kreisen um die Taille aktivieren Sie nicht nur Bauch und Rumpf, sondern auch R\u00fccken, Beine und Po \u2013 ideal gegen <strong data-start=\"157\" data-end=\"191\">Sitzalltag und Bewegungsmangel<\/strong>, da es die Koordination und Ausdauer f\u00f6rdert.<\/span><\/p>\n<\/li>\n<li data-start=\"642\" data-end=\"681\">\n<p data-start=\"644\" data-end=\"681\"><span class=\"relative -mx-px my-[-0.2rem] rounded px-px py-[0.2rem] transition-colors duration-100 ease-in-out\">Unterst\u00fctzt die <strong data-start=\"16\" data-end=\"35\">Fettverbrennung<\/strong> bei regelm\u00e4\u00dfiger Anwendung und kann helfen, <strong data-start=\"80\" data-end=\"106\">Kalorien zu verbrennen<\/strong> \u2013 optimal f\u00fcr alle, die ihre <strong data-start=\"136\" data-end=\"160\">K\u00f6rpermitte straffen<\/strong> m\u00f6chten, ohne ins Fitnessstudio zu m\u00fcssen.<\/span><\/p>\n<\/li>\n<\/ul>\n<hr data-start=\"683\" data-end=\"686\" \/>\n<h3 data-start=\"688\" data-end=\"730\">\ud83d\udd27 <strong data-start=\"695\" data-end=\"730\">Leicht, portabel &amp; platzsparend<\/strong><\/h3>\n<ul data-start=\"732\" data-end=\"890\">\n<li data-start=\"732\" data-end=\"771\">\n<p data-start=\"734\" data-end=\"771\"><span class=\"relative -mx-px my-[-0.2rem] rounded px-px py-[0.2rem] transition-colors duration-100 ease-in-out\">Dank der <strong data-start=\"9\" data-end=\"32\">8-teiligen Bauweise<\/strong> und dem <strong data-start=\"41\" data-end=\"63\">Schaumstoff\u00fcberzug<\/strong> ist dieses Modell zudem <strong data-start=\"88\" data-end=\"116\">leicht und reisegeeignet<\/strong>, perfekt auch f\u00fcr unterwegs oder das Training im Garten.<\/span><\/p>\n<\/li>\n<li data-start=\"772\" data-end=\"811\">\n<p data-start=\"774\" data-end=\"811\"><span class=\"relative -mx-px my-[-0.2rem] rounded px-px py-[0.2rem] transition-colors duration-100 ease-in-out\"><strong data-start=\"0\" data-end=\"36\" data-is-only-node=\"\">Platzsparend in der Aufbewahrung<\/strong>, ideal f\u00fcr kleine Wohnungen.<\/span><\/p>\n<\/li>\n<li data-start=\"812\" data-end=\"890\">\n<p data-start=\"814\" data-end=\"890\"><span class=\"relative -mx-px my-[-0.2rem] rounded px-px py-[0.2rem] transition-colors duration-100 ease-in-out\"><em data-start=\"0\" data-end=\"25\" data-is-only-node=\"\">Zusammenbau in Sekunden<\/em>, keine Werkzeuge notwendig \u2013 ideal auch f\u00fcr Anf\u00e4nger oder als Geschenk f\u00fcr Sportbegeisterte.<\/span><span class=\"\" data-state=\"closed\"><span class=\"ms-1 inline-flex max-w-full items-center relative top-[-0.094rem] animate-[show_150ms_ease-in]\"><a class=\"flex h-4.5 overflow-hidden rounded-xl px-2 text-[9px] font-medium text-token-text-secondary! bg-[#F4F4F4]! dark:bg-[#303030]! transition-colors duration-150 ease-in-out\" href=\"https:\/\/www.kleinanzeigen.de\/s-anzeige\/ativafit-hula-hoop-reifen-abnehmbarer-fitnessreifen-fuer-erwachs\/3126791087-230-626?utm_source=chatgpt.com\" target=\"_blank\" rel=\"noopener\"><span class=\"relative start-0 bottom-0 flex h-full w-full items-center\"><span class=\"flex h-4 w-full items-center justify-between overflow-hidden\"><span class=\"max-w-full grow truncate overflow-hidden text-center\">Kleinanzeigen<\/span><\/span><\/span><\/a><\/span><\/span><\/p>\n<\/li>\n<\/ul>\n<hr data-start=\"892\" data-end=\"895\" \/>\n<h3 data-start=\"897\" data-end=\"927\">\ud83d\ude0a <strong data-start=\"904\" data-end=\"927\">Komfort &amp; Anwendung<\/strong><\/h3>\n<ul data-start=\"929\" data-end=\"1012\">\n<li data-start=\"929\" data-end=\"970\">\n<p data-start=\"931\" data-end=\"970\"><span class=\"relative -mx-px my-[-0.2rem] rounded px-px py-[0.2rem] transition-colors duration-100 ease-in-out\"><strong data-start=\"0\" data-end=\"21\" data-is-only-node=\"\">Weiche Polsterung<\/strong> verhindert Druckstellen, Scheuern oder Schmerzen \u2013 das Training bleibt angenehm, auch bei l\u00e4ngeren Sessions.<\/span><\/p>\n<\/li>\n<li data-start=\"971\" data-end=\"1012\">\n<p data-start=\"973\" data-end=\"1012\"><span class=\"relative -mx-px my-[-0.2rem] rounded px-px py-[0.2rem] transition-colors duration-100 ease-in-out\"><strong data-start=\"0\" data-end=\"25\" data-is-only-node=\"\">Individuell anpassbar<\/strong> durch flexible Segmentzahl \u2013 nutzen Sie alle acht Teile f\u00fcr maximalen Durchmesser oder weniger, wenn Sie Gr\u00f6\u00dfe und Widerstand anpassen m\u00f6chten.<\/span><\/p>\n<\/li>\n<\/ul>\n<hr data-start=\"1014\" data-end=\"1017\" \/>\n<h3 data-start=\"1019\" data-end=\"1050\">\ud83c\udf81 <strong data-start=\"1026\" data-end=\"1050\">Perfekt als Geschenk<\/strong><\/h3>\n<p data-start=\"1052\" data-end=\"1130\"><span class=\"relative -mx-px my-[-0.2rem] rounded px-px py-[0.2rem] transition-colors duration-100 ease-in-out\">Dieses durchdachte Fitnessger\u00e4t eignet sich ideal als <strong data-start=\"54\" data-end=\"66\">Geschenk<\/strong> f\u00fcr Familie, Freunde oder Fitnessfans \u2013 kombinierbar mit Online-Trainings oder als Einstieg in ein aktiveres Leben.<\/span><\/p>\n<hr data-start=\"1132\" data-end=\"1135\" \/>\n<h3 data-start=\"1137\" data-end=\"1176\">\ud83d\udccc <strong data-start=\"1144\" data-end=\"1176\">Zus\u00e4tzliche Vorteile &amp; Fazit<\/strong><\/h3>\n<div class=\"_tableContainer_80l1q_1\">\n<div class=\"_tableWrapper_80l1q_14 group flex w-fit flex-col-reverse\" tabindex=\"-1\">\n<table class=\"w-fit min-w-(--thread-content-width)\" data-start=\"1178\" data-end=\"1711\">\n<thead data-start=\"1178\" data-end=\"1204\">\n<tr data-start=\"1178\" data-end=\"1204\">\n<th data-start=\"1178\" data-end=\"1188\" data-col-size=\"sm\">Vorteil<\/th>\n<th data-start=\"1188\" data-end=\"1204\" data-col-size=\"md\">Beschreibung<\/th>\n<\/tr>\n<\/thead>\n<tbody data-start=\"1230\" data-end=\"1711\">\n<tr data-start=\"1230\" data-end=\"1322\">\n<td data-start=\"1230\" data-end=\"1255\" data-col-size=\"sm\"><strong data-start=\"1232\" data-end=\"1254\">Ganzk\u00f6rpertraining<\/strong><\/td>\n<td data-start=\"1255\" data-end=\"1322\" data-col-size=\"md\">Aktiviert verschiedene Muskelgruppen \u2013 Bauch, R\u00fccken, Beine, Po<\/td>\n<\/tr>\n<tr data-start=\"1323\" data-end=\"1409\">\n<td data-start=\"1323\" data-end=\"1348\" data-col-size=\"sm\"><strong data-start=\"1325\" data-end=\"1347\">Schaumstoffkomfort<\/strong><\/td>\n<td data-col-size=\"md\" data-start=\"1348\" data-end=\"1409\">Weiche Oberfl\u00e4che, angenehmes Training ohne Hautreizungen<\/td>\n<\/tr>\n<tr data-start=\"1410\" data-end=\"1490\">\n<td data-start=\"1410\" data-end=\"1433\" data-col-size=\"sm\"><strong data-start=\"1412\" data-end=\"1432\">Einfache Nutzung<\/strong><\/td>\n<td data-start=\"1433\" data-end=\"1490\" data-col-size=\"md\">Kein Werkzeug, schneller Zusammen- und Auseinanderbau<\/td>\n<\/tr>\n<tr data-start=\"1491\" data-end=\"1558\">\n<td data-start=\"1491\" data-end=\"1506\" data-col-size=\"sm\"><strong data-start=\"1493\" data-end=\"1505\">Flexibel<\/strong><\/td>\n<td data-start=\"1506\" data-end=\"1558\" data-col-size=\"md\">An die K\u00f6rpergr\u00f6\u00dfe und Trainingsniveau anpassbar<\/td>\n<\/tr>\n<tr data-start=\"1559\" data-end=\"1624\">\n<td data-start=\"1559\" data-end=\"1582\" data-col-size=\"sm\"><strong data-start=\"1561\" data-end=\"1581\">Mobiles Training<\/strong><\/td>\n<td data-col-size=\"md\" data-start=\"1582\" data-end=\"1624\">Ideal f\u00fcr zuhause, B\u00fcro oder unterwegs<\/td>\n<\/tr>\n<tr data-start=\"1625\" data-end=\"1711\">\n<td data-start=\"1625\" data-end=\"1664\" data-col-size=\"sm\"><strong data-start=\"1627\" data-end=\"1663\">Motivierend &amp; Alltags-kompatibel<\/strong><\/td>\n<td data-start=\"1664\" data-end=\"1711\" data-col-size=\"md\">L\u00e4sst sich leicht in den Alltag integrieren<\/td>\n<\/tr>\n<\/tbody>\n<\/table>\n<div class=\"sticky end-(--thread-content-margin) h-0 self-end select-none\">\n<div class=\"absolute end-0 flex items-end\"><\/div>\n<\/div>\n<\/div>\n<\/div>\n<p data-start=\"1713\" data-end=\"1976\">Durch seine <strong data-start=\"1725\" data-end=\"1777\">leichte Bauweise zusammen mit kompakter Lagerung<\/strong> ist der Reifen ein cleveres Tool f\u00fcr alle, die <strong data-start=\"1825\" data-end=\"1870\">ohne gro\u00dfen Aufwand ihre Fitness steigern<\/strong> wollen. Gerade wer wenig Platz hat oder viel unterwegs ist, findet hier eine besonders praktische L\u00f6sung.<\/p>\n<p data-start=\"1978\" data-end=\"2154\">Beim <strong data-start=\"1983\" data-end=\"2012\">Ativafit Hula Hoop Reifen<\/strong> profitieren Sie von einem funktionalen, bequem nutzbaren und \u00e4sthetisch dezenten Trainingsger\u00e4t, das vielf\u00e4ltige Einsatzm\u00f6glichkeiten bietet.<\/p>\n<hr data-start=\"2156\" data-end=\"2159\" \/>\n<h3 data-start=\"2161\" data-end=\"2176\">\u2705 <strong data-start=\"2167\" data-end=\"2176\">Fazit<\/strong><\/h3>\n<p data-start=\"2178\" data-end=\"2579\">Der <strong data-start=\"2182\" data-end=\"2211\">Ativafit Hula Hoop Reifen<\/strong> ist eine <strong data-start=\"2221\" data-end=\"2279\">schlaue Kombination aus Fitness, Komfort und Mobilit\u00e4t<\/strong>. Ideal f\u00fcr Anf\u00e4nger und alle, die <strong data-start=\"2314\" data-end=\"2333\">K\u00f6rperstraffung<\/strong>, <strong data-start=\"2335\" data-end=\"2354\">Fettverbrennung<\/strong> und <strong data-start=\"2359\" data-end=\"2381\">Ganzk\u00f6rpertraining<\/strong> ohne gro\u00dfen Aufwand realisieren m\u00f6chten. Moderne Bauweise, weicher Schaumstoff und schneller Zusammenbau zeichnen ihn aus \u2013 <strong data-start=\"2506\" data-end=\"2578\">ein ideales Geschenk oder Einstieg in regelm\u00e4\u00dfige Bewegung im Alltag<\/strong>!<\/p>\n","protected":false},"excerpt":{"rendered":"<p data-start=\"235\" data-end=\"272\"><span class=\"relative -mx-px my-[-0.2rem] rounded px-px py-[0.2rem] transition-colors duration-100 ease-in-out\">Erleben Sie effektives Ganzk\u00f6rpertraining mit dem <strong data-start=\"50\" data-end=\"79\">Ativafit Hula Hoop Reifen<\/strong>, abnehmbar und platzsparend \u2013 ideal f\u00fcr Erwachsene, zuhause oder unterwegs. Perfekt zur <strong data-start=\"168\" data-end=\"187\">Fettverbrennung<\/strong>, <strong data-start=\"189\" data-end=\"208\">Muskelstraffung<\/strong> und Motivation im Alltag. Versand m\u00f6glich.<\/span><\/p>\n","protected":false},"featured_media":58213,"comment_status":"open","ping_status":"closed","template":"","meta":[],"product_brand":[],"product_cat":[406,422],"product_tag":[],"class_list":{"0":"post-58210","1":"product","2":"type-product","3":"status-publish","4":"has-post-thumbnail","6":"product_cat-fitness-sportgeraete","7":"product_cat-sonderangebot","8":"product_shipping_class-de-local","10":"first","11":"instock","12":"sale","13":"featured","14":"taxable","15":"shipping-taxable","16":"purchasable","17":"product-type-simple"},"_links":{"self":[{"href":"https:\/\/outletlite.com\/en\/wp-json\/wp\/v2\/product\/58210","targetHints":{"allow":["GET"]}}],"collection":[{"href":"https:\/\/outletlite.com\/en\/wp-json\/wp\/v2\/product"}],"about":[{"href":"https:\/\/outletlite.com\/en\/wp-json\/wp\/v2\/types\/product"}],"replies":[{"embeddable":true,"href":"https:\/\/outletlite.com\/en\/wp-json\/wp\/v2\/comments?post=58210"}],"wp:featuredmedia":[{"embeddable":true,"href":"https:\/\/outletlite.com\/en\/wp-json\/wp\/v2\/media\/58213"}],"wp:attachment":[{"href":"https:\/\/outletlite.com\/en\/wp-json\/wp\/v2\/media?parent=58210"}],"wp:term":[{"taxonomy":"product_brand","embeddable":true,"href":"https:\/\/outletlite.com\/en\/wp-json\/wp\/v2\/product_brand?post=58210"},{"taxonomy":"product_cat","embeddable":true,"href":"https:\/\/outletlite.com\/en\/wp-json\/wp\/v2\/product_cat?post=58210"},{"taxonomy":"product_tag","embeddable":true,"href":"https:\/\/outletlite.com\/en\/wp-json\/wp\/v2\/product_tag?post=58210"}],"curies":[{"name":"wp","href":"https:\/\/api.w.org\/{rel}","templated":true}]}}