{"id":48292,"date":"2025-06-04T09:32:41","date_gmt":"2025-06-04T09:32:41","guid":{"rendered":"https:\/\/outletlite.com\/product\/500ml-portable-juicer-rechargeable-wireless-fruit-mixer-fresh-juice-bottle-blender-6-blades-food-milkshake-ice-crush-cup-2400mah\/"},"modified":"2026-04-26T01:49:42","modified_gmt":"2026-04-26T01:49:42","slug":"500ml-tragbarer-mixer","status":"publish","type":"product","link":"https:\/\/outletlite.com\/en\/product\/500ml-tragbarer-mixer\/","title":{"rendered":"500ml Tragbarer Mixer \u2013 Kabellos, 6 Klingen, USB wiederaufladbar"},"content":{"rendered":"<div id=\"nav-specification\" class=\"specification--wrap--lxVQ2tj\" data-pl=\"product-specs\">\n<div class=\"title--wrap--NWOaiSp\">\n<div class=\"title--text--Otu0bLr\">\n<h2 class=\"title--title--O6xcB1q\" data-spm-anchor-id=\"a2g0o.detail.0.i7.2b94AxjLAxjL3N\">Spezifikationen<\/h2>\n<\/div>\n<\/div>\n<ul class=\"specification--list--GZuXzRX\">\n<li class=\"specification--line--IXeRJI7\">\n<div class=\"specification--prop--Jh28bKu\">\n<div class=\"specification--title--SfH3sA8\">Hign-betroffene Chemikalie<\/div>\n<div class=\"specification--desc--Dxx6W0W\" title=\"Keiner\">Keiner<\/div>\n<\/div>\n<div class=\"specification--prop--Jh28bKu\">\n<div class=\"specification--title--SfH3sA8\">Material des Becherk\u00f6rpers<\/div>\n<div class=\"specification--desc--Dxx6W0W\" title=\"Kunststoff\">Kunststoff<\/div>\n<\/div>\n<\/li>\n<li class=\"specification--line--IXeRJI7\">\n<div class=\"specification--prop--Jh28bKu\">\n<div class=\"specification--title--SfH3sA8\">Aufladende Portform<\/div>\n<div class=\"specification--desc--Dxx6W0W\" title=\"Rund\">Rund<\/div>\n<\/div>\n<div class=\"specification--prop--Jh28bKu\">\n<div class=\"specification--title--SfH3sA8\">Nennwert (U\/min)<\/div>\n<div class=\"specification--desc--Dxx6W0W\" title=\"15001-18000Rpm\">15001-18000Rpm<\/div>\n<\/div>\n<\/li>\n<li class=\"specification--line--IXeRJI7\">\n<div class=\"specification--prop--Jh28bKu\">\n<div class=\"specification--title--SfH3sA8\">Geh\u00e4use-Material<\/div>\n<div class=\"specification--desc--Dxx6W0W\" title=\"Kunststoff\">Kunststoff<\/div>\n<\/div>\n<div class=\"specification--prop--Jh28bKu\">\n<div class=\"specification--title--SfH3sA8\">Form ladeanschluss<\/div>\n<div class=\"specification--desc--Dxx6W0W\" title=\"Rund\">Rund<\/div>\n<\/div>\n<\/li>\n<li class=\"specification--line--IXeRJI7\">\n<div class=\"specification--prop--Jh28bKu\">\n<div class=\"specification--title--SfH3sA8\">Volumen des Zellstoffbeh\u00e4lters<\/div>\n<div class=\"specification--desc--Dxx6W0W\" title=\"&lt; 500ml\">&lt; 500ml<\/div>\n<\/div>\n<div class=\"specification--prop--Jh28bKu\">\n<div class=\"specification--title--SfH3sA8\">Funktion<\/div>\n<div class=\"specification--desc--Dxx6W0W\" title=\"Juicing,Gem\u00fcseausschnitt,Eis-Zerquetschung,Milchshake,Mischen,Festen Lebensmitteln,Tofu\">Juicing,Gem\u00fcseausschnitt,Eis-Zerquetschung,Milchshake,Mischen,Festen Lebensmitteln,Tofu<\/div>\n<\/div>\n<\/li>\n<li class=\"specification--line--IXeRJI7\">\n<div class=\"specification--prop--Jh28bKu\">\n<div class=\"specification--title--SfH3sA8\">Verlegungsmethode<\/div>\n<div class=\"specification--desc--Dxx6W0W\" title=\"Hand\">Hand<\/div>\n<\/div>\n<div class=\"specification--prop--Jh28bKu\">\n<div class=\"specification--title--SfH3sA8\">Blatt-Material<\/div>\n<div class=\"specification--desc--Dxx6W0W\" title=\"Edelstahl\">Edelstahl<\/div>\n<\/div>\n<\/li>\n<li class=\"specification--line--IXeRJI7\">\n<div class=\"specification--prop--Jh28bKu\">\n<div class=\"specification--title--SfH3sA8\">Geschwindigkeits-Justage<\/div>\n<div class=\"specification--desc--Dxx6W0W\" title=\"Keine Vorw\u00e4hler\">Keine Vorw\u00e4hler<\/div>\n<\/div>\n<div class=\"specification--prop--Jh28bKu\">\n<div class=\"specification--title--SfH3sA8\">Typ<\/div>\n<div class=\"specification--desc--Dxx6W0W\" title=\"Doppel-Zahnrad (Zerreiben) Juicer\">Doppel-Zahnrad (Zerreiben) Juicer<\/div>\n<\/div>\n<\/li>\n<li class=\"specification--line--IXeRJI7\">\n<div class=\"specification--prop--Jh28bKu\">\n<div class=\"specification--title--SfH3sA8\">Leistung (W)<\/div>\n<div class=\"specification--desc--Dxx6W0W\" style=\"box-sizing: border-box; outline: 0px; margin: 0px; padding: 16px; font-size: 14px; line-height: 20px; -webkit-box-flex: 1; color: #151515; flex: 1 1 0%; word-break: break-word;\" title=\"&lt;200w&gt;\">&lt;200w&gt;<\/div>\n<\/div>\n<div class=\"specification--prop--Jh28bKu\">\n<div class=\"specification--title--SfH3sA8\">Kapazit\u00e4t<\/div>\n<div class=\"specification--desc--Dxx6W0W\" title=\"500ml\">500ml<\/div>\n<\/div>\n<\/li>\n<li class=\"specification--line--IXeRJI7\">\n<div class=\"specification--prop--Jh28bKu\">\n<div class=\"specification--title--SfH3sA8\">Markenname<\/div>\n<div class=\"specification--desc--Dxx6W0W\" title=\"Donirt\">Donirt<\/div>\n<\/div>\n<div class=\"specification--prop--Jh28bKu\">\n<div class=\"specification--title--SfH3sA8\">Ursprung<\/div>\n<div class=\"specification--desc--Dxx6W0W\" title=\"CN (Herkunft)\">CN (Herkunft)<\/div>\n<\/div>\n<\/li>\n<\/ul>\n<\/div>\n<div class=\"split-line--wrap--dVhU29K\">\n<div class=\"comet-v2-divider comet-v2-divider-small\"><\/div>\n<\/div>\n<div id=\"nav-description\" class=\"description--wrap--LscZ0He\">\n<div class=\"title--wrap--NWOaiSp description--title--NMh4UiD\">\n<div class=\"title--text--Otu0bLr\">\n<h2 class=\"title--title--O6xcB1q\">\u00dcbersicht<\/h2>\n<\/div>\n<p><a href=\"http:\/\/Outletlite.com\" target=\"_blank\" rel=\"noopener\">Berichtpunkt<\/a><\/div>\n<div class=\"extend--wrap--yXwoDbO\">\n<div class=\"extend--content--VuIQZia\">\n<div>\n<div id=\"product-description\" class=\"description--product-description--Mjtql28\" data-spm=\"1000023\" data-pl=\"product-description\">\n<div class=\"description--origin-part--rWy05pE\">\n<div class=\"detailmodule_html\">\n<div class=\"detail-desc-decorate-richtext\">\n<div class=\"detailmodule_html\">\n<div class=\"detail-desc-decorate-richtext\">\n<div class=\"detailmodule_dynamic\"><strong id=\"tl_1\">Tragbarer USB-Entsafter, frischer Saftflaschenmixer, plus 500 ml, kabellose Obstmischer, 6 Klingen, 2400 mAh, Lebensmittel-Milchshake, Eiszerkleinerungsbecher<\/strong><\/div>\n<div class=\"detailmodule_dynamic\"><\/div>\n<p align=\"start\"><strong id=\"tl_2\">Bitte wissen Sie, wie Sie den Entsafter \u00f6ffnen:<\/strong><\/p>\n<p align=\"start\"><span id=\"tl_3\">\u30101\u3011.Laden Sie die Lebensmittel.<\/span><\/p>\n<p align=\"start\"><span id=\"tl_4\">\u30102\u3011.Ziehen Sie die obere Abdeckung und den Hauptk\u00f6rper fest und stellen Sie sicher, dass die \u201e\u201c\u2312\u201e\u201c des transparenten K\u00f6rbchenk\u00f6rpers ist auf den Hauptk\u00f6rper \u201e&#8230;&#8230;\u201c ausgerichtet!<\/span><\/p>\n<p align=\"start\"><span id=\"tl_5\">\u30103\u3011.Zum Starten doppelklicken Sie auf \u201eEinschalter\u201c.!!<\/span><\/p>\n<p align=\"start\"><strong id=\"tl_6\">Hauptmerkmale:<\/strong><\/p>\n<p align=\"start\"><span id=\"tl_7\">1. Einfach zu tragen, nimmt keinen Platz ein.<\/span><\/p>\n<p align=\"start\"><span id=\"tl_8\">2. Dr\u00fccken Sie jetzt, schnell und frisch, sparen Sie Zeit.<\/span><\/p>\n<p align=\"start\"><span id=\"tl_9\">3. Zerkleinern Sie den Eisw\u00fcrfel, starke Kraft.<\/span><\/p>\n<p align=\"start\"><span id=\"tl_10\">4,500 ml gro\u00dfes Fassungsverm\u00f6gen, erf\u00fcllen Sie Ihre Bed\u00fcrfnisse des ganzen Tages.<\/span><\/p>\n<p align=\"start\"><span id=\"tl_11\">5,2400-mAh-Akku, langlebig, kann 15 Tassen Saft zubereiten.<\/p>\n<p><\/span><strong id=\"tl_12\">Parameter:<\/strong><\/p>\n<p align=\"start\"><span id=\"tl_13\">&#8211; Produktname: Tragbarer elektrischer Saftbecher<\/span><\/p>\n<p align=\"start\"><span id=\"tl_14\">&#8211; Produktmodell: Y03<\/span><\/p>\n<p align=\"start\"><span id=\"tl_15\">&#8211; Fassungsverm\u00f6gen: 500 ml<\/span><\/p>\n<p align=\"start\"><span id=\"tl_16\">&#8211; Batteriekapazit\u00e4t: 2400 mAh<\/span><\/p>\n<p align=\"start\"><span id=\"tl_17\">&#8211; Laststrom: 8,5 A<\/span><\/p>\n<p align=\"start\"><span id=\"tl_18\">&#8211; Nennleistung: 65 W<\/span><\/p>\n<p align=\"start\"><span id=\"tl_19\">&#8211; Produktgewicht: 741 g<\/span><\/p>\n<p align=\"start\"><span id=\"tl_20\">&#8211; Produktgr\u00f6\u00dfe: D92x233mm<\/span><\/p>\n<p align=\"start\"><span id=\"tl_21\">&#8211; Arbeitszeiten: ca. 15 Tassen<\/span><\/p>\n<p align=\"start\"><span id=\"tl_22\">&#8211; Ladeschnittstelle: Typ-C, Kabell\u00e4nge 0,6 m<\/span><\/p>\n<p align=\"start\"><span id=\"tl_23\">&#8211; Material: PCTG in Lebensmittelqualit\u00e4t<\/span><\/p>\n<p align=\"start\"><strong id=\"tl_24\">Paketliste:<\/strong><\/p>\n<p align=\"start\"><span id=\"tl_25\">1 x Entsafter<\/span><\/p>\n<p align=\"start\"><span id=\"tl_26\">1 x Ladekabel<\/span><\/p>\n<p align=\"start\"><span id=\"tl_27\">1 x Benutzerhandbuch<\/span><img decoding=\"async\" src=\"https:\/\/ae01.alicdn.com\/kf\/Sa5814d75ebe14151a1da85bda6e8fe7cr.jpeg\" \/><img decoding=\"async\" src=\"https:\/\/ae01.alicdn.com\/kf\/S343131aa805e460eaf0eecf3c424ecee8.jpeg\" \/><img decoding=\"async\" src=\"https:\/\/ae01.alicdn.com\/kf\/S8aedc732652941bcaffb7f6f84ed10c0V.jpeg\" \/><img decoding=\"async\" src=\"https:\/\/ae01.alicdn.com\/kf\/Sd3b4d69601264964be08f31afc0f8e64B.jpeg\" \/><img decoding=\"async\" src=\"https:\/\/ae01.alicdn.com\/kf\/S5d63ce0a9bdf4c5c98aaf618bdcdf8d4e.jpeg\" \/><img decoding=\"async\" src=\"https:\/\/ae01.alicdn.com\/kf\/S6e39db2788e14f3b95e7634900128cd5b.jpeg\" \/><img decoding=\"async\" src=\"https:\/\/ae01.alicdn.com\/kf\/S49aebd9089fc426fa4ceb2865569e8e2X.jpeg\" \/><img decoding=\"async\" src=\"https:\/\/ae01.alicdn.com\/kf\/S4f017c579d4c489cbe0b59f803a8a7ebc.jpeg\" \/><img decoding=\"async\" src=\"https:\/\/ae01.alicdn.com\/kf\/S39a43c71f227434b91be34e2d83e56b46.jpeg\" \/><img decoding=\"async\" src=\"https:\/\/ae01.alicdn.com\/kf\/S5a50efcd5e7e4a729d21d30504059f33y.jpeg\" \/><img decoding=\"async\" src=\"https:\/\/ae01.alicdn.com\/kf\/S2a7fb3f5408b4d2d83ad493e98dc4f31j.jpeg\" \/><img decoding=\"async\" src=\"https:\/\/ae01.alicdn.com\/kf\/Sab271b5d1dd645cfaf7121c7251e4d56P.jpeg\" \/><img decoding=\"async\" src=\"https:\/\/ae01.alicdn.com\/kf\/S17fa0e057b8b414ab56f3493bd9e6d8di.jpeg\" \/><img decoding=\"async\" src=\"https:\/\/ae01.alicdn.com\/kf\/Sdddd1de3c291458386a808ac1a308d12h.jpeg\" \/><img decoding=\"async\" src=\"https:\/\/ae01.alicdn.com\/kf\/S0c9a28b8185648cf9e3d3237d9036b87l.jpeg\" \/><img decoding=\"async\" src=\"https:\/\/ae01.alicdn.com\/kf\/S6b913c28835b475a8094d6e08957e597S.jpeg\" \/><img decoding=\"async\" src=\"https:\/\/ae01.alicdn.com\/kf\/S5260038ac1294d7fa2bc332d83af00e3j.jpeg\" \/><img decoding=\"async\" src=\"https:\/\/ae01.alicdn.com\/kf\/S099fe69ffa1c49aea99840832f19d76f2.jpeg\" \/><img decoding=\"async\" src=\"https:\/\/ae01.alicdn.com\/kf\/S79ec195b2a7745e9aed44f57a7d0cc30I.jpeg\" \/><\/p>\n<div>\n<\/div>\n<p><img decoding=\"async\" src=\"https:\/\/ae01.alicdn.com\/kf\/S4792212c489e4ad991459b50e12c3a5b5.jpeg\" \/><img decoding=\"async\" src=\"https:\/\/ae01.alicdn.com\/kf\/Sfd37ca1a58fa4bbfaf1bd50ff1105e885.jpeg\" \/><\/p>\n<\/div>\n<\/div>\n<\/div>\n<\/div>\n<\/div>\n<\/div>\n<p><iframe class=\"extend--iframe--to7hHIV\" data-spm-anchor-id=\"a2g0o.detail.0.i1.2b94AxjLAxjL3N\" data-spm-act-id=\"a2g0o.detail.0.i1.2b94AxjLAxjL3N\" data-mce-fragment=\"1\"><\/iframe><\/div>\n<\/div>\n<\/div>\n<\/div>\n<div class=\"split-line--wrap--dVhU29K\"><\/div>","protected":false},"excerpt":{"rendered":"<p data-start=\"449\" data-end=\"599\">Perfekt f\u00fcr unterwegs: Tragbarer Mixer mit 6 starken Edelstahlklingen, 2400mAh Akku &amp; 500ml Kapazit\u00e4t. Ideal f\u00fcr Smoothies, S\u00e4fte, Shakes &amp; Eis-Crush!<\/p>","protected":false},"featured_media":48233,"comment_status":"closed","ping_status":"closed","template":"","meta":[],"product_brand":[],"product_cat":[393],"product_tag":[],"class_list":{"0":"post-48292","1":"product","2":"type-product","3":"status-publish","4":"has-post-thumbnail","6":"product_cat-haushaltsgeraete","7":"product_shipping_class-free-shipping","9":"first","10":"instock","11":"featured","12":"taxable","13":"shipping-taxable","14":"purchasable","15":"product-type-variable"},"_links":{"self":[{"href":"https:\/\/outletlite.com\/en\/wp-json\/wp\/v2\/product\/48292","targetHints":{"allow":["GET"]}}],"collection":[{"href":"https:\/\/outletlite.com\/en\/wp-json\/wp\/v2\/product"}],"about":[{"href":"https:\/\/outletlite.com\/en\/wp-json\/wp\/v2\/types\/product"}],"replies":[{"embeddable":true,"href":"https:\/\/outletlite.com\/en\/wp-json\/wp\/v2\/comments?post=48292"}],"wp:featuredmedia":[{"embeddable":true,"href":"https:\/\/outletlite.com\/en\/wp-json\/wp\/v2\/media\/48233"}],"wp:attachment":[{"href":"https:\/\/outletlite.com\/en\/wp-json\/wp\/v2\/media?parent=48292"}],"wp:term":[{"taxonomy":"product_brand","embeddable":true,"href":"https:\/\/outletlite.com\/en\/wp-json\/wp\/v2\/product_brand?post=48292"},{"taxonomy":"product_cat","embeddable":true,"href":"https:\/\/outletlite.com\/en\/wp-json\/wp\/v2\/product_cat?post=48292"},{"taxonomy":"product_tag","embeddable":true,"href":"https:\/\/outletlite.com\/en\/wp-json\/wp\/v2\/product_tag?post=48292"}],"curies":[{"name":"wp","href":"https:\/\/api.w.org\/{rel}","templated":true}]}}