{"id":48208,"date":"2025-06-04T09:32:00","date_gmt":"2025-06-04T09:32:00","guid":{"rendered":"https:\/\/outletlite.com\/product\/electric-juicer-cup-6-blades-blender-milkshake-machine-usb-portable-fruit-milk-mixing-tool-mini-fresh-juice-blender-sport\/"},"modified":"2026-04-26T01:49:20","modified_gmt":"2026-04-26T01:49:20","slug":"usb-mixer-elektrischer","status":"publish","type":"product","link":"https:\/\/outletlite.com\/en\/product\/usb-mixer-elektrischer\/","title":{"rendered":"USB Mixer \u2013 Elektrischer Juicer Cup mit 6 Klingen, tragbar"},"content":{"rendered":"<div id=\"nav-specification\" class=\"specification--wrap--lxVQ2tj\" data-pl=\"product-specs\">\n<div class=\"title--wrap--NWOaiSp\">\n<div class=\"title--text--Otu0bLr\">\n<h2 class=\"title--title--O6xcB1q\" data-spm-anchor-id=\"a2g0o.detail.0.i14.fb1ff3OWf3OWtR\">USB Mixer \u2013 Elektrischer Juicer Cup mit 6 Klingen, tragbar<\/h2>\n<h2 class=\"title--title--O6xcB1q\" data-spm-anchor-id=\"a2g0o.detail.0.i14.fb1ff3OWf3OWtR\">Spezifikationen<\/h2>\n<\/div>\n<\/div>\n<ul class=\"specification--list--GZuXzRX\">\n<li class=\"specification--line--IXeRJI7\">\n<div class=\"specification--prop--Jh28bKu\">\n<div class=\"specification--title--SfH3sA8\">Hign-betroffene Chemikalie<\/div>\n<div class=\"specification--desc--Dxx6W0W\" title=\"Keiner\">Keiner<\/div>\n<\/div>\n<div class=\"specification--prop--Jh28bKu\">\n<div class=\"specification--title--SfH3sA8\">Geh\u00e4use-Material<\/div>\n<div class=\"specification--desc--Dxx6W0W\" title=\"Edelstahl\">Edelstahl<\/div>\n<\/div>\n<\/li>\n<li class=\"specification--line--IXeRJI7\">\n<div class=\"specification--prop--Jh28bKu\">\n<div class=\"specification--title--SfH3sA8\">Funktion<\/div>\n<div class=\"specification--desc--Dxx6W0W\" title=\"Automatisches Massen-Aussto\u00dfen\">Automatisches Massen-Aussto\u00dfen<\/div>\n<\/div>\n<div class=\"specification--prop--Jh28bKu\">\n<div class=\"specification--title--SfH3sA8\">Leistung (W)<\/div>\n<div class=\"specification--desc--Dxx6W0W\" style=\"box-sizing: border-box; outline: 0px; margin: 0px; padding: 16px; font-size: 14px; line-height: 20px; -webkit-box-flex: 1; color: #151515; flex: 1 1 0%; word-break: break-word;\" title=\"&lt;200w&gt;\">&lt;200w&gt;<\/div>\n<\/div>\n<\/li>\n<li class=\"specification--line--IXeRJI7\">\n<div class=\"specification--prop--Jh28bKu\">\n<div class=\"specification--title--SfH3sA8\">Kapazit\u00e4t<\/div>\n<div class=\"specification--desc--Dxx6W0W\" style=\"box-sizing: border-box; outline: 0px; margin: 0px; padding: 16px; font-size: 14px; line-height: 20px; -webkit-box-flex: 1; color: #151515; flex: 1 1 0%; word-break: break-word;\" title=\"&lt;500ml&gt;\">&lt;500ml&gt;<\/div>\n<\/div>\n<div class=\"specification--prop--Jh28bKu\">\n<div class=\"specification--title--SfH3sA8\">Markenname<\/div>\n<div class=\"specification--desc--Dxx6W0W\" title=\"HOMEFISH\">HOMEFISH<\/div>\n<\/div>\n<\/li>\n<li class=\"specification--line--IXeRJI7\">\n<div class=\"specification--prop--Jh28bKu\">\n<div class=\"specification--title--SfH3sA8\">Ursprung<\/div>\n<div class=\"specification--desc--Dxx6W0W\" title=\"CN (Herkunft)\">CN (Herkunft)<\/div>\n<\/div>\n<\/li>\n<\/ul>\n<\/div>\n<div class=\"split-line--wrap--dVhU29K\">\n<div class=\"comet-v2-divider comet-v2-divider-small\"><\/div>\n<\/div>\n<div id=\"nav-description\" class=\"description--wrap--LscZ0He\">\n<div class=\"title--wrap--NWOaiSp description--title--NMh4UiD\">\n<div class=\"title--text--Otu0bLr\">\n<h2 class=\"title--title--O6xcB1q\">\u00dcbersicht<\/h2>\n<\/div>\n<p><a class=\"description--report--_8LzMSh\" href=\"https:\/\/Outletlite.com\" target=\"_blank\" rel=\"nofollow noopener noreferrer\" data-aplus-clk=\"x1_15789b7e\" data-spm-anchor-id=\"a2g0o.detail.0.0\">Berichtpunkt<\/a><\/p>\n<\/div>\n<div class=\"extend--wrap--yXwoDbO\">\n<div class=\"extend--content--VuIQZia\">\n<div>\n<div id=\"product-description\" class=\"description--product-description--Mjtql28\" data-spm=\"1000023\" data-pl=\"product-description\">\n<div class=\"description--origin-part--rWy05pE\">\n<div class=\"detailmodule_html\">\n<div class=\"detail-desc-decorate-richtext\">\n<div class=\"detailmodule_html\">\n<div class=\"detail-desc-decorate-richtext\">\n<p><strong>Produktspezifikationen<\/strong><\/p>\n<p>1.Produktmaterial: PC in Lebensmittelqualit\u00e4t, ABS, Silikon, Edelstahl 304<\/p>\n<p>2.Produktkapazit\u00e4t: 380 ml<\/p>\n<p>3. Einzelproduktgr\u00f6\u00dfe: (mit Verpackung)<\/p>\n<p>4.Gewicht eines einzelnen Produkts: ca. 410 Gramm<\/p>\n<p>5. Einzelbechergr\u00f6\u00dfe: 25 x 9,5 x 9,5 cm<\/p>\n<p>6. Produktfarbe: gr\u00fcn\/blau\/rosa<\/p>\n<p>7.Moto-Geschwindigkeit: 12000\/min<\/p>\n<p><strong>Hinweis<\/strong><\/p>\n<p>Die Klingen dieses Produkts sind scharf. Achten Sie beim Reinigen des Produkts auf die Sicherheit und halten Sie es von Kindern fern.<\/p>\n<p data-spm-anchor-id=\"a2g0o.detail.1000023.i0.fb1ff3OWf3OWtR\"><img decoding=\"async\" src=\"https:\/\/ae01.alicdn.com\/kf\/S63013406e7f24f5d9928cc4655ad94aeS.jpg\" \/><img decoding=\"async\" src=\"https:\/\/ae01.alicdn.com\/kf\/Sbaa379065f8d4e83965bed9cc4f31dc3F.jpg\" \/><img decoding=\"async\" src=\"https:\/\/ae01.alicdn.com\/kf\/S9a9949ff1214452b844b27bfe2e0b991U.jpg\" \/><img decoding=\"async\" src=\"https:\/\/ae01.alicdn.com\/kf\/S962e61bf3e2e4a23a37156b3b1d09b628.jpg\" \/><img decoding=\"async\" src=\"https:\/\/ae01.alicdn.com\/kf\/Safa7431b836245ef81a055687ef76c73U.jpg\" \/><img decoding=\"async\" src=\"https:\/\/ae01.alicdn.com\/kf\/Se10d3988129e42998e95752c7a71dec3v.jpg\" \/><img decoding=\"async\" src=\"https:\/\/ae01.alicdn.com\/kf\/S29ffafe1211548e19876c48f59f8a211E.jpg\" \/><img decoding=\"async\" src=\"https:\/\/ae01.alicdn.com\/kf\/S7530021f68fd45b0b75ec00902f2609bY.jpg\" \/><img decoding=\"async\" src=\"https:\/\/ae01.alicdn.com\/kf\/S5379d31c140b4f44affa61d9b711bbf2P.jpg\" \/><img decoding=\"async\" src=\"https:\/\/ae01.alicdn.com\/kf\/Sc23c8615255c4bd18e5c4e7382fad28da.jpg\" \/><img decoding=\"async\" src=\"https:\/\/ae01.alicdn.com\/kf\/S952cdec781c943d98e3f69a46d0fc821W.jpg\" \/><\/p>\n<\/div>\n<\/div>\n<p>&nbsp;<\/p>\n<\/div>\n<\/div>\n<\/div>\n<\/div>\n<\/div>\n<\/div>\n<\/div>\n<\/div>","protected":false},"excerpt":{"rendered":"<p data-start=\"490\" data-end=\"636\">USB Mixer \u2013 Elektrischer Juicer Cup mit 6 Klingen, tragbar<\/p>\n<p data-start=\"490\" data-end=\"636\">Kompakter USB-Mixer mit 6 scharfen Klingen \u2013 perfekt f\u00fcr Smoothies, Shakes &amp; S\u00e4fte unterwegs. Wiederaufladbar, tragbar &amp; ideal f\u00fcr Sport &amp; Reisen!<\/p>","protected":false},"featured_media":48180,"comment_status":"open","ping_status":"closed","template":"","meta":[],"product_brand":[],"product_cat":[393],"product_tag":[],"class_list":{"0":"post-48208","1":"product","2":"type-product","3":"status-publish","4":"has-post-thumbnail","6":"product_cat-haushaltsgeraete","7":"product_shipping_class-free-shipping","9":"first","10":"instock","11":"featured","12":"taxable","13":"shipping-taxable","14":"purchasable","15":"product-type-variable"},"_links":{"self":[{"href":"https:\/\/outletlite.com\/en\/wp-json\/wp\/v2\/product\/48208","targetHints":{"allow":["GET"]}}],"collection":[{"href":"https:\/\/outletlite.com\/en\/wp-json\/wp\/v2\/product"}],"about":[{"href":"https:\/\/outletlite.com\/en\/wp-json\/wp\/v2\/types\/product"}],"replies":[{"embeddable":true,"href":"https:\/\/outletlite.com\/en\/wp-json\/wp\/v2\/comments?post=48208"}],"wp:featuredmedia":[{"embeddable":true,"href":"https:\/\/outletlite.com\/en\/wp-json\/wp\/v2\/media\/48180"}],"wp:attachment":[{"href":"https:\/\/outletlite.com\/en\/wp-json\/wp\/v2\/media?parent=48208"}],"wp:term":[{"taxonomy":"product_brand","embeddable":true,"href":"https:\/\/outletlite.com\/en\/wp-json\/wp\/v2\/product_brand?post=48208"},{"taxonomy":"product_cat","embeddable":true,"href":"https:\/\/outletlite.com\/en\/wp-json\/wp\/v2\/product_cat?post=48208"},{"taxonomy":"product_tag","embeddable":true,"href":"https:\/\/outletlite.com\/en\/wp-json\/wp\/v2\/product_tag?post=48208"}],"curies":[{"name":"wp","href":"https:\/\/api.w.org\/{rel}","templated":true}]}}