{"id":46853,"date":"2025-04-17T11:26:06","date_gmt":"2025-04-17T11:26:06","guid":{"rendered":"https:\/\/outletlite.com\/?post_type=product&#038;p=46853"},"modified":"2025-08-14T05:43:23","modified_gmt":"2025-08-14T05:43:23","slug":"gel-hydra-rescue","status":"publish","type":"product","link":"https:\/\/outletlite.com\/en\/product\/gel-hydra-rescue\/","title":{"rendered":"Gel Hydra Rescue \u2013 Intensiv-Pflege f\u00fcr sofortige Hydration &#038; Frische!"},"content":{"rendered":"<h3><strong>\u2728Gel Hydra Rescue \u2013 Intensiv-Pflege f\u00fcr sofortige Hydration &amp; Frische!<\/strong><\/h3>\n<h4><strong><br \/>\nDas Gel Hydra Rescue spendet sofortige Feuchtigkeit &amp; revitalisiert m\u00fcde Haut. Ideal f\u00fcr trockene &amp; gestresste Hauttypen \u2013 f\u00fcr ein strahlend frisches Gef\u00fchl!<\/strong><\/h4>\n<p>&nbsp;<\/p>\n<p>feuchtigkeitsspendendes, revitalisierendes und straffendes Gesichtsgel.<br \/>\n\u2022 Langanhaltende Feuchtigkeitspflege, revitalisierend, aufpolsternd.<br \/>\n\u2022 Gesicht, Hals und Decollet\u00e9<br \/>\n\u2022 Nat\u00fcrliche und vegane Formel<br \/>\nWIRKUNG \u2013 Die verwendete reine Hyalurons\u00e4ure wird aus biotechnologisch hergestellten Extrakten<br \/>\npflanzlichen Ursprungs gewonnen. In Kombination mit Betain spenden sie Feuchtigkeit und sch\u00fctzen<br \/>\ndie Haut vor dem Austrocknen. Eine Synergie aus Provitamin B5 und Allantoin revitalisiert die Haut,<br \/>\nindem sie die Zellregeneration steigert. Edelwei\u00dfextrakt in Verbindung mit dem Peptid Acetyl<br \/>\nHexapeptide-8 f\u00f6rdert die Kollagenproduktion und wirkt gleichzeitig der Hauterschlaffung entgegen.<br \/>\nMalvenextrakt macht die Haut geschmeidig und n\u00e4hrt sie.<br \/>\nWIRKSTOFFE \u2013 Ausgewogene Kombination hochwirksamer Verbindungen f\u00fcr eine optimale<br \/>\nsynergetische Wirkung, um die Haut zu befeuchten, zu revitalisieren und die Kollagenproduktion zu<br \/>\nf\u00f6rdern.<br \/>\n\u2022 Allantoin Zellregeneration, beruhigend, sch\u00fctzend, geschmeidig machend.<br \/>\n\u2022 Betain Feuchtigkeitsspendend, beugt dem Austrocknen der Haut vor.<br \/>\n\u2022 Biosaccharide Gum-1 Sch\u00fctzt vor sch\u00e4dlichen Umwelteinfl\u00fcssen.<br \/>\n\u2022 Hyalurons\u00e4ure Sorgt f\u00fcr hohen Feuchtigkeitsgehalt der oberen Hautschichten.<br \/>\n\u2022 Panthenol (Provit. B5) Steigert die Zellregeneration, wirkt entz\u00fcndungshemmend.<br \/>\n\u2022 Malva sylvestris extract Geschmeidigmachend, n\u00e4hrend, feuchtigkeitsspendend.<br \/>\n\u2022 Leontopodium extract Antioxidans, entz\u00fcndungshemmend, Prokollagen.<br \/>\n\u2022 Acetyl Hexapeptide-8 F\u00f6rdert die Kollagenproduktion, wirkt gegen Falten und feine Linien.<br \/>\nFORMAT \u2013 INHALT &amp; REFERENZ<br \/>\nAluminiumtube mit 50 ml Inhalt. Entspricht etwa 40 Tagen Anwendung.<br \/>\nEAN-Code 7 640137 510077<br \/>\nRef. O-HYR050<br \/>\nFORMEL Transparentes, hydrophiles Gel (ohne Farbstoffe).<br \/>\nBlumiger, fruchtiger, frischer und leichter Duft.<br \/>\nANWENDUNG Morgens und\/oder abends auf die gereinigte Haut auftragen.<br \/>\nHAFTUNGSDAUER 48 Monate \u2013 Nach dem \u00d6ffnen: 12 Monate.<br \/>\nHERSTELLUNG Entwickelt, produziert und abgef\u00fcllt in der Schweiz.<\/p>","protected":false},"excerpt":{"rendered":"<p><strong>Das Gel Hydra Rescue spendet sofortige Feuchtigkeit &amp; revitalisiert m\u00fcde Haut. Ideal f\u00fcr trockene &amp; gestresste Hauttypen \u2013 f\u00fcr ein strahlend frisches Gef\u00fchl!<\/strong><\/p>","protected":false},"featured_media":46860,"comment_status":"open","ping_status":"closed","template":"","meta":[],"product_brand":[],"product_cat":[395,2983,2985],"product_tag":[],"class_list":{"0":"post-46853","1":"product","2":"type-product","3":"status-publish","4":"has-post-thumbnail","6":"product_cat-schoenheit-pflege","7":"product_cat-gesichtspflege","8":"product_cat-kosmetik","9":"product_shipping_class-free-shipping","11":"first","12":"instock","13":"sale","14":"featured","15":"taxable","16":"shipping-taxable","17":"purchasable","18":"product-type-simple"},"_links":{"self":[{"href":"https:\/\/outletlite.com\/en\/wp-json\/wp\/v2\/product\/46853","targetHints":{"allow":["GET"]}}],"collection":[{"href":"https:\/\/outletlite.com\/en\/wp-json\/wp\/v2\/product"}],"about":[{"href":"https:\/\/outletlite.com\/en\/wp-json\/wp\/v2\/types\/product"}],"replies":[{"embeddable":true,"href":"https:\/\/outletlite.com\/en\/wp-json\/wp\/v2\/comments?post=46853"}],"wp:featuredmedia":[{"embeddable":true,"href":"https:\/\/outletlite.com\/en\/wp-json\/wp\/v2\/media\/46860"}],"wp:attachment":[{"href":"https:\/\/outletlite.com\/en\/wp-json\/wp\/v2\/media?parent=46853"}],"wp:term":[{"taxonomy":"product_brand","embeddable":true,"href":"https:\/\/outletlite.com\/en\/wp-json\/wp\/v2\/product_brand?post=46853"},{"taxonomy":"product_cat","embeddable":true,"href":"https:\/\/outletlite.com\/en\/wp-json\/wp\/v2\/product_cat?post=46853"},{"taxonomy":"product_tag","embeddable":true,"href":"https:\/\/outletlite.com\/en\/wp-json\/wp\/v2\/product_tag?post=46853"}],"curies":[{"name":"wp","href":"https:\/\/api.w.org\/{rel}","templated":true}]}}