{"id":40311,"date":"2025-03-16T20:24:15","date_gmt":"2025-03-16T20:24:15","guid":{"rendered":"https:\/\/outletlite.com\/sports-bra-icon-pink-damen\/"},"modified":"2025-06-04T10:49:32","modified_gmt":"2025-06-04T10:49:32","slug":"sports-bra-icon-pink-damen","status":"publish","type":"product","link":"https:\/\/outletlite.com\/en\/product\/sports-bra-icon-pink-damen\/","title":{"rendered":"Sports Bra ICON &#8211; pink &#8211; Damen"},"content":{"rendered":"<p><span style=\"color: #000000\">Mit dem Sport Bra ICON von ZRED findest du Dein perfekten SporttBH f\u00fcr den Sport sowie die Freizeit. Er eignet sich nicht nur f\u00fcr den Alltag und Kraftsport, sondern auch f\u00fcr Yoga, Pilates, das Lauftraining oder ganz einfach zum Entspannen. Durch den hohen Tragekomfort f\u00fchlt sich der Sport BH wie eine zweite Haut an und ist daher sehr komfortabel. Die gute Verarbeitung und der perfektionierte Schnitt formen einen sch\u00f6nen Oberk\u00f6rper. Das hochwertige Design sticht ins Auge und ist unverwechselbar.<\/span><\/p>\n<p><span style=\"font-family: Good, Helvetica, Arial, sans-serif;color: #000000\"><strong>Material<\/strong>: 56% Nylon, 34% Polyester, 10% Spandex<b><\/p>\n<p><\/b><\/span><\/p>\n<p>&nbsp;<\/p>\n<p style=\"color: #2e2e2e\"><span style=\"font-size: 10px\">\u00a0(Model tr\u00e4gt Gr\u00f6\u00dfe L)<\/span><\/p>","protected":false},"excerpt":{"rendered":"<p>Mit dem Sport Bra ICON von ZRED findest du Dein perfekten SporttBH f\u00fcr den Sport sowie die Freizeit. Er eignet<\/p>","protected":false},"featured_media":40549,"comment_status":"open","ping_status":"closed","template":"","meta":[],"product_brand":[],"product_cat":[2249],"product_tag":[],"class_list":{"0":"post-40311","1":"product","2":"type-product","3":"status-publish","4":"has-post-thumbnail","6":"product_cat-damenbekleidung","8":"first","9":"instock","10":"taxable","11":"shipping-taxable","12":"purchasable","13":"product-type-variable"},"_links":{"self":[{"href":"https:\/\/outletlite.com\/en\/wp-json\/wp\/v2\/product\/40311","targetHints":{"allow":["GET"]}}],"collection":[{"href":"https:\/\/outletlite.com\/en\/wp-json\/wp\/v2\/product"}],"about":[{"href":"https:\/\/outletlite.com\/en\/wp-json\/wp\/v2\/types\/product"}],"replies":[{"embeddable":true,"href":"https:\/\/outletlite.com\/en\/wp-json\/wp\/v2\/comments?post=40311"}],"wp:featuredmedia":[{"embeddable":true,"href":"https:\/\/outletlite.com\/en\/wp-json\/wp\/v2\/media\/40549"}],"wp:attachment":[{"href":"https:\/\/outletlite.com\/en\/wp-json\/wp\/v2\/media?parent=40311"}],"wp:term":[{"taxonomy":"product_brand","embeddable":true,"href":"https:\/\/outletlite.com\/en\/wp-json\/wp\/v2\/product_brand?post=40311"},{"taxonomy":"product_cat","embeddable":true,"href":"https:\/\/outletlite.com\/en\/wp-json\/wp\/v2\/product_cat?post=40311"},{"taxonomy":"product_tag","embeddable":true,"href":"https:\/\/outletlite.com\/en\/wp-json\/wp\/v2\/product_tag?post=40311"}],"curies":[{"name":"wp","href":"https:\/\/api.w.org\/{rel}","templated":true}]}}