{"id":39876,"date":"2025-03-16T20:23:05","date_gmt":"2025-03-16T20:23:05","guid":{"rendered":"https:\/\/outletlite.com\/leggings-dynamic-blue-damen\/"},"modified":"2025-06-04T10:49:39","modified_gmt":"2025-06-04T10:49:39","slug":"leggings-dynamic-blue-damen","status":"publish","type":"product","link":"https:\/\/outletlite.com\/en\/product\/leggings-dynamic-blue-damen\/","title":{"rendered":"Leggings Dynamic &#8211; blue &#8211; Damen"},"content":{"rendered":"<p>Die Leggins\u00a0Dynamic in Blau mit hohem Bund\u00a0eignet sich bestens zum trainieren, entspannen und optimiert deinen Trainingsalltag.\u00a0Sie schmiegt sich wie eine zweite Haut an deinen K\u00f6rper und eignet sich somit bestens f\u00fcr den Kraftsport, Yoga, Pilates, zum Laufen oder auch ganz einfach zum Entspannen. Die optimale Materialzusammensetzung\u00a0gepaart mit\u00a0dem bequemen High Waisted Fit,\u00a0sorgt f\u00fcr\u00a0eine tolle Figur und kaschiert Problemzonen geschickt.<\/p>\n<p>Die Leggins Dynamic l\u00e4sst sich zu allen unseren Produkten, insbesondere aber den Produkten aus der Dynamic Kollektion kombinieren.<\/p>\n<p>&#8211; Figurbetonter\u00a0Schnitt<br \/>\n&#8211;\u00a0 High Waisted Fit<br \/>\n&#8211; Seamless Verarbeitung<br \/>\n&#8211;\u00a0Hochwertiges Funktionsmaterial<br \/>\n&#8211;\u00a0Schwei\u00dfableitendes Material<\/p>\n<p data-mce-fragment=\"1\" data-sanitized-data-mce-fragment=\"1\"><strong>Material<\/strong>:<br \/>\n90%\u00a0Nylon<br \/>\n10%\u00a0Spandex<\/p>\n<p>(f\u00e4llt normal aus, Model, 1,70m tr\u00e4gt auf dem Bild Gr\u00f6\u00dfe\u00a0 S)<\/p>","protected":false},"excerpt":{"rendered":"<p>Die Leggins\u00a0Dynamic in Blau mit hohem Bund\u00a0eignet sich bestens zum trainieren, entspannen und optimiert deinen Trainingsalltag.\u00a0Sie schmiegt sich wie eine<\/p>","protected":false},"featured_media":40180,"comment_status":"open","ping_status":"closed","template":"","meta":[],"product_brand":[],"product_cat":[2249],"product_tag":[],"class_list":{"0":"post-39876","1":"product","2":"type-product","3":"status-publish","4":"has-post-thumbnail","6":"product_cat-damenbekleidung","8":"first","9":"instock","10":"taxable","11":"shipping-taxable","12":"purchasable","13":"product-type-variable"},"_links":{"self":[{"href":"https:\/\/outletlite.com\/en\/wp-json\/wp\/v2\/product\/39876","targetHints":{"allow":["GET"]}}],"collection":[{"href":"https:\/\/outletlite.com\/en\/wp-json\/wp\/v2\/product"}],"about":[{"href":"https:\/\/outletlite.com\/en\/wp-json\/wp\/v2\/types\/product"}],"replies":[{"embeddable":true,"href":"https:\/\/outletlite.com\/en\/wp-json\/wp\/v2\/comments?post=39876"}],"wp:featuredmedia":[{"embeddable":true,"href":"https:\/\/outletlite.com\/en\/wp-json\/wp\/v2\/media\/40180"}],"wp:attachment":[{"href":"https:\/\/outletlite.com\/en\/wp-json\/wp\/v2\/media?parent=39876"}],"wp:term":[{"taxonomy":"product_brand","embeddable":true,"href":"https:\/\/outletlite.com\/en\/wp-json\/wp\/v2\/product_brand?post=39876"},{"taxonomy":"product_cat","embeddable":true,"href":"https:\/\/outletlite.com\/en\/wp-json\/wp\/v2\/product_cat?post=39876"},{"taxonomy":"product_tag","embeddable":true,"href":"https:\/\/outletlite.com\/en\/wp-json\/wp\/v2\/product_tag?post=39876"}],"curies":[{"name":"wp","href":"https:\/\/api.w.org\/{rel}","templated":true}]}}