{"id":39820,"date":"2025-03-16T20:22:57","date_gmt":"2025-03-16T20:22:57","guid":{"rendered":"https:\/\/outletlite.com\/leggings-2k15-black-damen\/"},"modified":"2025-06-04T10:49:42","modified_gmt":"2025-06-04T10:49:42","slug":"leggings-2k15-black-damen","status":"publish","type":"product","link":"https:\/\/outletlite.com\/en\/product\/leggings-2k15-black-damen\/","title":{"rendered":"Leggings 2k15 &#8211; black &#8211; Damen"},"content":{"rendered":"<p style=\"color: #666666;font-family: 'Noto Sans', sans-serif, google;font-size: 16px\"><span style=\"color: #000000;font-family: 'Open Sans', sans-serif, google;font-size: 16px\">Einer unserer Favoriten. Und das zurecht!<br \/>\nDurch das Material und das Design der Leggings, f\u00e4llt es schwer zu widerstehen. Atmungsaktiv und viel Stretch dank Elasthan Anteil.<br \/>\nDie perfekte Leggings f\u00fcr dein Training!<\/span><\/p>\n<p style=\"color: #2e2e2e;font-family: 'Noto Sans', sans-serif, google;font-size: 16px\"><em><span style=\"font-weight: bold\"><span style=\"color: #000000;font-family: 'Open Sans', sans-serif, google;font-size: 16px\"><br \/>\n<\/span><\/span><\/em><em><span style=\"font-weight: bold\"><span style=\"color: #000000;font-family: 'Open Sans', sans-serif, google;font-size: 16px\">Material:<\/span><\/span><\/em><\/p>\n<p>&nbsp;<\/p>\n<p style=\"color: #2e2e2e;font-family: 'Noto Sans', sans-serif, google;font-size: 16px\"><span style=\"color: #000000;font-family: 'Open Sans', sans-serif, google;font-size: 16px\">94% Polyamid\u00a0<\/span><\/p>\n<p>&nbsp;<\/p>\n<p style=\"color: #2e2e2e;font-family: 'Noto Sans', sans-serif, google;font-size: 16px\"><span style=\"color: #000000;font-family: 'Open Sans', sans-serif, google;font-size: 16px\">6% Elasthan\u00a0<\/span><\/p>\n<p>&nbsp;<\/p>\n<p style=\"color: #2e2e2e;font-family: 'Noto Sans', sans-serif, google;font-size: 16px\">\u00a0<span style=\"color: #000000;font-family: 'Open Sans', sans-serif, google;font-size: 10px\">(f\u00e4llt normal gro\u00df aus, Model, 1,70m tr\u00e4gt auf dem Bild Gr\u00f6\u00dfe\u00a0 M.)<\/span><\/p>","protected":false},"excerpt":{"rendered":"<p>Einer unserer Favoriten. Und das zurecht! Durch das Material und das Design der Leggings, f\u00e4llt es schwer zu widerstehen. Atmungsaktiv<\/p>","protected":false},"featured_media":40037,"comment_status":"open","ping_status":"closed","template":"","meta":[],"product_brand":[],"product_cat":[2249],"product_tag":[2824],"class_list":{"0":"post-39820","1":"product","2":"type-product","3":"status-publish","4":"has-post-thumbnail","6":"product_cat-damenbekleidung","7":"product_tag-2k15","9":"first","10":"instock","11":"taxable","12":"shipping-taxable","13":"purchasable","14":"product-type-variable"},"_links":{"self":[{"href":"https:\/\/outletlite.com\/en\/wp-json\/wp\/v2\/product\/39820","targetHints":{"allow":["GET"]}}],"collection":[{"href":"https:\/\/outletlite.com\/en\/wp-json\/wp\/v2\/product"}],"about":[{"href":"https:\/\/outletlite.com\/en\/wp-json\/wp\/v2\/types\/product"}],"replies":[{"embeddable":true,"href":"https:\/\/outletlite.com\/en\/wp-json\/wp\/v2\/comments?post=39820"}],"wp:featuredmedia":[{"embeddable":true,"href":"https:\/\/outletlite.com\/en\/wp-json\/wp\/v2\/media\/40037"}],"wp:attachment":[{"href":"https:\/\/outletlite.com\/en\/wp-json\/wp\/v2\/media?parent=39820"}],"wp:term":[{"taxonomy":"product_brand","embeddable":true,"href":"https:\/\/outletlite.com\/en\/wp-json\/wp\/v2\/product_brand?post=39820"},{"taxonomy":"product_cat","embeddable":true,"href":"https:\/\/outletlite.com\/en\/wp-json\/wp\/v2\/product_cat?post=39820"},{"taxonomy":"product_tag","embeddable":true,"href":"https:\/\/outletlite.com\/en\/wp-json\/wp\/v2\/product_tag?post=39820"}],"curies":[{"name":"wp","href":"https:\/\/api.w.org\/{rel}","templated":true}]}}