{"id":39819,"date":"2025-03-16T20:22:57","date_gmt":"2025-03-16T20:22:57","guid":{"rendered":"https:\/\/outletlite.com\/crop-top-dynamic-pink-damen\/"},"modified":"2025-06-04T10:49:44","modified_gmt":"2025-06-04T10:49:44","slug":"crop-top-dynamic-pink-damen","status":"publish","type":"product","link":"https:\/\/outletlite.com\/en\/product\/crop-top-dynamic-pink-damen\/","title":{"rendered":"Crop Top Dynamic &#8211; pink &#8211; Damen"},"content":{"rendered":"<p>Das Crop Top Dynamic in Pink ist kurz geschnitten und eignet sich somit zum trainieren, entspannen und optimiert deinen Trainingsalltag.\u00a0Es schmiegt sich wie eine zweite Haut an deinen K\u00f6rper und eignet sich somit bestens f\u00fcr den Kraftsport, Yoga, Pilates, zum Laufen oder auch ganz einfach zum Entspannen. Die optimale Materialzusammensetzung\u00a0gepaart mit\u00a0dem bequemen Crop-Top-Schnitt,\u00a0sorgt f\u00fcr\u00a0eine tolle Figur und kaschiert Problemzonen geschickt.<\/p>\n<p>Das Crop Sleeve l\u00e4sst sich zu allen unseren Produkten, insbesondere aber den Produkten aus der Dynamic Kollektion kombinieren.<\/p>\n<p>&#8211; Figurbetonter\u00a0Schnitt<br \/>\n&#8211; Crop Top Schnitt<br \/>\n&#8211; Kurze \u00c4rmel<br \/>\n&#8211;\u00a0Hochwertiges Funktionsmaterial<br \/>\n&#8211;\u00a0Schwei\u00dfableitendes Material<\/p>\n<p data-mce-fragment=\"1\" data-sanitized-data-mce-fragment=\"1\"><strong>Material<\/strong>:<br \/>\n90%\u00a0Nylon<br \/>\n10%\u00a0Spandex<\/p>\n<p>(f\u00e4llt normal aus, Model, 1,75m tr\u00e4gt auf dem Bild Gr\u00f6\u00dfe\u00a0 M.)<\/p>","protected":false},"excerpt":{"rendered":"<p>Das Crop Top Dynamic in Pink ist kurz geschnitten und eignet sich somit zum trainieren, entspannen und optimiert deinen Trainingsalltag.\u00a0Es<\/p>","protected":false},"featured_media":40246,"comment_status":"open","ping_status":"closed","template":"","meta":[],"product_brand":[],"product_cat":[2249],"product_tag":[2820],"class_list":{"0":"post-39819","1":"product","2":"type-product","3":"status-publish","4":"has-post-thumbnail","6":"product_cat-damenbekleidung","7":"product_tag-farbe_pink","9":"first","10":"instock","11":"taxable","12":"shipping-taxable","13":"purchasable","14":"product-type-variable"},"_links":{"self":[{"href":"https:\/\/outletlite.com\/en\/wp-json\/wp\/v2\/product\/39819","targetHints":{"allow":["GET"]}}],"collection":[{"href":"https:\/\/outletlite.com\/en\/wp-json\/wp\/v2\/product"}],"about":[{"href":"https:\/\/outletlite.com\/en\/wp-json\/wp\/v2\/types\/product"}],"replies":[{"embeddable":true,"href":"https:\/\/outletlite.com\/en\/wp-json\/wp\/v2\/comments?post=39819"}],"wp:featuredmedia":[{"embeddable":true,"href":"https:\/\/outletlite.com\/en\/wp-json\/wp\/v2\/media\/40246"}],"wp:attachment":[{"href":"https:\/\/outletlite.com\/en\/wp-json\/wp\/v2\/media?parent=39819"}],"wp:term":[{"taxonomy":"product_brand","embeddable":true,"href":"https:\/\/outletlite.com\/en\/wp-json\/wp\/v2\/product_brand?post=39819"},{"taxonomy":"product_cat","embeddable":true,"href":"https:\/\/outletlite.com\/en\/wp-json\/wp\/v2\/product_cat?post=39819"},{"taxonomy":"product_tag","embeddable":true,"href":"https:\/\/outletlite.com\/en\/wp-json\/wp\/v2\/product_tag?post=39819"}],"curies":[{"name":"wp","href":"https:\/\/api.w.org\/{rel}","templated":true}]}}