{"id":39816,"date":"2025-03-16T20:22:56","date_gmt":"2025-03-16T20:22:56","guid":{"rendered":"https:\/\/outletlite.com\/sports-bra-origin-grey-damen\/"},"modified":"2025-06-04T10:49:46","modified_gmt":"2025-06-04T10:49:46","slug":"sports-bra-origin-grey-damen","status":"publish","type":"product","link":"https:\/\/outletlite.com\/en\/product\/sports-bra-origin-grey-damen\/","title":{"rendered":"Sports Bra Origin &#8211; grey &#8211; Damen"},"content":{"rendered":"<p style=\"color: #666666;font-family: 'Noto Sans', sans-serif, google;font-size: 16px\"><span style=\"color: #000000;font-family: 'Open Sans', sans-serif, google;font-size: 16px\">Stylischer Sport Bra in grau im Style der &#8222;Origin&#8220; Kollektion. Er l\u00e4sst sich sehr gut in der Freizeit kombinieren und vor allem auch im Sport ist er perfekt.<\/span><\/p>\n<p>&nbsp;<\/p>\n<p style=\"color: #2e2e2e;font-family: 'Noto Sans', sans-serif, google;font-size: 16px\"><span style=\"font-weight: bold\"><span style=\"color: #000000;font-family: 'Open Sans', sans-serif, google;font-size: 16px\">Material:<\/span><\/span><\/p>\n<p style=\"color: #2e2e2e;font-family: 'Noto Sans', sans-serif, google;font-size: 16px\"><span style=\"color: #000000;font-family: 'Open Sans', sans-serif, google;font-size: 16px\">78%\u00a0Polyester<\/span><\/p>\n<p>&nbsp;<\/p>\n<p style=\"color: #2e2e2e;font-family: 'Noto Sans', sans-serif, google;font-size: 16px\"><span style=\"color: #000000;font-family: 'Open Sans', sans-serif, google;font-size: 16px\">22%\u00a0Spandex<\/span><\/p>\n<p>&nbsp;<\/p>\n<p style=\"color: #2e2e2e;font-family: 'Noto Sans', sans-serif, google;font-size: 16px\">\u00a0<span style=\"color: #000000;font-family: 'Open Sans', sans-serif, google;font-size: 10px\">(f\u00e4llt etwas gr\u00f6\u00dfer&amp;weiter aus, Model, 1,70m tr\u00e4gt auf dem Bild Gr\u00f6\u00dfe\u00a0 L.)<\/span><\/p>","protected":false},"excerpt":{"rendered":"<p>Stylischer Sport Bra in grau im Style der &#8222;Origin&#8220; Kollektion. Er l\u00e4sst sich sehr gut in der Freizeit kombinieren und<\/p>","protected":false},"featured_media":40047,"comment_status":"open","ping_status":"closed","template":"","meta":[],"product_brand":[],"product_cat":[2249],"product_tag":[2819],"class_list":{"0":"post-39816","1":"product","2":"type-product","3":"status-publish","4":"has-post-thumbnail","6":"product_cat-damenbekleidung","7":"product_tag-origin","9":"first","10":"instock","11":"taxable","12":"shipping-taxable","13":"purchasable","14":"product-type-variable"},"_links":{"self":[{"href":"https:\/\/outletlite.com\/en\/wp-json\/wp\/v2\/product\/39816","targetHints":{"allow":["GET"]}}],"collection":[{"href":"https:\/\/outletlite.com\/en\/wp-json\/wp\/v2\/product"}],"about":[{"href":"https:\/\/outletlite.com\/en\/wp-json\/wp\/v2\/types\/product"}],"replies":[{"embeddable":true,"href":"https:\/\/outletlite.com\/en\/wp-json\/wp\/v2\/comments?post=39816"}],"wp:featuredmedia":[{"embeddable":true,"href":"https:\/\/outletlite.com\/en\/wp-json\/wp\/v2\/media\/40047"}],"wp:attachment":[{"href":"https:\/\/outletlite.com\/en\/wp-json\/wp\/v2\/media?parent=39816"}],"wp:term":[{"taxonomy":"product_brand","embeddable":true,"href":"https:\/\/outletlite.com\/en\/wp-json\/wp\/v2\/product_brand?post=39816"},{"taxonomy":"product_cat","embeddable":true,"href":"https:\/\/outletlite.com\/en\/wp-json\/wp\/v2\/product_cat?post=39816"},{"taxonomy":"product_tag","embeddable":true,"href":"https:\/\/outletlite.com\/en\/wp-json\/wp\/v2\/product_tag?post=39816"}],"curies":[{"name":"wp","href":"https:\/\/api.w.org\/{rel}","templated":true}]}}