{"id":39699,"date":"2025-03-16T20:22:28","date_gmt":"2025-03-16T20:22:28","guid":{"rendered":"https:\/\/outletlite.com\/shorts-dynamic-black-damen\/"},"modified":"2025-06-04T10:49:50","modified_gmt":"2025-06-04T10:49:50","slug":"shorts-dynamic-black-damen","status":"publish","type":"product","link":"https:\/\/outletlite.com\/en\/product\/shorts-dynamic-black-damen\/","title":{"rendered":"Shorts Dynamic &#8211; black &#8211; Damen"},"content":{"rendered":"<p style=\"color: #666666;font-family: 'Noto Sans', sans-serif, google;font-size: 16px\"><span style=\"color: #000000;font-family: 'Open Sans', sans-serif, google;font-size: 16px\">K\u00f6rperbetonte Short im Style der &#8222;DYNAMIC&#8220; Kollektion. Sie l\u00e4sst sich sehr gut in der Freizeit kombinieren und vor allem auch im Sport ist Sie perfekt. Durch die Materialzusammensetzung ist sie sehr k\u00f6rperbetont und liegt dennoch sehr angenehm auf der Haut.\u00a0<\/span><\/p>\n<p>&nbsp;<\/p>\n<p style=\"color: #2e2e2e;font-family: 'Noto Sans', sans-serif, google;font-size: 16px\"><span style=\"font-weight: bold\"><span style=\"color: #000000;font-family: 'Open Sans', sans-serif, google;font-size: 16px\">Material:<\/span><\/span><\/p>\n<p style=\"color: #2e2e2e;font-family: 'Noto Sans', sans-serif, google;font-size: 16px\"><span style=\"color: #000000;font-family: 'Open Sans', sans-serif, google;font-size: 16px\">90%\u00a0Nylon<br \/>\n<\/span><span style=\"color: #000000;font-family: 'Open Sans', sans-serif, google;font-size: 16px\">10% Spandex<\/span><span style=\"color: #666666;font-size: 16px\">\u00a0<\/span><\/p>\n<p>&nbsp;<\/p>\n<p style=\"color: #2e2e2e;font-family: 'Noto Sans', sans-serif, google;font-size: 16px\"><span style=\"float: none;background-color: transparent;color: #2e2e2e;font-family: 'Noto Sans',sans-serif,google;font-size: 16px;font-style: normal;font-variant: normal;font-weight: 400;letter-spacing: normal;text-align: left;text-decoration: none;text-indent: 0px;text-transform: none\">\u00a0<\/span><span style=\"color: #000000;font-family: 'Open Sans', sans-serif, google;font-size: 10px\">(f\u00e4llt etwas kleiner\/enger aus, Model, 1,68m tr\u00e4gt auf dem Bild Gr\u00f6\u00dfe\u00a0 S.)<\/span><\/p>","protected":false},"excerpt":{"rendered":"<p>K\u00f6rperbetonte Short im Style der &#8222;DYNAMIC&#8220; Kollektion. Sie l\u00e4sst sich sehr gut in der Freizeit kombinieren und vor allem auch<\/p>","protected":false},"featured_media":40336,"comment_status":"open","ping_status":"closed","template":"","meta":[],"product_brand":[],"product_cat":[2249],"product_tag":[2804],"class_list":{"0":"post-39699","1":"product","2":"type-product","3":"status-publish","4":"has-post-thumbnail","6":"product_cat-damenbekleidung","7":"product_tag-dynamic","9":"first","10":"instock","11":"taxable","12":"shipping-taxable","13":"purchasable","14":"product-type-variable"},"_links":{"self":[{"href":"https:\/\/outletlite.com\/en\/wp-json\/wp\/v2\/product\/39699","targetHints":{"allow":["GET"]}}],"collection":[{"href":"https:\/\/outletlite.com\/en\/wp-json\/wp\/v2\/product"}],"about":[{"href":"https:\/\/outletlite.com\/en\/wp-json\/wp\/v2\/types\/product"}],"replies":[{"embeddable":true,"href":"https:\/\/outletlite.com\/en\/wp-json\/wp\/v2\/comments?post=39699"}],"wp:featuredmedia":[{"embeddable":true,"href":"https:\/\/outletlite.com\/en\/wp-json\/wp\/v2\/media\/40336"}],"wp:attachment":[{"href":"https:\/\/outletlite.com\/en\/wp-json\/wp\/v2\/media?parent=39699"}],"wp:term":[{"taxonomy":"product_brand","embeddable":true,"href":"https:\/\/outletlite.com\/en\/wp-json\/wp\/v2\/product_brand?post=39699"},{"taxonomy":"product_cat","embeddable":true,"href":"https:\/\/outletlite.com\/en\/wp-json\/wp\/v2\/product_cat?post=39699"},{"taxonomy":"product_tag","embeddable":true,"href":"https:\/\/outletlite.com\/en\/wp-json\/wp\/v2\/product_tag?post=39699"}],"curies":[{"name":"wp","href":"https:\/\/api.w.org\/{rel}","templated":true}]}}