{"id":39684,"date":"2025-03-16T20:22:22","date_gmt":"2025-03-16T20:22:22","guid":{"rendered":"https:\/\/outletlite.com\/shape-high-waisted-seamless-shorts\/"},"modified":"2025-06-04T10:49:52","modified_gmt":"2025-06-04T10:49:52","slug":"shape-high-waisted-seamless-shorts","status":"publish","type":"product","link":"https:\/\/outletlite.com\/en\/product\/shape-high-waisted-seamless-shorts\/","title":{"rendered":"Shape  High-Waisted Seamless Shorts"},"content":{"rendered":"<p>Die Shape High-Waisted Seamless Shorts sind die perfekte Wahl f\u00fcr dein Training, Entspannungsmomente und um deinen Alltag im Fitnessstudio zu optimieren. Diese Shorts setzen deinen K\u00f6rper perfekt in Szene und eignen sich hervorragend f\u00fcr Kraftsport, Yoga, Pilates, Laufen oder einfach nur zum Entspannen. Die optimale Materialzusammensetzung in Verbindung mit dem bequemen High-Waisted Fit sorgt f\u00fcr eine tolle Figur und kaschiert geschickt Problemzonen. Du kannst die Shorts in den Farben Dark Teal und Coffee erhalten.<\/p>\n<p>Die Shape Shorts lassen sich wunderbar mit allen ZRED-Produkten kombinieren, insbesondere aber mit Produkten aus der Shape Kollektion.<\/p>\n<p>Eigenschaften der Shape High-Waisted Seamless Shorts:<\/p>\n<ul>\n<li>Figurbetonter Schnitt<\/li>\n<li>Betont deinen Po<\/li>\n<li>High-Waisted Fit<\/li>\n<li>Nahtlose Verarbeitung<\/li>\n<li>Hochwertiges, weiches Material<\/li>\n<li>Schwei\u00dfableitendes Funktionsmaterial<\/li>\n<\/ul>\n<p>Materialzusammensetzung: 90% Nylon 10% Spandex<\/p>\n<p>(Bitte beachte, dass die Shorts etwas enger ausfallen.)<\/p>","protected":false},"excerpt":{"rendered":"<p>Die Shape High-Waisted Seamless Shorts sind die perfekte Wahl f\u00fcr dein Training, Entspannungsmomente und um deinen Alltag im Fitnessstudio zu<\/p>","protected":false},"featured_media":40530,"comment_status":"open","ping_status":"closed","template":"","meta":[],"product_brand":[],"product_cat":[2249],"product_tag":[2788,2789,2790],"class_list":{"0":"post-39684","1":"product","2":"type-product","3":"status-publish","4":"has-post-thumbnail","6":"product_cat-damenbekleidung","7":"product_tag-farbe_blau","8":"product_tag-farbe_grau","9":"product_tag-legginshosen","11":"first","12":"instock","13":"taxable","14":"shipping-taxable","15":"purchasable","16":"product-type-variable"},"_links":{"self":[{"href":"https:\/\/outletlite.com\/en\/wp-json\/wp\/v2\/product\/39684","targetHints":{"allow":["GET"]}}],"collection":[{"href":"https:\/\/outletlite.com\/en\/wp-json\/wp\/v2\/product"}],"about":[{"href":"https:\/\/outletlite.com\/en\/wp-json\/wp\/v2\/types\/product"}],"replies":[{"embeddable":true,"href":"https:\/\/outletlite.com\/en\/wp-json\/wp\/v2\/comments?post=39684"}],"wp:featuredmedia":[{"embeddable":true,"href":"https:\/\/outletlite.com\/en\/wp-json\/wp\/v2\/media\/40530"}],"wp:attachment":[{"href":"https:\/\/outletlite.com\/en\/wp-json\/wp\/v2\/media?parent=39684"}],"wp:term":[{"taxonomy":"product_brand","embeddable":true,"href":"https:\/\/outletlite.com\/en\/wp-json\/wp\/v2\/product_brand?post=39684"},{"taxonomy":"product_cat","embeddable":true,"href":"https:\/\/outletlite.com\/en\/wp-json\/wp\/v2\/product_cat?post=39684"},{"taxonomy":"product_tag","embeddable":true,"href":"https:\/\/outletlite.com\/en\/wp-json\/wp\/v2\/product_tag?post=39684"}],"curies":[{"name":"wp","href":"https:\/\/api.w.org\/{rel}","templated":true}]}}