{"id":37666,"date":"2025-03-16T19:47:55","date_gmt":"2025-03-16T19:47:55","guid":{"rendered":"https:\/\/outletlite.com\/?post_type=product&#038;p=37666"},"modified":"2025-06-04T10:49:56","modified_gmt":"2025-06-04T10:49:56","slug":"lr-zeitgard-racine-augencreme","status":"publish","type":"product","link":"https:\/\/outletlite.com\/en\/product\/lr-zeitgard-racine-augencreme\/","title":{"rendered":"Revolution\u00e4re LR ZEITGARD Racine Augencreme mit Coenzym Q10 \u2013 Strahlend wache Augenpartie!"},"content":{"rendered":"<h2>LR ZEITGARD Racine Augencreme<\/h2>\n<p>Die wirkungsvolle Basispflege versorgt m\u00fcde wirkende, abgespannte Haut mit viel Feuchtigkeit und neuer Energie. F\u00fcr einen frischen, vitalen Teint! Schon bevor die ersten F\u00e4ltchen entstehen, kannst du mit dem in den Cremes enthaltenen Pflege-Komplex aus Coenzym Q10 und Algen dem Hautalterungsprozess verlangsamen. Die Pflegeserie aktiviert deine Haut und verleiht ihr mehr Frische und Strahlkraft.<\/p>\n<p class=\"ds-markdown-paragraph\"><strong>Die LR ZEITGARD Racine Augencreme<\/strong> mit <strong>Coenzym Q10<\/strong> und einem <strong>Algen-Wirkstoffkomplex<\/strong> spendet intensive Feuchtigkeit, gl\u00e4ttet F\u00e4ltchen und mindert dunkle Augenringe. Ideal f\u00fcr <strong>m\u00fcde, gestresste Augenpartien<\/strong> \u2013 f\u00fcr einen <strong>strahlend wachen Blick<\/strong> ohne Schwellungen.<\/p>\n<p class=\"ds-markdown-paragraph\">\u2705 <strong>Enth\u00e4lt:<\/strong> Coenzym Q10 (Energiebooster), Vitamine (Regeneration), Algen-Extrakte (straffend).<br \/>\n\u2705 <strong>Anwendung:<\/strong> Morgens und abends sanft einmassieren.<br \/>\n\u2705 <strong>F\u00fcr alle Hauttypen<\/strong>, auch empfindliche Haut.<\/p>","protected":false},"excerpt":{"rendered":"<p><strong>Die LR ZEITGARD Racine Augencreme mit Coenzym Q10 und Algen-Wirkstoffen reduziert Falten, pflegt intensiv und verleiht einen frischen Blick. Ideal f\u00fcr m\u00fcde Augen \u2013 jetzt revitalisieren!<\/strong><\/p>","protected":false},"featured_media":39462,"comment_status":"open","ping_status":"closed","template":"","meta":[],"product_brand":[],"product_cat":[2983,2985,395],"product_tag":[],"class_list":{"0":"post-37666","1":"product","2":"type-product","3":"status-publish","4":"has-post-thumbnail","6":"product_cat-gesichtspflege","7":"product_cat-kosmetik","8":"product_cat-schoenheit-pflege","9":"product_shipping_class-free-shipping","11":"first","12":"instock","13":"sale","14":"featured","15":"taxable","16":"shipping-taxable","17":"purchasable","18":"product-type-simple"},"_links":{"self":[{"href":"https:\/\/outletlite.com\/en\/wp-json\/wp\/v2\/product\/37666","targetHints":{"allow":["GET"]}}],"collection":[{"href":"https:\/\/outletlite.com\/en\/wp-json\/wp\/v2\/product"}],"about":[{"href":"https:\/\/outletlite.com\/en\/wp-json\/wp\/v2\/types\/product"}],"replies":[{"embeddable":true,"href":"https:\/\/outletlite.com\/en\/wp-json\/wp\/v2\/comments?post=37666"}],"wp:featuredmedia":[{"embeddable":true,"href":"https:\/\/outletlite.com\/en\/wp-json\/wp\/v2\/media\/39462"}],"wp:attachment":[{"href":"https:\/\/outletlite.com\/en\/wp-json\/wp\/v2\/media?parent=37666"}],"wp:term":[{"taxonomy":"product_brand","embeddable":true,"href":"https:\/\/outletlite.com\/en\/wp-json\/wp\/v2\/product_brand?post=37666"},{"taxonomy":"product_cat","embeddable":true,"href":"https:\/\/outletlite.com\/en\/wp-json\/wp\/v2\/product_cat?post=37666"},{"taxonomy":"product_tag","embeddable":true,"href":"https:\/\/outletlite.com\/en\/wp-json\/wp\/v2\/product_tag?post=37666"}],"curies":[{"name":"wp","href":"https:\/\/api.w.org\/{rel}","templated":true}]}}