{"id":36664,"date":"2025-03-08T11:38:09","date_gmt":"2025-03-08T11:38:09","guid":{"rendered":"https:\/\/outletlite.com\/nordic-minimalistischen-esszimmer-stuehle-restaurant-home-kreative-kueche-rueckenlehne-sessel-wohnzimmer-moebel-freizeit-stuhl-b-l\/"},"modified":"2026-04-15T19:51:25","modified_gmt":"2026-04-15T19:51:25","slug":"nordic-minimalistischen-esszimmer-stuehle-restaurant-home-kreative-kueche-rueckenlehne-sessel-wohnzimmer-moebel-freizeit-stuhl-b-l","status":"publish","type":"product","link":"https:\/\/outletlite.com\/en\/product\/nordic-minimalistischen-esszimmer-stuehle-restaurant-home-kreative-kueche-rueckenlehne-sessel-wohnzimmer-moebel-freizeit-stuhl-b-l\/","title":{"rendered":"Nordic Minimalistischen Esszimmer St\u00fchle Restaurant Home Kreative K\u00fcche R\u00fcckenlehne Sessel Wohnzimmer M\u00f6bel Freizeit Stuhl b l"},"content":{"rendered":"<h1>SPECIFICATIONS<\/h1>\n<p><\/br><\/p>\n<p><span>Anzahl in set<\/span>: <span style=\"color:#333\">1 st\u00fcck<\/span><\/p>\n<p><span>Art<\/span>: <span style=\"color:#333\">M\u00f6bel des Speiseraums,Europe and America<\/span><\/p>\n<p><span>Aussehen<\/span>: <span style=\"color:#333\">Modern<\/span><\/p>\n<p><span>Backrest Height<\/span>: <span style=\"color:#333\">800mm<\/span><\/p>\n<p><span>Falten<\/span>: <span style=\"color:#333\">Nein<\/span><\/p>\n<p><span>Generale Anwendung<\/span>: <span style=\"color:#333\">Hausm\u00f6bel<\/span><\/p>\n<p><span>Gr\u00f6\u00dfe<\/span>: <span style=\"color:#333\">54*40*78cm<\/span><\/p>\n<p><span>Hign-betroffene Chemikalie<\/span>: <span style=\"color:#333\">Keine<\/span><\/p>\n<p><span>Installationsmethode<\/span>: <span style=\"color:#333\">Self-contained<\/span><\/p>\n<p><span>Is Rotatable<\/span>: <span style=\"color:#333\">Nein<\/span><\/p>\n<p><span>Markenname<\/span>: <span style=\"color:#333\">FOSUHOUSE<\/span><\/p>\n<p><span>Material<\/span>: <span style=\"color:#333\">Holz<\/span><\/p>\n<p><span>Modellnummer<\/span>: <span style=\"color:#333\">plfz<\/span><\/p>\n<p><span>Spezifischer Gebrauch<\/span>: <span style=\"color:#333\">Speisen des Stuhls<\/span><\/p>\n<p><span>Stellen Sie Art ein<\/span>: <span style=\"color:#333\">no<\/span><\/p>\n<p><span>Ursprung<\/span>: <span style=\"color:#333\">CN (Herkunft)<\/span><\/p>\n<p><span>Ursprungsort<\/span>: <span style=\"color:#333\">CN<\/span><\/p>\n<p><span>With Handrails<\/span>: <span style=\"color:#333\">YES<\/span><\/p>\n<p><span>ist individuell<\/span>: <span style=\"color:#333\">Ja<\/span><\/p>\n<p><\/br><\/p>\n<div class=\"detailmodule_html\">\n<div class=\"detail-desc-decorate-richtext\">\n<div>\n<div>\n<p><span style=\"font-size:22px\" id=\"tl_1\">Modern Dining Chairs Restaurant Home Creative Kitchen Backrest Armchair Minimalist Living Room Furniture Leisure Chair<\/span><img decoding=\"async\" data-index=\"img0\" src=\"https:\/\/ae01.alicdn.com\/kf\/S01435a2840324f66bb35453363477794f.jpg?width=800&amp;height=634&amp;hash=1434\" \/><img decoding=\"async\" data-index=\"img1\" src=\"https:\/\/ae01.alicdn.com\/kf\/S49a087f6606f4ef89d039ee9e75a8359w.jpg?width=800&amp;height=800&amp;hash=1600\" \/><img decoding=\"async\" data-index=\"img2\" src=\"https:\/\/ae01.alicdn.com\/kf\/Saf2fc9585b5a4f52acb0b41ef5d7f94cz.jpg?width=800&amp;height=800&amp;hash=1600\" \/><img decoding=\"async\" data-index=\"img3\" src=\"https:\/\/ae01.alicdn.com\/kf\/S5ddbd6620f7c4130890d42c92e2553383.jpg?width=800&amp;height=800&amp;hash=1600\" \/><img decoding=\"async\" data-index=\"img4\" src=\"https:\/\/ae01.alicdn.com\/kf\/S1d95fb962edf4bf4aa64be1b7b6a78e1X.jpg?width=800&amp;height=509&amp;hash=1309\" \/><img decoding=\"async\" data-index=\"img5\" src=\"https:\/\/ae01.alicdn.com\/kf\/S3d8b4d547bfe41d4b40856cf848bbacfM.jpg?width=800&amp;height=814&amp;hash=1614\" \/><img decoding=\"async\" data-index=\"img6\" src=\"https:\/\/ae01.alicdn.com\/kf\/Sf1c4a84c52ac49348a45a5513edca1e8T.jpg?width=800&amp;height=196&amp;hash=996\" \/><img decoding=\"async\" data-index=\"img7\" src=\"https:\/\/ae01.alicdn.com\/kf\/S74517d83cf9c4fa9be4cc87428a9bbf8b.jpg?width=800&amp;height=628&amp;hash=1428\" \/><img decoding=\"async\" data-index=\"img8\" src=\"https:\/\/ae01.alicdn.com\/kf\/S796282a11e844fa295266aa1d7d41071i.jpg?width=800&amp;height=446&amp;hash=1246\" \/><img decoding=\"async\" data-index=\"img9\" src=\"https:\/\/ae01.alicdn.com\/kf\/S2bf9a3a729b5424e993ecf7cd24539e6s.jpg?width=800&amp;height=586&amp;hash=1386\" \/><img decoding=\"async\" data-index=\"img10\" src=\"https:\/\/ae01.alicdn.com\/kf\/S10a77faff1b54ebeaf4bd381f331f0e8b.jpg?width=800&amp;height=576&amp;hash=1376\" \/><img decoding=\"async\" data-index=\"img11\" src=\"https:\/\/ae01.alicdn.com\/kf\/S2abf850b7745470285592f033dfc0379l.jpg?width=800&amp;height=649&amp;hash=1449\" \/><img decoding=\"async\" data-index=\"img12\" src=\"https:\/\/ae01.alicdn.com\/kf\/S0c42480dc1dc4c9dad62b6202c23cdc3x.jpg?width=800&amp;height=576&amp;hash=1376\" \/><img decoding=\"async\" data-index=\"img13\" src=\"https:\/\/ae01.alicdn.com\/kf\/S53b9933686294cef919f64aab274f9c2j.jpg?width=800&amp;height=1024&amp;hash=1824\" \/><img decoding=\"async\" data-index=\"img14\" src=\"https:\/\/ae01.alicdn.com\/kf\/S626e43afc0d54fed9cc85772aabc37faz.jpg?width=800&amp;height=202&amp;hash=1002\" \/><img decoding=\"async\" data-index=\"img15\" src=\"https:\/\/ae01.alicdn.com\/kf\/S5dfe3324dfaa498cb8aa67bdfb7bdda9Z.jpg?width=800&amp;height=622&amp;hash=1422\" \/><img decoding=\"async\" data-index=\"img16\" src=\"https:\/\/ae01.alicdn.com\/kf\/S0c4c7a8812ce428f93e53b6222100c27Y.jpg?width=800&amp;height=584&amp;hash=1384\" \/><\/p>\n<\/p><\/div>\n<\/div>\n<\/div>\n<\/div>","protected":false},"excerpt":{"rendered":"<p>SPECIFICATIONS Anzahl in set: 1 st\u00fcck Art: M\u00f6bel des Speiseraums,Europe and America Aussehen: Modern Backrest Height: 800mm Falten: Nein Generale<\/p>","protected":false},"featured_media":36648,"comment_status":"open","ping_status":"closed","template":"","meta":[],"product_brand":[],"product_cat":[400],"product_tag":[],"class_list":{"0":"post-36664","1":"product","2":"type-product","3":"status-publish","4":"has-post-thumbnail","6":"product_cat-moebel-wohnaccessoires","7":"product_shipping_class-free-shipping","9":"first","10":"outofstock","11":"product-type-variable"},"_links":{"self":[{"href":"https:\/\/outletlite.com\/en\/wp-json\/wp\/v2\/product\/36664","targetHints":{"allow":["GET"]}}],"collection":[{"href":"https:\/\/outletlite.com\/en\/wp-json\/wp\/v2\/product"}],"about":[{"href":"https:\/\/outletlite.com\/en\/wp-json\/wp\/v2\/types\/product"}],"replies":[{"embeddable":true,"href":"https:\/\/outletlite.com\/en\/wp-json\/wp\/v2\/comments?post=36664"}],"wp:featuredmedia":[{"embeddable":true,"href":"https:\/\/outletlite.com\/en\/wp-json\/wp\/v2\/media\/36648"}],"wp:attachment":[{"href":"https:\/\/outletlite.com\/en\/wp-json\/wp\/v2\/media?parent=36664"}],"wp:term":[{"taxonomy":"product_brand","embeddable":true,"href":"https:\/\/outletlite.com\/en\/wp-json\/wp\/v2\/product_brand?post=36664"},{"taxonomy":"product_cat","embeddable":true,"href":"https:\/\/outletlite.com\/en\/wp-json\/wp\/v2\/product_cat?post=36664"},{"taxonomy":"product_tag","embeddable":true,"href":"https:\/\/outletlite.com\/en\/wp-json\/wp\/v2\/product_tag?post=36664"}],"curies":[{"name":"wp","href":"https:\/\/api.w.org\/{rel}","templated":true}]}}