{"id":33692,"date":"2025-03-07T15:20:57","date_gmt":"2025-03-07T15:20:57","guid":{"rendered":"https:\/\/outletlite.com\/surainbow-premium-car-cleaning-kit-durable-tire-wheel-brush-with-stiff-bristles-detailing-brush-for-carpet-and-interior\/"},"modified":"2026-04-10T01:30:26","modified_gmt":"2026-04-10T01:30:26","slug":"surainbow-car-cleaning-kit","status":"publish","type":"product","link":"https:\/\/outletlite.com\/en\/product\/surainbow-car-cleaning-kit\/","title":{"rendered":"Kraftvolles SURAINBOW Car Cleaning Kit \u2013 Autopflege"},"content":{"rendered":"<h1>SPECIFICATIONS<\/h1>\n<p>&nbsp;<\/p>\n<p>Brand Name: <span style=\"color: #333;\">SURAINBOW<\/span><\/p>\n<h2 dir=\"ltr\" data-pm-slice=\"0 0 []\">Kraftvolles SURAINBOW Car Cleaning Kit \u2013 F\u00fcr perfekte Fahrzeugpflege<\/h2>\n<p dir=\"ltr\">Entdecken Sie die ultimative L\u00f6sung f\u00fcr eine gr\u00fcndliche Autoreinigung mit diesem hochwertigen Set. Das <strong>SURAINBOW Car Cleaning Kit<\/strong> enth\u00e4lt eine langlebige Reifen- und Felgenb\u00fcrste mit festen Borsten sowie eine Detailb\u00fcrste f\u00fcr Teppiche und Innenr\u00e4ume. Ideal f\u00fcr Autoliebhaber und Profis, die Wert auf makellose Sauberkeit legen.<\/p>\n<h3 dir=\"ltr\">Hauptmerkmale:<\/h3>\n<ul class=\"tight\" dir=\"ltr\" data-tight=\"true\">\n<li>\n<p dir=\"ltr\"><strong>Kraftvolle Reinigung<\/strong>: Reifenb\u00fcrste entfernt hartn\u00e4ckigen Schmutz von Felgen und Reifen.<\/p>\n<\/li>\n<li>\n<p dir=\"ltr\"><strong>Detailb\u00fcrste<\/strong>: Perfekt f\u00fcr Teppiche, Polster und schwer zug\u00e4ngliche Stellen.<\/p>\n<\/li>\n<li>\n<p dir=\"ltr\"><strong>Langlebiges Material<\/strong>: Robuste Konstruktion f\u00fcr langanhaltende Nutzung.<\/p>\n<\/li>\n<li>\n<p dir=\"ltr\"><strong>Ergonomisches Design<\/strong>: Bequeme Handhabung f\u00fcr m\u00fcheloses Reinigen.<\/p>\n<\/li>\n<li>\n<p dir=\"ltr\"><strong>Vielseitig einsetzbar<\/strong>: F\u00fcr Au\u00dfen- und Innenreinigung von Fahrzeugen.<\/p>\n<\/li>\n<\/ul>\n<h3 dir=\"ltr\">Warum dieses Set w\u00e4hlen?<\/h3>\n<p dir=\"ltr\">Mit diesem Set wird die Autopflege einfach und effizient. Die hochwertigen B\u00fcrsten sorgen f\u00fcr professionelle Ergebnisse mit minimalem Aufwand. Bestellen Sie jetzt bei OutletLite und lassen Sie Ihr Fahrzeug in neuem Glanz erstrahlen!<\/p>\n<p dir=\"ltr\"><em>Mehr \u00fcber Autopflege in unserem Blogbeitrag \u201eTipps f\u00fcr die perfekte Fahrzeugreinigung\u201c.]<\/em><\/p>\n<div class=\"detailmodule_image\"><img decoding=\"async\" class=\"detail-desc-decorate-image\" src=\"https:\/\/ae01.alicdn.com\/kf\/S9773e8ece5874925a738422767f25a2bW.jpg\" \/><img decoding=\"async\" class=\"detail-desc-decorate-image\" src=\"https:\/\/ae01.alicdn.com\/kf\/Sc33b1c1eb684438899019333fc0e09c9e.jpg\" \/><img decoding=\"async\" class=\"detail-desc-decorate-image\" src=\"https:\/\/ae01.alicdn.com\/kf\/Sc09e4a68a8b84616be229358b7a61859c.jpg\" \/><img decoding=\"async\" class=\"detail-desc-decorate-image\" src=\"https:\/\/ae01.alicdn.com\/kf\/Sae346d7eb4ec43d8bc205a98a4e33956i.jpg\" \/><img decoding=\"async\" class=\"detail-desc-decorate-image\" src=\"https:\/\/ae01.alicdn.com\/kf\/S7417754d6d604492a6e897d3a90a3fec5.jpeg\" \/><img decoding=\"async\" class=\"detail-desc-decorate-image\" src=\"https:\/\/ae01.alicdn.com\/kf\/S9c7930ea20b045f0a4b6ef84bc3bd94aL.jpg\" \/><img decoding=\"async\" class=\"detail-desc-decorate-image\" src=\"https:\/\/ae01.alicdn.com\/kf\/S0ca4822b072a4560998059213bc6bdffV.jpg\" \/><\/div>\n<p>&nbsp;<\/p>","protected":false},"excerpt":{"rendered":"<p>Kraftvolles SURAINBOW Car Cleaning Kit mit Reifen- und Detailb\u00fcrste. Perfekt f\u00fcr gr\u00fcndliche Autopflege. Jetzt bei OutletLite kaufen!<\/p>","protected":false},"featured_media":33684,"comment_status":"open","ping_status":"closed","template":"","meta":[],"product_brand":[],"product_cat":[399],"product_tag":[],"class_list":{"0":"post-33692","1":"product","2":"type-product","3":"status-publish","4":"has-post-thumbnail","6":"product_cat-automobilindustrie","8":"first","9":"instock","10":"purchasable","11":"product-type-variable"},"_links":{"self":[{"href":"https:\/\/outletlite.com\/en\/wp-json\/wp\/v2\/product\/33692","targetHints":{"allow":["GET"]}}],"collection":[{"href":"https:\/\/outletlite.com\/en\/wp-json\/wp\/v2\/product"}],"about":[{"href":"https:\/\/outletlite.com\/en\/wp-json\/wp\/v2\/types\/product"}],"replies":[{"embeddable":true,"href":"https:\/\/outletlite.com\/en\/wp-json\/wp\/v2\/comments?post=33692"}],"wp:featuredmedia":[{"embeddable":true,"href":"https:\/\/outletlite.com\/en\/wp-json\/wp\/v2\/media\/33684"}],"wp:attachment":[{"href":"https:\/\/outletlite.com\/en\/wp-json\/wp\/v2\/media?parent=33692"}],"wp:term":[{"taxonomy":"product_brand","embeddable":true,"href":"https:\/\/outletlite.com\/en\/wp-json\/wp\/v2\/product_brand?post=33692"},{"taxonomy":"product_cat","embeddable":true,"href":"https:\/\/outletlite.com\/en\/wp-json\/wp\/v2\/product_cat?post=33692"},{"taxonomy":"product_tag","embeddable":true,"href":"https:\/\/outletlite.com\/en\/wp-json\/wp\/v2\/product_tag?post=33692"}],"curies":[{"name":"wp","href":"https:\/\/api.w.org\/{rel}","templated":true}]}}