{"id":33683,"date":"2025-03-07T15:20:49","date_gmt":"2025-03-07T15:20:49","guid":{"rendered":"https:\/\/outletlite.com\/car-rear-window-defogger-repair-kit-diy-quick-repair-grid-defroster-kit-fix-heater-glass-lines-defroster-grid-car-accessories\/"},"modified":"2025-12-28T04:33:44","modified_gmt":"2025-12-28T04:33:44","slug":"car-defogger-repair-kit","status":"publish","type":"product","link":"https:\/\/outletlite.com\/en\/product\/car-defogger-repair-kit\/","title":{"rendered":"Kraftvolles Car Defogger Repair Kit \u2013 Autopflege"},"content":{"rendered":"<div class=\"detailmodule_html\">\n<div class=\"detail-desc-decorate-richtext\">\n<p><span style=\"color: #1b1919; font-size: 24px;\">Kraftvolles Car Defogger Repair Kit \u2013 F\u00fcr klare Sicht im Auto<\/span><\/p>\n<div>\n<p dir=\"ltr\">Das <strong>Car Defogger Repair Kit<\/strong> ist die perfekte L\u00f6sung zur Reparatur von defekten Heizgittern an der Heckscheibe Ihres Fahrzeugs. Dieses DIY-Set erm\u00f6glicht eine schnelle und einfache Reparatur von besch\u00e4digten Heizlinien, ohne teure Werkstattbesuche. Ideal f\u00fcr Autoliebhaber, die Wert auf Funktionalit\u00e4t und Kosteneffizienz legen.<\/p>\n<h3 dir=\"ltr\">Hauptmerkmale:<\/h3>\n<ul class=\"tight\" dir=\"ltr\" data-tight=\"true\">\n<li>\n<p dir=\"ltr\"><strong>Kraftvolle Reparatur<\/strong>: Spezielles Leitmaterial f\u00fcr dauerhafte Instandsetzung von Heizgittern.<\/p>\n<\/li>\n<li>\n<p dir=\"ltr\"><strong>Einfache Anwendung<\/strong>: Benutzerfreundliches Design f\u00fcr Heimwerker.<\/p>\n<\/li>\n<li>\n<p dir=\"ltr\"><strong>Komplettes Set<\/strong>: Enth\u00e4lt alle notwendigen Werkzeuge und Materialien.<\/p>\n<\/li>\n<li>\n<p dir=\"ltr\"><strong>Vielseitig einsetzbar<\/strong>: Geeignet f\u00fcr die meisten Fahrzeugtypen.<\/p>\n<\/li>\n<li>\n<p dir=\"ltr\"><strong>Kosteneffizient<\/strong>: Spart Zeit und Geld im Vergleich zu professionellen Reparaturen.<\/p>\n<\/li>\n<\/ul>\n<h3 dir=\"ltr\">Warum dieses Reparaturset w\u00e4hlen?<\/h3>\n<p dir=\"ltr\">Mit dem <strong>Car Defogger Repair Kit<\/strong> stellen Sie die Funktion Ihres Heckscheiben-Defoggers schnell und zuverl\u00e4ssig wieder her. Das Set sorgt f\u00fcr klare Sicht bei allen Wetterbedingungen und verl\u00e4ngert die Lebensdauer Ihrer Heckscheibe. Bestellen Sie jetzt bei OutletLite und profitieren Sie von einer einfachen, effektiven L\u00f6sung!<\/p>\n<p dir=\"ltr\"><em>Mehr \u00fcber Autopflege in unserem Blogbeitrag \u201eTipps f\u00fcr klare Sicht im Auto\u201c<\/em><\/p>\n<\/div>\n<div style=\"text-align: center;\" align=\"center\"><img decoding=\"async\" src=\"https:\/\/ae01.alicdn.com\/kf\/Sa362f375b3f14d39b36a1616f8162918b.jpg\" width=\"auto\" \/><img decoding=\"async\" src=\"https:\/\/ae01.alicdn.com\/kf\/S88d0317634f7442ebbf4dfee109d2ffe5.jpg\" width=\"auto\" \/><img decoding=\"async\" src=\"https:\/\/ae01.alicdn.com\/kf\/Se185204eae2c4c8d9d6a9bc4674b14f9H.jpg\" width=\"auto\" \/><img decoding=\"async\" src=\"https:\/\/ae01.alicdn.com\/kf\/S405308dd5ff54bacbc52dd24f2d3c1bfh.jpg\" width=\"auto\" \/><img decoding=\"async\" src=\"https:\/\/ae01.alicdn.com\/kf\/S5bd318c53ae8484e89bb98f96de2b53eX.jpg\" width=\"auto\" \/><img decoding=\"async\" src=\"https:\/\/ae01.alicdn.com\/kf\/Sa8b8602e43b04918b68e5c4430d5d55d7.jpg\" width=\"auto\" \/><img decoding=\"async\" src=\"https:\/\/ae01.alicdn.com\/kf\/Sf418498b267b4200813272b8d3f635b7n.jpg\" width=\"auto\" \/><img decoding=\"async\" src=\"https:\/\/ae01.alicdn.com\/kf\/S2f727c800bc846e0b0cb7af528821f1bh.jpg\" width=\"auto\" \/><img decoding=\"async\" src=\"https:\/\/ae01.alicdn.com\/kf\/Safbc698c80234c5787a8f8970c64d0f5Q.jpg\" width=\"auto\" \/><\/div>\n<div>\n<div>\n<div>\n<p><img decoding=\"async\" src=\"https:\/\/cbu01.alicdn.com\/img\/ibank\/2018\/284\/159\/8501951482_1394786186.jpg\" \/><\/p>\n<\/div>\n<\/div>\n<div style=\"padding: 15px;\"><\/div>\n<p><img decoding=\"async\" src=\"https:\/\/cbu01.alicdn.com\/img\/ibank\/2018\/249\/184\/8468481942_1394786186.jpg\" \/><\/p>\n<\/div>\n<\/div>\n<\/div>\n<p>&nbsp;<\/p>","protected":false},"excerpt":{"rendered":"<p dir=\"ltr\" data-pm-slice=\"1 1 []\">Das kraftvolle <strong>Car Defogger Repair Kit<\/strong> repariert Heckscheiben-Heizgitter schnell und einfach. Ideal f\u00fcr klare Sicht. Jetzt bei OutletLite kaufen!<\/p>","protected":false},"featured_media":33677,"comment_status":"open","ping_status":"closed","template":"","meta":[],"product_brand":[],"product_cat":[399],"product_tag":[],"class_list":{"0":"post-33683","1":"product","2":"type-product","3":"status-publish","4":"has-post-thumbnail","6":"product_cat-automobilindustrie","8":"first","9":"instock","10":"purchasable","11":"product-type-simple"},"_links":{"self":[{"href":"https:\/\/outletlite.com\/en\/wp-json\/wp\/v2\/product\/33683","targetHints":{"allow":["GET"]}}],"collection":[{"href":"https:\/\/outletlite.com\/en\/wp-json\/wp\/v2\/product"}],"about":[{"href":"https:\/\/outletlite.com\/en\/wp-json\/wp\/v2\/types\/product"}],"replies":[{"embeddable":true,"href":"https:\/\/outletlite.com\/en\/wp-json\/wp\/v2\/comments?post=33683"}],"wp:featuredmedia":[{"embeddable":true,"href":"https:\/\/outletlite.com\/en\/wp-json\/wp\/v2\/media\/33677"}],"wp:attachment":[{"href":"https:\/\/outletlite.com\/en\/wp-json\/wp\/v2\/media?parent=33683"}],"wp:term":[{"taxonomy":"product_brand","embeddable":true,"href":"https:\/\/outletlite.com\/en\/wp-json\/wp\/v2\/product_brand?post=33683"},{"taxonomy":"product_cat","embeddable":true,"href":"https:\/\/outletlite.com\/en\/wp-json\/wp\/v2\/product_cat?post=33683"},{"taxonomy":"product_tag","embeddable":true,"href":"https:\/\/outletlite.com\/en\/wp-json\/wp\/v2\/product_tag?post=33683"}],"curies":[{"name":"wp","href":"https:\/\/api.w.org\/{rel}","templated":true}]}}