{"id":33592,"date":"2025-03-07T15:19:07","date_gmt":"2025-03-07T15:19:07","guid":{"rendered":"https:\/\/outletlite.com\/4-1pcs-car-door-clip-car-disassembly-tools-set-dvd-stereo-refit-kits-interior-plastic-trim-panel-dashboard-removal-tool\/"},"modified":"2026-04-26T17:10:00","modified_gmt":"2026-04-26T17:10:00","slug":"car-disassembly-tool-set","status":"publish","type":"product","link":"https:\/\/outletlite.com\/en\/product\/car-disassembly-tool-set\/","title":{"rendered":"Kraftvolles Car Disassembly Tool Set \u2013 Autoreparatur"},"content":{"rendered":"<h1>SP<\/h1>\n<h2 dir=\"ltr\" data-pm-slice=\"1 1 []\">Kraftvolles Car Disassembly Tool Set \u2013 F\u00fcr m\u00fchelose Fahrzeugreparaturen<\/h2>\n<p dir=\"ltr\">Das <strong>Car Disassembly Tool Set<\/strong> ist die perfekte Wahl f\u00fcr die einfache Demontage von Autot\u00fcrclips, Armaturenbrettern und Innenverkleidungen. Dieses 4-teilige Set (oder Einzelwerkzeug) ist ideal f\u00fcr den Umbau von DVD- und Stereoanlagen sowie f\u00fcr andere Innenreparaturen. Entwickelt f\u00fcr Autoliebhaber und Profis, die Wert auf Pr\u00e4zision legen.<\/p>\n<h3 dir=\"ltr\">Hauptmerkmale:<\/h3>\n<ul class=\"tight\" dir=\"ltr\" data-tight=\"true\">\n<li>\n<p dir=\"ltr\"><strong>Kraftvolle Anwendung<\/strong>: Robuste Werkzeuge f\u00fcr sicheres Entfernen von Clips und Verkleidungen.<\/p>\n<\/li>\n<li>\n<p dir=\"ltr\"><strong>Vielseitiges Set<\/strong>: Enth\u00e4lt 4 oder 1 Werkzeug(e) f\u00fcr verschiedene Anwendungen.<\/p>\n<\/li>\n<li>\n<p dir=\"ltr\"><strong>Schonend zum Material<\/strong>: Verhindert Kratzer an empfindlichen Oberfl\u00e4chen.<\/p>\n<\/li>\n<li>\n<p dir=\"ltr\"><strong>Ergonomisches Design<\/strong>: Bequeme Handhabung f\u00fcr pr\u00e4zises Arbeiten.<\/p>\n<\/li>\n<li>\n<p dir=\"ltr\"><strong>Ideal f\u00fcr Umbauten<\/strong>: Perfekt f\u00fcr Stereo-Installationen und Innenreparaturen.<\/p>\n<\/li>\n<\/ul>\n<h3 dir=\"ltr\">Warum dieses Set w\u00e4hlen?<\/h3>\n<p dir=\"ltr\">Das <strong>Car Disassembly Tool Set<\/strong> macht die Demontage von Fahrzeugteilen einfach und sicher. Es spart Zeit und sch\u00fctzt Ihr Fahrzeug vor Besch\u00e4digungen. Bestellen Sie jetzt bei OutletLite und starten Sie Ihre Reparaturen mit Leichtigkeit!<\/p>\n<p dir=\"ltr\"><em>Mehr \u00fcber Autoreparaturen in unserem Blogbeitrag \u201eTipps f\u00fcr einfache Fahrzeugumbauten<\/em><\/p>\n<div class=\"detailmodule_html\">\n<div class=\"detail-desc-decorate-richtext\">\n<p><img decoding=\"async\" style=\"width: 1000px;\" src=\"https:\/\/ae01.alicdn.com\/kf\/S2a973a50c0ab49619e9ca99f99bd80a0z.jpg?width=800&amp;height=800&amp;hash=1600\" width=\"1000px\" \/> <img decoding=\"async\" class=\"\" style=\"width: 393px;\" src=\"https:\/\/ae01.alicdn.com\/kf\/Sf9c0dd0f79c84adcb0b4531fa490fe45B.jpg?width=800&amp;height=800&amp;hash=1600\" width=\"1000px\" height=\"393\" \/> <img decoding=\"async\" class=\"\" style=\"width: 402px;\" src=\"https:\/\/ae01.alicdn.com\/kf\/S06f94ebb315e44eaae2ecadb6fb14aa2B.jpg?width=800&amp;height=800&amp;hash=1600\" width=\"1000px\" height=\"402\" \/> <img decoding=\"async\" class=\"\" style=\"width: 391px;\" src=\"https:\/\/ae01.alicdn.com\/kf\/S30a9b944bdf647b49128c61f7cca2f00J.jpg?width=800&amp;height=800&amp;hash=1600\" width=\"1000px\" height=\"391\" \/> <img decoding=\"async\" class=\"\" style=\"width: 386px;\" src=\"https:\/\/ae01.alicdn.com\/kf\/S083b9eb8eaeb42f38fc172e8faf6f6a8W.jpg?width=800&amp;height=800&amp;hash=1600\" width=\"1000px\" height=\"386\" \/> <img decoding=\"async\" class=\"\" style=\"width: 385px;\" src=\"https:\/\/ae01.alicdn.com\/kf\/Sa2cdcc54efc5468484a674723ec47420s.jpg?width=800&amp;height=800&amp;hash=1600\" width=\"1000px\" height=\"385\" \/> <img decoding=\"async\" class=\"\" style=\"width: 395px;\" src=\"https:\/\/ae01.alicdn.com\/kf\/S8072a1905d6b46cf8a7745e4eaf664dcX.jpg?width=800&amp;height=800&amp;hash=1600\" width=\"1000px\" height=\"395\" \/> <img decoding=\"async\" style=\"width: 1000px;\" src=\"https:\/\/ae01.alicdn.com\/kf\/S6fe295f34c06410090c117ab7f8b89e2Y.jpg?width=800&amp;height=800&amp;hash=1600\" width=\"1000px\" \/><\/p>\n<\/div>\n<\/div>\n<p>&nbsp;<\/p>","protected":false},"excerpt":{"rendered":"<p>SP Kraftvolles Car Disassembly Tool Set \u2013 F\u00fcr m\u00fchelose Fahrzeugreparaturen Das Car Disassembly Tool Set ist die perfekte Wahl f\u00fcr<\/p>","protected":false},"featured_media":33584,"comment_status":"open","ping_status":"closed","template":"","meta":[],"product_brand":[],"product_cat":[399,350],"product_tag":[3514,3513,3515,3516],"class_list":{"0":"post-33592","1":"product","2":"type-product","3":"status-publish","4":"has-post-thumbnail","6":"product_cat-automobilindustrie","7":"product_cat-car-accessories","8":"product_tag-autoreparatur","9":"product_tag-car-disassembly-tool-set","10":"product_tag-innenverkleidung","11":"product_tag-kraftvolle-werkzeuge","13":"first","14":"instock","15":"purchasable","16":"product-type-variable"},"_links":{"self":[{"href":"https:\/\/outletlite.com\/en\/wp-json\/wp\/v2\/product\/33592","targetHints":{"allow":["GET"]}}],"collection":[{"href":"https:\/\/outletlite.com\/en\/wp-json\/wp\/v2\/product"}],"about":[{"href":"https:\/\/outletlite.com\/en\/wp-json\/wp\/v2\/types\/product"}],"replies":[{"embeddable":true,"href":"https:\/\/outletlite.com\/en\/wp-json\/wp\/v2\/comments?post=33592"}],"wp:featuredmedia":[{"embeddable":true,"href":"https:\/\/outletlite.com\/en\/wp-json\/wp\/v2\/media\/33584"}],"wp:attachment":[{"href":"https:\/\/outletlite.com\/en\/wp-json\/wp\/v2\/media?parent=33592"}],"wp:term":[{"taxonomy":"product_brand","embeddable":true,"href":"https:\/\/outletlite.com\/en\/wp-json\/wp\/v2\/product_brand?post=33592"},{"taxonomy":"product_cat","embeddable":true,"href":"https:\/\/outletlite.com\/en\/wp-json\/wp\/v2\/product_cat?post=33592"},{"taxonomy":"product_tag","embeddable":true,"href":"https:\/\/outletlite.com\/en\/wp-json\/wp\/v2\/product_tag?post=33592"}],"curies":[{"name":"wp","href":"https:\/\/api.w.org\/{rel}","templated":true}]}}