{"id":30019,"date":"2025-03-04T16:31:03","date_gmt":"2025-03-04T16:31:03","guid":{"rendered":"https:\/\/outletlite.com\/vintage-watch-box-2-tier-24-compartment-watch-storage-display-box-woodgrain-decoration-visible-window-metal-snap\/"},"modified":"2026-04-28T01:08:16","modified_gmt":"2026-04-28T01:08:16","slug":"vintage-uhrenbox-2-stoeckiger-organizer-mit-24","status":"publish","type":"product","link":"https:\/\/outletlite.com\/en\/product\/vintage-uhrenbox-2-stoeckiger-organizer-mit-24\/","title":{"rendered":"Vintage-Uhrenbox"},"content":{"rendered":"<h2><strong>Vintage-Uhrenbox \u2013 2-st\u00f6ckiger Uhren-Organizer mit 24 F\u00e4chern &amp; Glasdeckel \u2013 Elegante Aufbewahrung f\u00fcr Ihre Uhrensammlung<\/strong><\/h2>\n<p><strong>Stilvolle Pr\u00e4sentation und Schutz: Die Vintage-Uhrenbox<\/strong><br \/>\nDie\u00a0<strong>Vintage-Uhrenbox<\/strong>\u00a0mit\u00a0<strong>2 Ebenen und 24 F\u00e4chern<\/strong>\u00a0ist die perfekte L\u00f6sung f\u00fcr die sichere und elegante Aufbewahrung Ihrer Uhrensammlung. Das klassische\u00a0<strong>Holzmaserungs-Design<\/strong>\u00a0mit\u00a0<strong>Glasdeckel<\/strong>\u00a0bietet nicht nur Schutz, sondern auch eine stilvolle Pr\u00e4sentation Ihrer Uhren. Gefertigt aus hochwertigem\u00a0<strong>PU-Leder<\/strong>,\u00a0<strong>MDF-Holz<\/strong>\u00a0und\u00a0<strong>Glas<\/strong>, sch\u00fctzt diese Box Ihre wertvollen Zeitmesser vor Staub, Kratzern und Feuchtigkeit. Dank des\u00a0<strong>Metallverschlusses<\/strong>\u00a0bleiben Ihre Uhren sicher verstaut, w\u00e4hrend das platzsparende\u00a0<strong>2-st\u00f6ckige Design<\/strong>\u00a0gen\u00fcgend Stauraum f\u00fcr Sammler bietet.<\/p>\n<h3><strong>Hauptmerkmale:<\/strong><\/h3>\n<ul>\n<li><strong>24 gepolsterte F\u00e4cher:<\/strong>\u00a0Viel Platz f\u00fcr Ihre Uhrenkollektion.<\/li>\n<li><strong>Edles Vintage-Design:<\/strong>\u00a0Holzmaserung und Glasdeckel f\u00fcr einen rustikalen Look.<\/li>\n<li><strong>Glasfenster:<\/strong>\u00a0Perfekte Sicht auf Ihre Uhren und Schutz vor Staub.<\/li>\n<li><strong>2-st\u00f6ckiges Design:<\/strong>\u00a0Platzsparend und praktisch f\u00fcr Sammler.<\/li>\n<li><strong>Robuste Materialien:<\/strong>\u00a0PU-Leder, MDF-Holz und Glas f\u00fcr langlebige Qualit\u00e4t.<\/li>\n<li><strong>Sicherer Metallverschluss:<\/strong>\u00a0Sch\u00fctzt Ihre wertvollen Accessoires zuverl\u00e4ssig.<\/li>\n<\/ul>\n<h3><strong>Technische Daten:<\/strong><\/h3>\n<ul>\n<li><strong>Material:<\/strong>\u00a0PU-Leder, MDF-Holz, Glas<\/li>\n<li><strong>F\u00e4cher:<\/strong>\u00a024 gepolsterte F\u00e4cher<\/li>\n<li><strong>Design:<\/strong>\u00a02-st\u00f6ckig mit Glasdeckel<\/li>\n<li><strong>Verschluss:<\/strong>\u00a0Metallverschluss<\/li>\n<li><strong>Gr\u00f6\u00dfe:<\/strong> (34*21*15 CM)<\/li>\n<\/ul>\n<h3><strong>Lieferumfang:<\/strong><\/h3>\n<ul>\n<li>1 \u00d7 24-F\u00e4cher-Uhrenbox (Uhren nicht enthalten)<\/li>\n<\/ul>\n<h3>Fragen und Antworten:<\/h3>\n<h4><strong>1. Warum ist die Vintage-Uhrenbox perfekt f\u00fcr Uhrenliebhaber?<\/strong><\/h4>\n<p>Die\u00a0<strong>Vintage-Uhrenbox<\/strong>\u00a0bietet\u00a0<strong>24 gepolsterte F\u00e4cher<\/strong>\u00a0und ein\u00a0<strong>2-st\u00f6ckiges Design<\/strong>, das gen\u00fcgend Platz f\u00fcr Ihre gesamte Uhrensammlung bietet. Das\u00a0<strong>edle Vintage-Design<\/strong>\u00a0mit\u00a0<strong>Holzmaserung<\/strong>\u00a0und\u00a0<strong>Glasdeckel<\/strong>\u00a0sch\u00fctzt Ihre Uhren nicht nur vor Staub und Kratzern, sondern pr\u00e4sentiert sie auch in stilvoller Eleganz.<\/p>\n<h4><strong>2. Die wichtigsten Funktionen der Uhrenbox<\/strong><\/h4>\n<ul>\n<li><strong>24 gepolsterte F\u00e4cher:<\/strong>\u00a0Viel Platz f\u00fcr Ihre Uhrenkollektion.<\/li>\n<li><strong>Edles Vintage-Design:<\/strong>\u00a0Holzmaserung und Glasdeckel f\u00fcr einen rustikalen Look.<\/li>\n<li><strong>Glasfenster:<\/strong>\u00a0Perfekte Sicht auf Ihre Uhren und Schutz vor Staub.<\/li>\n<li><strong>2-st\u00f6ckiges Design:<\/strong>\u00a0Platzsparend und praktisch f\u00fcr Sammler.<\/li>\n<\/ul>\n<h4><strong>3. Wie verwendet man die Uhrenbox richtig?<\/strong><\/h4>\n<ol start=\"1\">\n<li>Platzieren Sie Ihre Uhren in den gepolsterten F\u00e4chern, um sie vor Kratzern zu sch\u00fctzen.<\/li>\n<li>Nutzen Sie das 2-st\u00f6ckige Design, um Ihre Uhren \u00fcbersichtlich zu organisieren.<\/li>\n<li>Schlie\u00dfen Sie den Metallverschluss, um Ihre Uhren sicher zu verstauen.<\/li>\n<\/ol>\n<h4><strong>4. Vorteile des Vintage-Designs<\/strong><\/h4>\n<p>Das\u00a0<strong>Vintage-Design<\/strong>\u00a0mit\u00a0<strong>Holzmaserung<\/strong>\u00a0und\u00a0<strong>Glasdeckel<\/strong>\u00a0verleiht der Uhrenbox einen rustikalen und stilvollen Look, der sich perfekt in jedes Interieur einf\u00fcgt. Die hochwertigen Materialien wie\u00a0<strong>PU-Leder<\/strong>,\u00a0<strong>MDF-Holz<\/strong>\u00a0und\u00a0<strong>Glas<\/strong>\u00a0sorgen f\u00fcr Langlebigkeit und Schutz.<\/p>\n<h4><strong>5. Pflege und Wartung der Uhrenbox<\/strong><\/h4>\n<ul>\n<li><strong>Reinigung:<\/strong>\u00a0Reinigen Sie die Uhrenbox regelm\u00e4\u00dfig mit einem weichen Tuch.<\/li>\n<li><strong>Lagerung:<\/strong>\u00a0Stellen Sie die Box an einem trockenen Ort auf, um Feuchtigkeit zu vermeiden.<\/li>\n<li><strong>Schutz:<\/strong>\u00a0Vermeiden Sie starke St\u00f6\u00dfe, um die Glasoberfl\u00e4che zu sch\u00fctzen.<\/li>\n<\/ul>\n<h4><strong>6. H\u00e4ufig gestellte Fragen (FAQs)<\/strong><\/h4>\n<ul>\n<li><strong>F: Passt die Box f\u00fcr alle Uhrengr\u00f6\u00dfen?<\/strong><br \/>\nA: Ja, die gepolsterten F\u00e4cher sind f\u00fcr die meisten Uhrengr\u00f6\u00dfen geeignet.<\/li>\n<li><strong>F: Kann die Box auch f\u00fcr andere Accessoires verwendet werden?<\/strong><br \/>\nA: Ja, die Box eignet sich auch f\u00fcr die Aufbewahrung von Schmuck und anderen Accessoires.<\/li>\n<li><strong>F: Ist die Box leicht zu transportieren?<\/strong><br \/>\nA: Die Box ist aufgrund ihres robusten Designs eher f\u00fcr den station\u00e4ren Gebrauch geeignet.<\/li>\n<\/ul>\n<div class=\"detailmodule_html\">\n<div class=\"detail-desc-decorate-richtext\">\n<div class=\"detailmodule_dynamic\"><\/div>\n<div class=\"detailmodule_dynamic\">\n<h3>\u2728\u00a0<strong>Shop Now &amp; Save Big!<\/strong>\u00a0\u2728<\/h3>\n<p>Discover unbeatable deals on premium products at\u00a0<a href=\"https:\/\/outletlite.com\/shop\/\" target=\"_blank\" rel=\"noopener noreferrer\">OutletLite<\/a>. Whether you&#8217;re upgrading your skincare routine, home essentials, or lifestyle, we\u2019ve got you covered with top-quality items at discounted prices. Don\u2019t wait \u2013 your next favorite product is just a click away!<\/p>\n<p>\u2705\u00a0<strong>Fast Shipping<\/strong>\u00a0| \u2705\u00a0<strong>Secure Checkout<\/strong>\u00a0| \u2705\u00a0<strong>Satisfaction Guaranteed<\/strong><\/p>\n<p>\ud83d\udc49\u00a0<strong>Click here to explore our full collection and grab your favorites before they\u2019re gone!<a href=\"https:\/\/outletlite.com\"><img loading=\"lazy\" decoding=\"async\" class=\"alignnone wp-image-20938 size-thumbnail\" src=\"https:\/\/outletlite.com\/wp-content\/uploads\/2025\/02\/outletlite-icon-150x150.png\" alt=\"outletlite\" width=\"150\" height=\"150\" srcset=\"https:\/\/outletlite.com\/wp-content\/uploads\/2025\/02\/outletlite-icon-150x150.png 150w, https:\/\/outletlite.com\/wp-content\/uploads\/2025\/02\/outletlite-icon-430x430.png 430w, https:\/\/outletlite.com\/wp-content\/uploads\/2025\/02\/outletlite-icon-300x300.png 300w, https:\/\/outletlite.com\/wp-content\/uploads\/2025\/02\/outletlite-icon-12x12.png 12w, https:\/\/outletlite.com\/wp-content\/uploads\/2025\/02\/outletlite-icon.png 512w\" sizes=\"auto, (max-width: 150px) 100vw, 150px\" \/><\/a><\/strong><\/p>\n<p><strong data-spm-anchor-id=\"2b75ac3d.2ef5001f.0.i77.3d4dc9215SI9Xt\">Folge uns auf unseren Social-Media-Kan\u00e4len, um immer up-to-date zu bleiben! \ud83c\udf1f [<a href=\"https:\/\/www.facebook.com\/Outletlite2024\" target=\"_blank\" rel=\"noopener\">Facebook<\/a>] [<a href=\"https:\/\/www.instagram.com\/outletlite_\/\" target=\"_blank\" rel=\"noopener\">Instagram<\/a>] [<a href=\"https:\/\/www.tiktok.com\/@outletlite\" target=\"_blank\" rel=\"noopener\">TikTok<\/a>]<\/strong><\/p>\n<p>&nbsp;<\/p>\n<p><strong>M\u00f6chten Sie mehr dar\u00fcber erfahren, wie Sie die Vintage-Uhrenbox optimal nutzen k\u00f6nnen? Besuchen Sie unsere detaillierte Anleitung zur\u00a0<a href=\"https:\/\/www.youtube.com\/watch?v=gc6SQzohzIU\" target=\"_blank\" rel=\"noopener noreferrer\">richtigen Verwendung der Uhrenbox<\/a>, um praktische Tipps und Schritt-f\u00fcr-Schritt-Anweisungen zu erhalten. So sch\u00fctzen und pr\u00e4sentieren Sie Ihre Uhren in stilvoller Eleganz!<\/strong><\/p>\n<\/div>\n<p><img loading=\"lazy\" decoding=\"async\" class=\"alignleft wp-image-30013 size-medium\" src=\"https:\/\/outletlite.com\/wp-content\/uploads\/2025\/03\/S26645a9f80fe47d4871807892b0fba3fE-300x300.webp\" alt=\"Vintage-Uhrenbox\" width=\"300\" height=\"300\" srcset=\"https:\/\/outletlite.com\/wp-content\/uploads\/2025\/03\/S26645a9f80fe47d4871807892b0fba3fE-300x300.webp 300w, https:\/\/outletlite.com\/wp-content\/uploads\/2025\/03\/S26645a9f80fe47d4871807892b0fba3fE-800x800.webp 800w, https:\/\/outletlite.com\/wp-content\/uploads\/2025\/03\/S26645a9f80fe47d4871807892b0fba3fE-150x150.webp 150w, https:\/\/outletlite.com\/wp-content\/uploads\/2025\/03\/S26645a9f80fe47d4871807892b0fba3fE-768x768.webp 768w, https:\/\/outletlite.com\/wp-content\/uploads\/2025\/03\/S26645a9f80fe47d4871807892b0fba3fE-1536x1536.webp 1536w, https:\/\/outletlite.com\/wp-content\/uploads\/2025\/03\/S26645a9f80fe47d4871807892b0fba3fE-12x12.webp 12w, https:\/\/outletlite.com\/wp-content\/uploads\/2025\/03\/S26645a9f80fe47d4871807892b0fba3fE-430x430.webp 430w, https:\/\/outletlite.com\/wp-content\/uploads\/2025\/03\/S26645a9f80fe47d4871807892b0fba3fE-700x700.webp 700w, https:\/\/outletlite.com\/wp-content\/uploads\/2025\/03\/S26645a9f80fe47d4871807892b0fba3fE-500x500.webp 500w, https:\/\/outletlite.com\/wp-content\/uploads\/2025\/03\/S26645a9f80fe47d4871807892b0fba3fE.webp 1600w\" sizes=\"auto, (max-width: 300px) 100vw, 300px\" \/><\/p>\n<p><img loading=\"lazy\" decoding=\"async\" class=\"alignnone wp-image-30014 size-medium\" src=\"https:\/\/outletlite.com\/wp-content\/uploads\/2025\/03\/S5813a5c3d1694cf98abd4bff1fc0e4acu-300x300.webp\" alt=\"Vintage-Uhrenbox\" width=\"300\" height=\"300\" srcset=\"https:\/\/outletlite.com\/wp-content\/uploads\/2025\/03\/S5813a5c3d1694cf98abd4bff1fc0e4acu-300x300.webp 300w, https:\/\/outletlite.com\/wp-content\/uploads\/2025\/03\/S5813a5c3d1694cf98abd4bff1fc0e4acu-800x800.webp 800w, https:\/\/outletlite.com\/wp-content\/uploads\/2025\/03\/S5813a5c3d1694cf98abd4bff1fc0e4acu-150x150.webp 150w, https:\/\/outletlite.com\/wp-content\/uploads\/2025\/03\/S5813a5c3d1694cf98abd4bff1fc0e4acu-768x768.webp 768w, https:\/\/outletlite.com\/wp-content\/uploads\/2025\/03\/S5813a5c3d1694cf98abd4bff1fc0e4acu-1536x1536.webp 1536w, https:\/\/outletlite.com\/wp-content\/uploads\/2025\/03\/S5813a5c3d1694cf98abd4bff1fc0e4acu-12x12.webp 12w, https:\/\/outletlite.com\/wp-content\/uploads\/2025\/03\/S5813a5c3d1694cf98abd4bff1fc0e4acu-430x430.webp 430w, https:\/\/outletlite.com\/wp-content\/uploads\/2025\/03\/S5813a5c3d1694cf98abd4bff1fc0e4acu-700x700.webp 700w, https:\/\/outletlite.com\/wp-content\/uploads\/2025\/03\/S5813a5c3d1694cf98abd4bff1fc0e4acu-500x500.webp 500w, https:\/\/outletlite.com\/wp-content\/uploads\/2025\/03\/S5813a5c3d1694cf98abd4bff1fc0e4acu.webp 1600w\" sizes=\"auto, (max-width: 300px) 100vw, 300px\" \/><\/p>\n<\/div>\n<\/div>\n","protected":false},"excerpt":{"rendered":"<p><strong>Die Vintage-Uhrenbox bietet 24 gepolsterte F\u00e4cher, ein edles Vintage-Design und einen sicheren Metallverschluss. Ideal f\u00fcr Sammler und Uhrenliebhaber!<\/strong><\/p>","protected":false},"featured_media":30011,"comment_status":"open","ping_status":"closed","template":"","meta":[],"product_brand":[],"product_cat":[2994,404],"product_tag":[],"class_list":{"0":"post-30019","1":"product","2":"type-product","3":"status-publish","4":"has-post-thumbnail","6":"product_cat-halsketten","7":"product_cat-schmuck-uhren","9":"first","10":"instock","11":"purchasable","12":"product-type-variable"},"_links":{"self":[{"href":"https:\/\/outletlite.com\/en\/wp-json\/wp\/v2\/product\/30019","targetHints":{"allow":["GET"]}}],"collection":[{"href":"https:\/\/outletlite.com\/en\/wp-json\/wp\/v2\/product"}],"about":[{"href":"https:\/\/outletlite.com\/en\/wp-json\/wp\/v2\/types\/product"}],"replies":[{"embeddable":true,"href":"https:\/\/outletlite.com\/en\/wp-json\/wp\/v2\/comments?post=30019"}],"wp:featuredmedia":[{"embeddable":true,"href":"https:\/\/outletlite.com\/en\/wp-json\/wp\/v2\/media\/30011"}],"wp:attachment":[{"href":"https:\/\/outletlite.com\/en\/wp-json\/wp\/v2\/media?parent=30019"}],"wp:term":[{"taxonomy":"product_brand","embeddable":true,"href":"https:\/\/outletlite.com\/en\/wp-json\/wp\/v2\/product_brand?post=30019"},{"taxonomy":"product_cat","embeddable":true,"href":"https:\/\/outletlite.com\/en\/wp-json\/wp\/v2\/product_cat?post=30019"},{"taxonomy":"product_tag","embeddable":true,"href":"https:\/\/outletlite.com\/en\/wp-json\/wp\/v2\/product_tag?post=30019"}],"curies":[{"name":"wp","href":"https:\/\/api.w.org\/{rel}","templated":true}]}}