{"id":29199,"date":"2025-03-04T14:46:57","date_gmt":"2025-03-04T14:46:57","guid":{"rendered":"https:\/\/outletlite.com\/26mm-brushless-electric-hammer-drill-multifunctional-rotary-cordless-rechargeable-power-tools-for-makita-18v-battery\/"},"modified":"2026-04-12T12:21:25","modified_gmt":"2026-04-12T12:21:25","slug":"26mm-akku-bohrhammer","status":"publish","type":"product","link":"https:\/\/outletlite.com\/en\/product\/26mm-akku-bohrhammer\/","title":{"rendered":"M\u00e4chtiger 26mm Akku-Bohrhammer \u2013 f\u00fcr Beton,Stein &#038; Metall"},"content":{"rendered":"<h2><strong>26mm Akku-Bohrhammer (1680W) \u2013 B\u00fcrstenloser SDS-Plus Bohrer mit 18V Akku &amp; Makita-Kompatibilit\u00e4t<\/strong><\/h2>\n<p>Der\u00a0<strong>26mm Akku-Bohrhammer<\/strong>\u00a0\u00fcberzeugt mit\u00a0<strong>b\u00fcrstenloser 1680W-Motorleistung<\/strong>\u00a0und\u00a0<strong>SDS-Plus Aufnahme<\/strong>\u00a0f\u00fcr effizientes Bohren in Beton, Stein und Mauerwerk. Dank\u00a0<strong>18V-Akkusystem und Makita-Kompatibilit\u00e4t<\/strong>\u00a0ist er flexibel einsetzbar \u2013 ideal f\u00fcr Bauprofis und anspruchsvolle Heimwerker. Die\u00a0<strong>schlagstarke Technologie<\/strong>\u00a0mit bis zu\u00a0<strong>4.800 Schl\u00e4gen\/Minute<\/strong>\u00a0meistert selbst harte Materialien, w\u00e4hrend das\u00a0<strong>vibrationsarme Design<\/strong>\u00a0erm\u00fcdungsfreies Arbeiten erm\u00f6glicht. Inkl.\u00a0<strong>Tiefenanschlag und Staubschutz<\/strong>\u00a0f\u00fcr pr\u00e4zise Ergebnisse!<\/p>\n<h3 data-start=\"724\" data-end=\"776\">\u2699\ufe0f <strong data-start=\"727\" data-end=\"774\">Warum ist dieser Bohrhammer ideal f\u00fcr dich?<\/strong><\/h3>\n<p data-start=\"778\" data-end=\"1229\">\u2705 <strong data-start=\"780\" data-end=\"808\">1680W Hochleistungsmotor<\/strong> \u2013 Ideal f\u00fcr Granit, Beton &amp; Mauerwerk<br data-start=\"846\" data-end=\"849\" \/>\u2705 <strong data-start=\"851\" data-end=\"873\">B\u00fcrstenloser Motor<\/strong> \u2013 L\u00e4ngere Haltbarkeit, weniger Wartung<br data-start=\"912\" data-end=\"915\" \/>\u2705 <strong data-start=\"917\" data-end=\"938\">SDS-Plus Aufnahme<\/strong> \u2013 Schnell &amp; werkzeugloses Wechseln der Bohrer<br data-start=\"984\" data-end=\"987\" data-is-only-node=\"\" \/>\u2705 <strong data-start=\"989\" data-end=\"1037\">Mehrfachmodus: Bohren, Hammerbohren, Mei\u00dfeln<\/strong> \u2013 Maximale Vielseitigkeit<br data-start=\"1063\" data-end=\"1066\" \/>\u2705 <strong data-start=\"1068\" data-end=\"1124\">Leerlaufdrehzahl 3500 U\/min, Schlagfrequenz 4800 ipm<\/strong> \u2013 Effiziente Arbeitsleistung<br data-start=\"1153\" data-end=\"1156\" \/>\u2705 <strong data-start=\"1158\" data-end=\"1193\">Kompatibel mit 18V Makita Akkus<\/strong> \u2013 Kabelloses &amp; flexibles Arbeiten<\/p>\n<p data-start=\"1231\" data-end=\"1389\">Dieser <strong data-start=\"1238\" data-end=\"1273\">leistungsstarke Akku-Bohrhammer<\/strong> ist ideal f\u00fcr <strong data-start=\"1288\" data-end=\"1314\">Bauprofis &amp; Heimwerker<\/strong>, die einen <strong data-start=\"1326\" data-end=\"1376\">vielseitigen, langlebigen &amp; kraftvollen Bohrer<\/strong> ben\u00f6tigen!<\/p>\n<h3>\ud83c\udf81 <strong data-start=\"1394\" data-end=\"1435\">Lieferumfang (je nach gew\u00e4hltem Set):<\/strong><\/h3>\n<p>\u2714\ufe0f 1 \u00d7 26mm Akku-Bohrhammer<br data-start=\"1465\" data-end=\"1468\" \/>\u2714\ufe0f 8 \u00d7 Zubeh\u00f6rteile<br data-start=\"1487\" data-end=\"1490\" \/>\u2714\ufe0f 1 \u00d7 Akku (optional)<br data-start=\"1512\" data-end=\"1515\" \/>\u2714\ufe0f 1 \u00d7 Ladeger\u00e4t (optional)<\/p>\n<h3><strong>Produktvorteile\u00a0<\/strong><\/h3>\n<p>\u2714\u00a0<strong>Professionelle Leistung<\/strong>:\u00a0<strong>1680W b\u00fcrstenloser Motor<\/strong>\u00a0f\u00fcr maximale Bohrleistung.<br \/>\n\u2714\u00a0<strong>Makita-Kompatibel<\/strong>: Nutzt\u00a0<strong>18V-Akkus<\/strong>\u00a0(z. B. BL1850) f\u00fcr flexible Eins\u00e4tze.<br \/>\n\u2714\u00a0<strong>SDS-Plus Aufnahme<\/strong>: Schneller Wechsel von\u00a0<strong>Bohrern bis 26mm Durchmesser<\/strong>.<br \/>\n\u2714\u00a0<strong>Schlagstark<\/strong>: Bis zu\u00a0<strong>4.800 Schl\u00e4ge\/Minute<\/strong>\u00a0f\u00fcr Beton &amp; Mauerwerk.<br \/>\n\u2714\u00a0<strong>Praktisch<\/strong>:\u00a0<strong>Tiefenanschlag, Staubschutz &amp; ergonomischer Soft-Griff<\/strong>.<\/p>\n<h3><strong><img loading=\"lazy\" decoding=\"async\" class=\"alignnone\" src=\"https:\/\/outletlite.com\/wp-content\/uploads\/2025\/03\/S998dc7a326894b929a80d86689a0759b2-300x300.webp\" alt=\"26mm Akku-Bohrhammer\" width=\"300\" height=\"300\" \/><\/strong><\/h3>\n<p>&nbsp;<\/p>\n<h3>\u2728\u00a0<strong>Shop Now &amp; Save Big!<\/strong>\u00a0\u2728<\/h3>\n<p>Discover unbeatable deals on premium products at\u00a0<a href=\"https:\/\/outletlite.com\/shop\/\" target=\"_blank\" rel=\"noopener noreferrer\">OutletLite<\/a>. Whether you&#8217;re upgrading your skincare routine, home essentials, or lifestyle, we\u2019ve got you covered with top-quality items at discounted prices. Don\u2019t wait \u2013 your next favorite product is just a click away!<\/p>\n<p>\u2705\u00a0<strong>Fast Shipping<\/strong>\u00a0| \u2705\u00a0<strong>Secure Checkout<\/strong>\u00a0| \u2705\u00a0<strong>Satisfaction Guaranteed<\/strong><\/p>\n<p>\ud83d\udc49\u00a0<strong>Click here to explore our full collection and grab your favorites before they\u2019re gone!<a href=\"https:\/\/outletlite.com\"><img loading=\"lazy\" decoding=\"async\" class=\"alignnone wp-image-20938 size-thumbnail\" src=\"https:\/\/outletlite.com\/wp-content\/uploads\/2025\/02\/outletlite-icon-150x150.png\" alt=\"outletlite\" width=\"150\" height=\"150\" srcset=\"https:\/\/outletlite.com\/wp-content\/uploads\/2025\/02\/outletlite-icon-150x150.png 150w, https:\/\/outletlite.com\/wp-content\/uploads\/2025\/02\/outletlite-icon-430x430.png 430w, https:\/\/outletlite.com\/wp-content\/uploads\/2025\/02\/outletlite-icon-300x300.png 300w, https:\/\/outletlite.com\/wp-content\/uploads\/2025\/02\/outletlite-icon-12x12.png 12w, https:\/\/outletlite.com\/wp-content\/uploads\/2025\/02\/outletlite-icon.png 512w\" sizes=\"auto, (max-width: 150px) 100vw, 150px\" \/><\/a><\/strong><\/p>\n<p><strong data-spm-anchor-id=\"2b75ac3d.2ef5001f.0.i77.3d4dc9215SI9Xt\">Folge uns auf unseren Social-Media-Kan\u00e4len, um immer up-to-date zu bleiben! \ud83c\udf1f [<a href=\"https:\/\/www.facebook.com\/Outletlite2024\" target=\"_blank\" rel=\"noopener\">Facebook<\/a>] [<a href=\"https:\/\/www.instagram.com\/outletlite_\/\" target=\"_blank\" rel=\"noopener\">Instagram<\/a>] [<a href=\"https:\/\/www.tiktok.com\/@outletlite\" target=\"_blank\" rel=\"noopener\">TikTok<\/a>]<\/strong><\/p>\n<h3>Anleitung zur Verwendung<\/h3>\n<ol start=\"1\">\n<li><strong>Akku einsetzen<\/strong>: Kompatibel mit\u00a0<strong>Makita 18V-Akkus<\/strong>\u00a0(z. B. BL1850).<\/li>\n<li><strong>Bohrer einspannen<\/strong>: SDS-Plus Bohrer (bis 26mm) werkzeuglos einsetzen.<\/li>\n<li><strong>Modus w\u00e4hlen<\/strong>: Drehrichtung und Schlagfunktion aktivieren.<\/li>\n<li><strong>Bohren<\/strong>: Gleichm\u00e4\u00dfigen Druck aus\u00fcben, Tiefenanschlag nutzen.<\/li>\n<li><strong>Wartung<\/strong>: SDS-Mechanismus regelm\u00e4\u00dfig von Staub befreien.<\/li>\n<\/ol>\n<p><iframe loading=\"lazy\" title=\"\ud83d\udd25DER KLEINSTE 18V Akku-Bohrhammer DHR171 von MAKITA! - Makita DHR171 im Test\" width=\"500\" height=\"281\" src=\"https:\/\/www.youtube.com\/embed\/UGJALphXBv8?feature=oembed\" frameborder=\"0\" allow=\"accelerometer; autoplay; clipboard-write; encrypted-media; gyroscope; picture-in-picture; web-share\" referrerpolicy=\"strict-origin-when-cross-origin\" allowfullscreen><\/iframe><\/p>\n","protected":false},"excerpt":{"rendered":"<p><strong>26mm Akku-Bohrhammer (1680W, b\u00fcrstenlos)<\/strong>\u00a0mit SDS-Plus Aufnahme &amp; 18V Akku (Makita-kompatibel). Ideal f\u00fcr Betonbohrungen \u2013 leistungsstark &amp; vibrationsarm.<\/p>","protected":false},"featured_media":29191,"comment_status":"open","ping_status":"closed","template":"","meta":[],"product_brand":[],"product_cat":[407],"product_tag":[],"class_list":{"0":"post-29199","1":"product","2":"type-product","3":"status-publish","4":"has-post-thumbnail","6":"product_cat-werkzeuge-heimwerkerbedarf","8":"first","9":"outofstock","10":"product-type-variable"},"_links":{"self":[{"href":"https:\/\/outletlite.com\/en\/wp-json\/wp\/v2\/product\/29199","targetHints":{"allow":["GET"]}}],"collection":[{"href":"https:\/\/outletlite.com\/en\/wp-json\/wp\/v2\/product"}],"about":[{"href":"https:\/\/outletlite.com\/en\/wp-json\/wp\/v2\/types\/product"}],"replies":[{"embeddable":true,"href":"https:\/\/outletlite.com\/en\/wp-json\/wp\/v2\/comments?post=29199"}],"wp:featuredmedia":[{"embeddable":true,"href":"https:\/\/outletlite.com\/en\/wp-json\/wp\/v2\/media\/29191"}],"wp:attachment":[{"href":"https:\/\/outletlite.com\/en\/wp-json\/wp\/v2\/media?parent=29199"}],"wp:term":[{"taxonomy":"product_brand","embeddable":true,"href":"https:\/\/outletlite.com\/en\/wp-json\/wp\/v2\/product_brand?post=29199"},{"taxonomy":"product_cat","embeddable":true,"href":"https:\/\/outletlite.com\/en\/wp-json\/wp\/v2\/product_cat?post=29199"},{"taxonomy":"product_tag","embeddable":true,"href":"https:\/\/outletlite.com\/en\/wp-json\/wp\/v2\/product_tag?post=29199"}],"curies":[{"name":"wp","href":"https:\/\/api.w.org\/{rel}","templated":true}]}}