{"id":29072,"date":"2025-03-04T14:45:18","date_gmt":"2025-03-04T14:45:18","guid":{"rendered":"https:\/\/outletlite.com\/deko-220v-professional-grade-impact-drilll-2-functions-drill-screwdriver-electric-tool-power-tool-dkid-series\/"},"modified":"2026-04-28T01:04:28","modified_gmt":"2026-04-28T01:04:28","slug":"deko-220v-schlagbohrmaschine","status":"publish","type":"product","link":"https:\/\/outletlite.com\/en\/product\/deko-220v-schlagbohrmaschine\/","title":{"rendered":"Kraftvolle DEKO 220V Schlagbohrmaschine \u2013 3000 U\/min, 2-in-1"},"content":{"rendered":"<h2><strong>DEKO 220V Schlagbohrmaschine \u2013 Profi-Bohrschrauber mit 3000 U\/min &amp; 2 Funktionen f\u00fcr maximale Vielseitigkeit<\/strong><\/h2>\n<p>Die\u00a0<strong>DEKO 220V Schlagbohrmaschine<\/strong>\u00a0ist der ideale Begleiter f\u00fcr anspruchsvolle Bohr- und Schraubarbeiten. Mit einer\u00a0<strong>hohen Drehzahl von bis zu 3000 U\/min<\/strong>\u00a0und\u00a0<strong>zwei Betriebsmodi (Bohren &amp; Schrauben)<\/strong>\u00a0meistert sie m\u00fchelos Holz, Metall und sogar Beton. Die\u00a0<strong>leistungsstarke 220V-Version<\/strong>\u00a0garantiert konstante Power ohne Akkuladezeiten, w\u00e4hrend das\u00a0<strong>ergonomische Design<\/strong>\u00a0f\u00fcr komfortables Arbeiten sorgt. Perfekt f\u00fcr Handwerker und ambitionierte Heimwerker!<\/p>\n<h3 data-start=\"736\" data-end=\"797\">\ud83d\udd27 <strong data-start=\"739\" data-end=\"795\">Warum ist diese Schlagbohrmaschine perfekt f\u00fcr dich?<\/strong><\/h3>\n<p data-start=\"799\" data-end=\"1184\">\u2705 <strong data-start=\"801\" data-end=\"846\">2-in-1 Funktion: Schlagbohren &amp; Schrauben<\/strong> \u2013 Ideal f\u00fcr vielseitige Anwendungen<br data-start=\"882\" data-end=\"885\" \/>\u2705 <strong data-start=\"887\" data-end=\"934\">Max. 3000 U\/min &amp; 45.000 bpm Schlagfrequenz<\/strong> \u2013 Leistungsstark f\u00fcr Mauerwerk, Holz &amp; Metall<br data-start=\"980\" data-end=\"983\" \/>\u2705 <strong data-start=\"985\" data-end=\"1020\">Robustes &amp; ergonomisches Design<\/strong> \u2013 Sicherer Halt &amp; pr\u00e4zise Steuerung<br data-start=\"1056\" data-end=\"1059\" data-is-only-node=\"\" \/>\u2705 <strong data-start=\"1061\" data-end=\"1087\">1\/2-Zoll Bohrkapazit\u00e4t<\/strong> \u2013 Perfekt f\u00fcr Heimwerker &amp; Profis<br data-start=\"1121\" data-end=\"1124\" \/>\u2705 <strong data-start=\"1126\" data-end=\"1146\">220V Netzbetrieb<\/strong> \u2013 Stabile Leistung ohne Akkuwechsel<\/p>\n<p data-start=\"1186\" data-end=\"1315\">Diese <strong data-start=\"1192\" data-end=\"1230\">leistungsstarke Schlagbohrmaschine<\/strong> ist die perfekte Wahl f\u00fcr <strong data-start=\"1257\" data-end=\"1312\">Heimwerker, Renovierungen &amp; professionelle Arbeiten<\/strong>!<\/p>\n<h3>\ud83c\udf81 <strong data-start=\"1320\" data-end=\"1337\">Lieferumfang:<\/strong><\/h3>\n<p>\u2714\ufe0f 1 \u00d7 DEKO 220V Schlagbohrmaschine<br data-start=\"1375\" data-end=\"1378\" \/>\u2714\ufe0f 1 \u00d7 Bedienungsanleitung<\/p>\n<h3><strong>\u00a0Produktvorteile<\/strong><\/h3>\n<p>\u2714\u00a0<strong>Hochleistungsmotor<\/strong>: 220V-Netzbetrieb mit bis zu\u00a0<strong>3000 U\/min<\/strong>\u00a0f\u00fcr schnelle Ergebnisse.<br \/>\n\u2714\u00a0<strong>2-in-1-Funktion<\/strong>: Bohren\u00a0<strong>und<\/strong>\u00a0Schrauben in einem Ger\u00e4t.<br \/>\n\u2714\u00a0<strong>Schlagfunktion<\/strong>: Ideal f\u00fcr\u00a0<strong>Beton &amp; Mauerwerk<\/strong>.<br \/>\n\u2714\u00a0<strong>Praktisch<\/strong>:\u00a0<strong>Schnellspannbohrfutter<\/strong>\u00a0f\u00fcr werkzeuglosen Bit-Wechsel.<br \/>\n\u2714\u00a0<strong>Robust<\/strong>: Langlebiges Metallgetriebe &amp; ergonomischer\u00a0<strong>Soft-Grip-Handgriff<\/strong>.<\/p>\n<p data-start=\"1317\" data-end=\"1406\"><img loading=\"lazy\" decoding=\"async\" class=\"alignnone\" src=\"https:\/\/outletlite.com\/wp-content\/uploads\/2025\/03\/S43c2d2e328e647c5b50a3f019000c8edc-300x300.webp\" alt=\"DEKO 220V Schlagbohrmaschine\" width=\"300\" height=\"300\" \/><\/p>\n<h3>\u2728\u00a0<strong>Shop Now &amp; Save Big!<\/strong>\u00a0\u2728<\/h3>\n<p>Discover unbeatable deals on premium products at\u00a0<a href=\"https:\/\/outletlite.com\/shop\/\" target=\"_blank\" rel=\"noopener noreferrer\">OutletLite<\/a>. Whether you&#8217;re upgrading your skincare routine, home essentials, or lifestyle, we\u2019ve got you covered with top-quality items at discounted prices. Don\u2019t wait \u2013 your next favorite product is just a click away!<\/p>\n<p>\u2705\u00a0<strong>Fast Shipping<\/strong>\u00a0| \u2705\u00a0<strong>Secure Checkout<\/strong>\u00a0| \u2705\u00a0<strong>Satisfaction Guaranteed<\/strong><\/p>\n<p>\ud83d\udc49\u00a0<strong>Click here to explore our full collection and grab your favorites before they\u2019re gone!<a href=\"https:\/\/outletlite.com\"><img loading=\"lazy\" decoding=\"async\" class=\"alignnone wp-image-20938 size-thumbnail\" src=\"https:\/\/outletlite.com\/wp-content\/uploads\/2025\/02\/outletlite-icon-150x150.png\" alt=\"outletlite\" width=\"150\" height=\"150\" srcset=\"https:\/\/outletlite.com\/wp-content\/uploads\/2025\/02\/outletlite-icon-150x150.png 150w, https:\/\/outletlite.com\/wp-content\/uploads\/2025\/02\/outletlite-icon-430x430.png 430w, https:\/\/outletlite.com\/wp-content\/uploads\/2025\/02\/outletlite-icon-300x300.png 300w, https:\/\/outletlite.com\/wp-content\/uploads\/2025\/02\/outletlite-icon-12x12.png 12w, https:\/\/outletlite.com\/wp-content\/uploads\/2025\/02\/outletlite-icon.png 512w\" sizes=\"auto, (max-width: 150px) 100vw, 150px\" \/><\/a><\/strong><\/p>\n<p><strong data-spm-anchor-id=\"2b75ac3d.2ef5001f.0.i77.3d4dc9215SI9Xt\">Folge uns auf unseren Social-Media-Kan\u00e4len, um immer up-to-date zu bleiben! \ud83c\udf1f [<a href=\"https:\/\/www.facebook.com\/Outletlite2024\" target=\"_blank\" rel=\"noopener\">Facebook<\/a>] [<a href=\"https:\/\/www.instagram.com\/outletlite_\/\" target=\"_blank\" rel=\"noopener\">Instagram<\/a>] [<a href=\"https:\/\/www.tiktok.com\/@outletlite\" target=\"_blank\" rel=\"noopener\">TikTok<\/a>]<\/strong><\/p>\n<h3><strong>Anleitung zur Verwendung<\/strong><\/h3>\n<ol start=\"1\">\n<li><strong>Strom anschlie\u00dfen<\/strong>: 220V-Steckdose verbinden.<\/li>\n<li><strong>Modus w\u00e4hlen<\/strong>: Drehrichtung (Links\/Rechts) und Betriebsart (Bohren\/Schrauben) einstellen.<\/li>\n<li><strong>Bohrfutter spannen<\/strong>: Bit oder Bohraufsatz werkzeuglos einsetzen.<\/li>\n<li><strong>Starten<\/strong>: Ausl\u00f6ser bet\u00e4tigen und gleichm\u00e4\u00dfigen Druck aus\u00fcben.<\/li>\n<li><strong>F\u00fcr Beton<\/strong>: Schlagfunktion aktivieren und mit Hammerbohrern arbeiten.<\/li>\n<\/ol>\n<p><iframe loading=\"lazy\" title=\"DEKO DKRH32LD15 220V Multifunctional Impact Rotary Hammer 1500W For Woodworking DIY Electric Demolit\" width=\"500\" height=\"281\" src=\"https:\/\/www.youtube.com\/embed\/53vaiSR2HjA?feature=oembed\" frameborder=\"0\" allow=\"accelerometer; autoplay; clipboard-write; encrypted-media; gyroscope; picture-in-picture; web-share\" referrerpolicy=\"strict-origin-when-cross-origin\" allowfullscreen><\/iframe><\/p>\n","protected":false},"excerpt":{"rendered":"<p><strong>DEKO 220V Schlagbohrmaschine<\/strong>\u00a0mit 3000 U\/min und 2 Funktionen (Bohren\/Schrauben). Ideal f\u00fcr Holz, Metall &amp; leichte Betonarbeiten \u2013 kabelgebunden &amp; leistungsstark.<\/p>","protected":false},"featured_media":29064,"comment_status":"open","ping_status":"closed","template":"","meta":[],"product_brand":[],"product_cat":[407],"product_tag":[],"class_list":{"0":"post-29072","1":"product","2":"type-product","3":"status-publish","4":"has-post-thumbnail","6":"product_cat-werkzeuge-heimwerkerbedarf","8":"first","9":"instock","10":"purchasable","11":"product-type-variable"},"_links":{"self":[{"href":"https:\/\/outletlite.com\/en\/wp-json\/wp\/v2\/product\/29072","targetHints":{"allow":["GET"]}}],"collection":[{"href":"https:\/\/outletlite.com\/en\/wp-json\/wp\/v2\/product"}],"about":[{"href":"https:\/\/outletlite.com\/en\/wp-json\/wp\/v2\/types\/product"}],"replies":[{"embeddable":true,"href":"https:\/\/outletlite.com\/en\/wp-json\/wp\/v2\/comments?post=29072"}],"wp:featuredmedia":[{"embeddable":true,"href":"https:\/\/outletlite.com\/en\/wp-json\/wp\/v2\/media\/29064"}],"wp:attachment":[{"href":"https:\/\/outletlite.com\/en\/wp-json\/wp\/v2\/media?parent=29072"}],"wp:term":[{"taxonomy":"product_brand","embeddable":true,"href":"https:\/\/outletlite.com\/en\/wp-json\/wp\/v2\/product_brand?post=29072"},{"taxonomy":"product_cat","embeddable":true,"href":"https:\/\/outletlite.com\/en\/wp-json\/wp\/v2\/product_cat?post=29072"},{"taxonomy":"product_tag","embeddable":true,"href":"https:\/\/outletlite.com\/en\/wp-json\/wp\/v2\/product_tag?post=29072"}],"curies":[{"name":"wp","href":"https:\/\/api.w.org\/{rel}","templated":true}]}}