{"id":28628,"date":"2025-03-04T14:33:48","date_gmt":"2025-03-04T14:33:48","guid":{"rendered":"https:\/\/outletlite.com\/brushless-2500w-electric-snow-plow-snow-sweeper-250mm-digital-cordless-snow-shovel-clean-street-courtyard-for-makita-18v-battery\/"},"modified":"2026-04-26T01:12:35","modified_gmt":"2026-04-26T01:12:35","slug":"2500w-akku-schneefraese","status":"publish","type":"product","link":"https:\/\/outletlite.com\/en\/product\/2500w-akku-schneefraese\/","title":{"rendered":"Makita-kompatible 2500-W-Akku-Schneefr\u00e4se \u2013 leistungsstark &#038; effizient"},"content":{"rendered":"<h2><strong>2500W Akku-Schneefraese \u2013 B\u00fcrstenloser Elektroschneeschieber mit 250mm Schneebesen &amp; Makita 18V Kompatibilit\u00e4t<\/strong><\/h2>\n<p>Die\u00a0<strong>ONEWAN 2500W Akku-Schneefraese<\/strong>\u00a0ist das perfekte Werkzeug f\u00fcr effiziente Schneer\u00e4umarbeiten. Mit einem\u00a0<strong>leistungsstarken b\u00fcrstenlosen Motor (20000 U\/min)<\/strong>\u00a0und einem\u00a0<strong>250mm breiten Schneebesen<\/strong>\u00a0entfernt sie m\u00fchelos Schnee von Gehwegen, Einfahrten und Terrassen. Dank\u00a0<strong>Makita 18V Akku-Kompatibilit\u00e4t<\/strong>\u00a0ist sie kabellos und flexibel einsetzbar. Das\u00a0<strong>kompakte Design (3.5A Stromaufnahme)<\/strong>\u00a0und die\u00a0<strong>einfache Bedienung<\/strong>\u00a0machen sie ideal f\u00fcr private und gewerbliche Nutzung \u2013 kraftvoll, leise und umweltfreundlich!<\/p>\n<h3 data-start=\"844\" data-end=\"904\">\ud83d\udd27 <strong data-start=\"847\" data-end=\"902\">Warum ist diese Akku-Schneefraese die perfekte Wahl?<\/strong><\/h3>\n<p data-start=\"906\" data-end=\"1341\">\u2705 <strong data-start=\"908\" data-end=\"936\">2500W b\u00fcrstenloser Motor<\/strong> \u2013 H\u00f6here Effizienz &amp; l\u00e4ngere Lebensdauer<br data-start=\"977\" data-end=\"980\" \/>\u2705 <strong data-start=\"982\" data-end=\"1004\">Trommell\u00e4nge 250mm<\/strong> \u2013 Ideal f\u00fcr Gehwege, H\u00f6fe &amp; Stra\u00dfen<br data-start=\"1040\" data-end=\"1043\" data-is-only-node=\"\" \/>\u2705 <strong data-start=\"1045\" data-end=\"1080\">Leerlaufdrehzahl 0-20.000 U\/min<\/strong> \u2013 Starke Schneer\u00e4umleistung<br data-start=\"1108\" data-end=\"1111\" \/>\u2705 <strong data-start=\"1113\" data-end=\"1133\">Umweltfreundlich<\/strong> \u2013 Kein Salz oder Chemikalien erforderlich<br data-start=\"1175\" data-end=\"1178\" \/>\u2705 <strong data-start=\"1180\" data-end=\"1232\">Geringe Ger\u00e4uschentwicklung &amp; niedrige Vibration<\/strong> \u2013 Angenehmer Betrieb<br data-start=\"1253\" data-end=\"1256\" \/>\u2705 <strong data-start=\"1258\" data-end=\"1293\">Kompatibel mit Makita 18V Akkus<\/strong> \u2013 Kabellose Nutzung f\u00fcr maximale Flexibilit\u00e4t<\/p>\n<p data-start=\"1343\" data-end=\"1534\">Diese <strong data-start=\"1349\" data-end=\"1396\">leistungsstarke &amp; kompakte Akku-Schneefraese<\/strong> ist ideal f\u00fcr <strong data-start=\"1411\" data-end=\"1474\">Hausbesitzer, Grundst\u00fccksbesitzer &amp; professionelle Anwender<\/strong>, die eine <strong data-start=\"1485\" data-end=\"1522\">effektive &amp; bequeme Schneer\u00e4umung<\/strong> w\u00fcnschen!<\/p>\n<h3>\ud83c\udf81 <strong data-start=\"1539\" data-end=\"1580\">Lieferumfang (je nach gew\u00e4hltem Set):<\/strong><\/h3>\n<p>\u2714\ufe0f 1 \u00d7 Akku-Schneefraese (ohne Akku)<br data-start=\"1618\" data-end=\"1621\" \/>\u2714\ufe0f 1 \u00d7 Griff<br data-start=\"1633\" data-end=\"1636\" \/>\u2714\ufe0f 1 \u00d7 Ladeger\u00e4t (bei Akku-Sets)<br data-start=\"1668\" data-end=\"1671\" \/>\u2714\ufe0f 1 \/ 2 \u00d7 29900mAh Li-Ion Akku (optional)<\/p>\n<p data-start=\"1717\" data-end=\"1783\" data-is-last-node=\"\" data-is-only-node=\"\"><a href=\"#\">\ud83d\udecd\ufe0f <strong data-start=\"1721\" data-end=\"1777\">Jetzt bestellen &amp; Schnee m\u00fchelos &amp; effizient r\u00e4umen!<\/strong> \u2744\ufe0f\ud83d\udd27\u26a1<\/a><\/p>\n<h3><strong>Produktvorteile<\/strong><\/h3>\n<p>\u2714\u00a0<strong>Hochleistung<\/strong>:\u00a0<strong>2500W b\u00fcrstenloser Motor<\/strong>\u00a0mit 20000 U\/min f\u00fcr effizientes Schneer\u00e4umen<br \/>\n\u2714\u00a0<strong>Breite Arbeitsfl\u00e4che<\/strong>:\u00a0<strong>250mm Schneebesen<\/strong>\u00a0f\u00fcr schnelles Arbeiten<br \/>\n\u2714\u00a0<strong>Makita-Kompatibel<\/strong>: Nutzt\u00a0<strong>18V Akkus<\/strong>\u00a0(z.B. BL1850) f\u00fcr kabellose Flexibilit\u00e4t<br \/>\n\u2714\u00a0<strong>Leicht &amp; handlich<\/strong>:\u00a0<strong>Kompaktes Design<\/strong>\u00a0(3.5A) f\u00fcr einfache Handhabung<br \/>\n\u2714\u00a0<strong>Umweltfreundlich<\/strong>: Keine Emissionen, leiser Betrieb<\/p>\n<p><img loading=\"lazy\" decoding=\"async\" class=\"alignnone\" src=\"https:\/\/outletlite.com\/wp-content\/uploads\/2025\/03\/S98c56b8e619c4750b6c055ab2fe44533P-300x300.webp\" alt=\"2500W Akku-Schneefraese\" width=\"300\" height=\"300\" \/><\/p>\n<h3>\u2728\u00a0<strong>Shop Now &amp; Save Big!<\/strong>\u00a0\u2728<\/h3>\n<p>Discover unbeatable deals on premium products at\u00a0<a href=\"https:\/\/outletlite.com\/shop\/\" target=\"_blank\" rel=\"noopener noreferrer\">OutletLite<\/a>. Whether you&#8217;re upgrading your skincare routine, home essentials, or lifestyle, we\u2019ve got you covered with top-quality items at discounted prices. Don\u2019t wait \u2013 your next favorite product is just a click away!<\/p>\n<p>\u2705\u00a0<strong>Fast Shipping<\/strong>\u00a0| \u2705\u00a0<strong>Secure Checkout<\/strong>\u00a0| \u2705\u00a0<strong>Satisfaction Guaranteed<\/strong><\/p>\n<p>\ud83d\udc49\u00a0<strong>Click here to explore our full collection and grab your favorites before they\u2019re gone!<a href=\"https:\/\/outletlite.com\"><img loading=\"lazy\" decoding=\"async\" class=\"alignnone wp-image-20938 size-thumbnail\" src=\"https:\/\/outletlite.com\/wp-content\/uploads\/2025\/02\/outletlite-icon-150x150.png\" alt=\"outletlite\" width=\"150\" height=\"150\" srcset=\"https:\/\/outletlite.com\/wp-content\/uploads\/2025\/02\/outletlite-icon-150x150.png 150w, https:\/\/outletlite.com\/wp-content\/uploads\/2025\/02\/outletlite-icon-430x430.png 430w, https:\/\/outletlite.com\/wp-content\/uploads\/2025\/02\/outletlite-icon-300x300.png 300w, https:\/\/outletlite.com\/wp-content\/uploads\/2025\/02\/outletlite-icon-12x12.png 12w, https:\/\/outletlite.com\/wp-content\/uploads\/2025\/02\/outletlite-icon.png 512w\" sizes=\"auto, (max-width: 150px) 100vw, 150px\" \/><\/a><\/strong><\/p>\n<p><strong data-spm-anchor-id=\"2b75ac3d.2ef5001f.0.i77.3d4dc9215SI9Xt\">Folge uns auf unseren Social-Media-Kan\u00e4len, um immer up-to-date zu bleiben! \ud83c\udf1f [<a href=\"https:\/\/www.facebook.com\/Outletlite2024\" target=\"_blank\" rel=\"noopener\">Facebook<\/a>] [<a href=\"https:\/\/www.instagram.com\/outletlite_\/\" target=\"_blank\" rel=\"noopener\">Instagram<\/a>] [<a href=\"https:\/\/www.tiktok.com\/@outletlite\" target=\"_blank\" rel=\"noopener\">TikTok<\/a>]<\/strong><\/p>\n<p>&nbsp;<\/p>\n<h3><strong>Anleitung zur Verwendung<\/strong><\/h3>\n<ol start=\"1\">\n<li><strong>Akku einsetzen<\/strong>: Kompatiblen Makita 18V Akku (mind. 5.0Ah empfohlen) einlegen<\/li>\n<li><strong>Schneebesen pr\u00fcfen<\/strong>: Auf festen Sitz und freie Bewegung achten<\/li>\n<li><strong>Starten<\/strong>: Sicherheitsschalter l\u00f6sen und Ausl\u00f6ser bet\u00e4tigen<\/li>\n<li><strong>Schnee r\u00e4umen<\/strong>: Gleichm\u00e4\u00dfig \u00fcber die Fl\u00e4che f\u00fchren<\/li>\n<li><strong>Wartung<\/strong>: Nach Gebrauch von Schnee und Feuchtigkeit befreien<\/li>\n<\/ol>\n<p><iframe loading=\"lazy\" title=\"Akku-Schneefr\u00e4se GE-ST 36\/40 Li E\" width=\"500\" height=\"281\" src=\"https:\/\/www.youtube.com\/embed\/td7t_LZPPA4?feature=oembed\" frameborder=\"0\" allow=\"accelerometer; autoplay; clipboard-write; encrypted-media; gyroscope; picture-in-picture; web-share\" referrerpolicy=\"strict-origin-when-cross-origin\" allowfullscreen><\/iframe><\/p>\n","protected":false},"excerpt":{"rendered":"<p><strong>2500W Akku-Schneefraese (b\u00fcrstenlos, 20000 U\/min)<\/strong>\u00a0mit 250mm Schneebesen &amp; Makita 18V Kompatibilit\u00e4t. Ideal f\u00fcr schnelle Schneer\u00e4umarbeiten.<\/p>","protected":false},"featured_media":28619,"comment_status":"open","ping_status":"closed","template":"","meta":[],"product_brand":[],"product_cat":[407],"product_tag":[],"class_list":{"0":"post-28628","1":"product","2":"type-product","3":"status-publish","4":"has-post-thumbnail","6":"product_cat-werkzeuge-heimwerkerbedarf","8":"first","9":"outofstock","10":"product-type-variable"},"_links":{"self":[{"href":"https:\/\/outletlite.com\/en\/wp-json\/wp\/v2\/product\/28628","targetHints":{"allow":["GET"]}}],"collection":[{"href":"https:\/\/outletlite.com\/en\/wp-json\/wp\/v2\/product"}],"about":[{"href":"https:\/\/outletlite.com\/en\/wp-json\/wp\/v2\/types\/product"}],"replies":[{"embeddable":true,"href":"https:\/\/outletlite.com\/en\/wp-json\/wp\/v2\/comments?post=28628"}],"wp:featuredmedia":[{"embeddable":true,"href":"https:\/\/outletlite.com\/en\/wp-json\/wp\/v2\/media\/28619"}],"wp:attachment":[{"href":"https:\/\/outletlite.com\/en\/wp-json\/wp\/v2\/media?parent=28628"}],"wp:term":[{"taxonomy":"product_brand","embeddable":true,"href":"https:\/\/outletlite.com\/en\/wp-json\/wp\/v2\/product_brand?post=28628"},{"taxonomy":"product_cat","embeddable":true,"href":"https:\/\/outletlite.com\/en\/wp-json\/wp\/v2\/product_cat?post=28628"},{"taxonomy":"product_tag","embeddable":true,"href":"https:\/\/outletlite.com\/en\/wp-json\/wp\/v2\/product_tag?post=28628"}],"curies":[{"name":"wp","href":"https:\/\/api.w.org\/{rel}","templated":true}]}}