{"id":24627,"date":"2025-03-03T20:16:13","date_gmt":"2025-03-03T20:16:13","guid":{"rendered":"https:\/\/outletlite.com\/?post_type=product&#038;p=24627"},"modified":"2026-04-26T01:02:58","modified_gmt":"2026-04-26T01:02:58","slug":"wiegen-loeffel-waage-home-kueche-werkzeug-elektronische-messung-kaffee-lebensmittel-mehl-pulver-backen-lcd-digitale-messung-einstellbar","status":"publish","type":"product","link":"https:\/\/outletlite.com\/en\/product\/wiegen-loeffel-waage-home-kueche-werkzeug-elektronische-messung-kaffee-lebensmittel-mehl-pulver-backen-lcd-digitale-messung-einstellbar\/","title":{"rendered":"Digitale L\u00f6ffelwaage \u2013 Pr\u00e4zise K\u00fcchenwaage mit LCD-Anzeige f\u00fcr Mehl, Zucker &amp; Fl\u00fcssigkeiten"},"content":{"rendered":"<p data-start=\"163\" data-end=\"499\">Dieser <strong data-start=\"200\" data-end=\"236\">hochpr\u00e4zise digitale Wiegel\u00f6ffel<\/strong> ist das perfekte K\u00fcchenwerkzeug f\u00fcr <strong data-start=\"273\" data-end=\"357\">pr\u00e4zise Messungen von Mehl, Zucker, Fl\u00fcssigkeiten, Kakaopulver &amp; anderen Zutaten<\/strong>. Mit einer <strong data-start=\"369\" data-end=\"397\" data-is-only-node=\"\">Messgenauigkeit von 0,1g<\/strong> &amp; einer Kapazit\u00e4t von bis zu <strong data-start=\"427\" data-end=\"435\">500g<\/strong> erm\u00f6glicht er exakte Portionierungen f\u00fcr Back- &amp; Kochrezepte.<\/p>\n<p data-start=\"501\" data-end=\"748\">Das <strong data-start=\"505\" data-end=\"526\">gro\u00dfe LCD-Display<\/strong> sorgt f\u00fcr eine einfache Ablesbarkeit, w\u00e4hrend die <strong data-start=\"577\" data-end=\"634\">Tara-Funktion &amp; verschiedene Gewichtseinheiten (g\/oz)<\/strong> f\u00fcr maximale Flexibilit\u00e4t sorgen. Der <strong data-start=\"673\" data-end=\"694\">abnehmbare L\u00f6ffel<\/strong> ist leicht zu reinigen &amp; platzsparend zu verstauen.<\/p>\n<p data-start=\"750\" data-end=\"826\">\ud83d\udd27 <strong data-start=\"753\" data-end=\"824\">Warum ist dieser digitale Messl\u00f6ffel ein Must-have f\u00fcr deine K\u00fcche?<\/strong><\/p>\n<p data-start=\"828\" data-end=\"1194\">\u2705 <strong data-start=\"830\" data-end=\"863\">Pr\u00e4zise Messung (0,1g \u2013 500g)<\/strong> \u2013 Perfekt f\u00fcr Pulver, Fl\u00fcssigkeiten &amp; Zutaten<br data-start=\"909\" data-end=\"912\" \/>\u2705 <strong data-start=\"914\" data-end=\"953\">LCD-Display mit einfacher Bedienung<\/strong> \u2013 Klar lesbar &amp; intuitiv nutzbar<br data-start=\"986\" data-end=\"989\" \/>\u2705 <strong data-start=\"991\" data-end=\"1013\">Abnehmbarer L\u00f6ffel<\/strong> \u2013 Leichte Reinigung &amp; hygienische Nutzung<br data-start=\"1055\" data-end=\"1058\" \/>\u2705 <strong data-start=\"1060\" data-end=\"1104\">Tara-Funktion &amp; Gewichtseinheiten (g\/oz)<\/strong> \u2013 Vielseitig &amp; flexibel<br data-start=\"1128\" data-end=\"1131\" \/>\u2705 <strong data-start=\"1133\" data-end=\"1176\">Automatische Abschaltung nach 2 Minuten<\/strong> \u2013 Spart Energie<\/p>\n<p data-start=\"1196\" data-end=\"1331\">Dieser <strong data-start=\"1203\" data-end=\"1227\">digitale Wiegel\u00f6ffel<\/strong> ist ideal f\u00fcr alle, die <strong data-start=\"1252\" data-end=\"1286\">genaues Backen &amp; Kochen lieben<\/strong> \u2013 Perfekte Messgenauigkeit auf Knopfdruck!<\/p>\n<p data-start=\"1333\" data-end=\"1412\">\ud83c\udf81 <strong data-start=\"1336\" data-end=\"1353\">Lieferumfang:<\/strong><br data-start=\"1353\" data-end=\"1356\" \/>\u2714\ufe0f 1 \u00d7 Digitale L\u00f6ffelwaage (Batterie nicht enthalten)<\/p>\n<p data-start=\"1414\" data-end=\"1470\" data-is-last-node=\"\" data-is-only-node=\"\">\ud83d\udecd\ufe0f <strong data-start=\"1418\" data-end=\"1464\">Jetzt bestellen &amp; pr\u00e4zise wiegen &amp; messen!<\/strong> \ud83e\udd44\ud83d\udccf\u2728<\/p>","protected":false},"excerpt":{"rendered":"<p>Dieser hochpr\u00e4zise digitale Wiegel\u00f6ffel ist das perfekte K\u00fcchenwerkzeug f\u00fcr pr\u00e4zise Messungen von Mehl, Zucker, Fl\u00fcssigkeiten, Kakaopulver &amp; anderen Zutaten. Mit<\/p>","protected":false},"featured_media":24615,"comment_status":"open","ping_status":"closed","template":"","meta":[],"product_brand":[],"product_cat":[421],"product_tag":[],"class_list":{"0":"post-24627","1":"product","2":"type-product","3":"status-publish","4":"has-post-thumbnail","6":"product_cat-kuechenutensilien","8":"first","9":"instock","10":"sale","11":"purchasable","12":"product-type-variable"},"_links":{"self":[{"href":"https:\/\/outletlite.com\/en\/wp-json\/wp\/v2\/product\/24627","targetHints":{"allow":["GET"]}}],"collection":[{"href":"https:\/\/outletlite.com\/en\/wp-json\/wp\/v2\/product"}],"about":[{"href":"https:\/\/outletlite.com\/en\/wp-json\/wp\/v2\/types\/product"}],"replies":[{"embeddable":true,"href":"https:\/\/outletlite.com\/en\/wp-json\/wp\/v2\/comments?post=24627"}],"wp:featuredmedia":[{"embeddable":true,"href":"https:\/\/outletlite.com\/en\/wp-json\/wp\/v2\/media\/24615"}],"wp:attachment":[{"href":"https:\/\/outletlite.com\/en\/wp-json\/wp\/v2\/media?parent=24627"}],"wp:term":[{"taxonomy":"product_brand","embeddable":true,"href":"https:\/\/outletlite.com\/en\/wp-json\/wp\/v2\/product_brand?post=24627"},{"taxonomy":"product_cat","embeddable":true,"href":"https:\/\/outletlite.com\/en\/wp-json\/wp\/v2\/product_cat?post=24627"},{"taxonomy":"product_tag","embeddable":true,"href":"https:\/\/outletlite.com\/en\/wp-json\/wp\/v2\/product_tag?post=24627"}],"curies":[{"name":"wp","href":"https:\/\/api.w.org\/{rel}","templated":true}]}}