{"id":23993,"date":"2025-02-25T20:09:30","date_gmt":"2025-02-25T20:09:30","guid":{"rendered":"https:\/\/outletlite.com\/new-batom-99-aloe-vera-natural-temperature-change-color-jelly-lipstick-long-lasting-moistourizing-nutritious-lip-tbalm-makeup\/"},"modified":"2026-04-26T01:01:02","modified_gmt":"2026-04-26T01:01:02","slug":"aloe-vera-lippenstift","status":"publish","type":"product","link":"https:\/\/outletlite.com\/en\/product\/aloe-vera-lippenstift\/","title":{"rendered":"Neuer mit 99% ALOE VERA Lippenstift \u2013 Nat\u00fcrlicher Temperaturwechsel, Feuchtigkeitsspendend, Langhaltend, N\u00e4hrend"},"content":{"rendered":"<h2>Neuer mit 99% ALOE VERA Lippenstift \u2013 Nat\u00fcrlicher Temperaturwechsel, Feuchtigkeitsspendend, Langhaltend, N\u00e4hrend<\/h2>\n<p><strong>Elegant und pflegend: Der innovative Aloe Vera Lippenstift<\/strong><br \/>\nDer neue <strong>Aloe Vera Lippenstift <\/strong>von Habibi Beauty ist ein revolution\u00e4res Make-up-Produkt, das sich durch seine nat\u00fcrliche Farbver\u00e4nderung je nach K\u00f6rpertemperatur auszeichnet. Mit einem hohen Anteil von 99 % reinem Aloe Vera bietet dieser Lippenstift nicht nur eine langanhaltende Farbe, sondern auch intensive Feuchtigkeitspflege und N\u00e4hrstoffe f\u00fcr Ihre Lippen. Perfekt f\u00fcr den t\u00e4glichen Gebrauch oder besondere Anl\u00e4sse wie Partys und Hochzeiten \u2013 dieser Lippenstift ist ein Muss f\u00fcr jede moderne Frau.<\/p>\n<h3><strong>Hauptmerkmale:<\/strong><\/h3>\n<ul>\n<li><strong data-spm-anchor-id=\"5aebb161.2ef5001f.0.i83.2265c921VwL6Zm\">Nat\u00fcrliche Farbver\u00e4nderung: <\/strong>Die Farbe passt sich der K\u00f6rpertemperatur an und sorgt f\u00fcr einen individuellen Look.<\/li>\n<li><strong>Feuchtigkeitsspendend: <\/strong>Dank des hohen Aloe Vera-Anteils bleibt Ihre Lippen weich und geschmeidig.<\/li>\n<li><strong>Langhaltend &amp; Wasserdicht: <\/strong>Ideal f\u00fcr den ganzen Tag oder besondere Anl\u00e4sse.<\/li>\n<li><strong>Portabel &amp; Praktisch: <\/strong>Kleine Gr\u00f6\u00dfe, leicht zu transportieren und \u00fcberall zu verwenden.<\/li>\n<\/ul>\n<h3><strong>Technische Daten:<\/strong><\/h3>\n<ul>\n<li><strong data-spm-anchor-id=\"5aebb161.2ef5001f.0.i84.2265c921VwL6Zm\">Marke: <\/strong>Habibi Beauty<\/li>\n<li><strong>Inhaltsstoffe: <\/strong>99 % Aloe Vera<\/li>\n<li><strong>Farbe: <\/strong>Wie auf dem Bild gezeigt<\/li>\n<li><strong>Nettogewicht: <\/strong>3,5 g<\/li>\n<li><strong>Gr\u00f6\u00dfe: <\/strong>Vollformat<\/li>\n<li><strong>Zertifizierung: <\/strong>GZZZ (Nummer: YGZWBZ)<\/li>\n<li><strong>Herkunft: <\/strong>Festlandchina<\/li>\n<li><strong>Anwendungsbereiche: <\/strong>Casual-Make-up, Party-Make-up, Hochzeits-Make-up usw.<\/li>\n<\/ul>\n<h3><strong>Lieferumfang:<\/strong><\/h3>\n<ul>\n<li data-spm-anchor-id=\"5aebb161.2ef5001f.0.i85.2265c921VwL6Zm\">1 x Aloe Vera Lippenstift<\/li>\n<\/ul>\n<h3>Fragen und Antworten:<\/h3>\n<ol start=\"1\" data-spm-anchor-id=\"5aebb161.2ef5001f.0.i99.2265c921VwL6Zm\">\n<li data-spm-anchor-id=\"5aebb161.2ef5001f.0.i92.2265c921VwL6Zm\">\n<p data-spm-anchor-id=\"5aebb161.2ef5001f.0.i96.2265c921VwL6Zm\"><strong data-spm-anchor-id=\"5aebb161.2ef5001f.0.i94.2265c921VwL6Zm\">Warum ist der Aloe Vera Lippenstift ein Muss f\u00fcr jede Frau?<\/strong><br \/>\nDer Aloe Vera Lippenstift kombiniert nat\u00fcrliche Pflege mit moderner Technologie. Er spendet Feuchtigkeit, sch\u00fctzt die Lippen und passt sich individuell an die K\u00f6rpertemperatur an.<\/p>\n<\/li>\n<li><strong data-spm-anchor-id=\"5aebb161.2ef5001f.0.i98.2265c921VwL6Zm\">Die wichtigsten Funktionen des Aloe Vera Lippenstifts<\/strong>\n<ul>\n<li data-spm-anchor-id=\"5aebb161.2ef5001f.0.i95.2265c921VwL6Zm\">Nat\u00fcrliche Farbver\u00e4nderung<\/li>\n<li data-spm-anchor-id=\"5aebb161.2ef5001f.0.i97.2265c921VwL6Zm\">Feuchtigkeitsspendend dank 99 % Aloe Vera<\/li>\n<li>Langhaltend und wasserdicht<\/li>\n<\/ul>\n<div class=\"my-2\"><\/div>\n<\/li>\n<li><strong>Wie wendet man den Lippenstift richtig an?<\/strong><br \/>\nTragen Sie den Lippenstift gleichm\u00e4\u00dfig auf die Lippen auf. F\u00fcr einen pr\u00e4ziseren Look k\u00f6nnen Sie einen Lippenpinsel verwenden.<\/li>\n<li><strong>Vorteile der nat\u00fcrlichen Farbver\u00e4nderung<\/strong><br \/>\nDie Farbver\u00e4nderung sorgt f\u00fcr einen individuellen Look, der sich harmonisch an Ihren Hautton anpasst.<\/li>\n<li><strong>Pflege und Lagerung des Lippenstifts<\/strong><br \/>\nBewahren Sie den Lippenstift an einem k\u00fchlen, trockenen Ort auf. Vermeiden Sie direkte Sonneneinstrahlung, um die Qualit\u00e4t zu erhalten.<\/li>\n<li>\n<p data-spm-anchor-id=\"5aebb161.2ef5001f.0.i93.2265c921VwL6Zm\"><strong>H\u00e4ufig gestellte Fragen (FAQs)<\/strong><br \/>\n<strong>F: <\/strong>Ist der Lippenstift f\u00fcr empfindliche Haut geeignet?<br \/>\n<strong>A: <\/strong>Ja, er enth\u00e4lt 99 % Aloe Vera und ist daher auch f\u00fcr empfindliche Haut geeignet.<\/p>\n<div class=\"my-2\"><\/div>\n<p><strong>F: <\/strong>Kann der Lippenstift t\u00e4glich verwendet werden?<br \/>\n<strong>A: <\/strong>Ja, er ist ideal f\u00fcr den t\u00e4glichen Gebrauch und bietet intensive Pflege.<\/p>\n<div class=\"my-2\"><\/div>\n<p><strong>F: <\/strong>Ist der Lippenstift ein gutes Geschenk?<br \/>\n<strong>A: <\/strong>Absolut! Er ist ein stilvolles und n\u00fctzliches Geschenk f\u00fcr jede Frau.<\/li>\n<\/ol>\n<div class=\"detailmodule_html\">\n<div class=\"detail-desc-decorate-richtext\">\n<div class=\"detailmodule_dynamic\"><\/div>\n<div class=\"detailmodule_dynamic\">\n<h3>\u2728\u00a0<strong>Shop Now &amp; Save Big!<\/strong>\u00a0\u2728<\/h3>\n<p>Discover unbeatable deals on premium products at\u00a0<a href=\"https:\/\/outletlite.com\/en\/shop\/\" target=\"_blank\" rel=\"noopener noreferrer\">OutletLite<\/a>. Whether you&#8217;re upgrading your skincare routine, home essentials, or lifestyle, we\u2019ve got you covered with top-quality items at discounted prices. Don\u2019t wait \u2013 your next favorite product is just a click away!<\/p>\n<p>\u2705\u00a0<strong>Fast Shipping<\/strong>\u00a0| \u2705\u00a0<strong>Secure Checkout<\/strong>\u00a0| \u2705\u00a0<strong>Satisfaction Guaranteed<\/strong><\/p>\n<p>\ud83d\udc49\u00a0<strong>Click here to explore our full collection and grab your favorites before they\u2019re gone!<a href=\"https:\/\/outletlite.com\/en\/\"><img loading=\"lazy\" decoding=\"async\" class=\"alignnone wp-image-20938 size-thumbnail\" src=\"https:\/\/outletlite.com\/wp-content\/uploads\/2025\/02\/outletlite-icon-150x150.png\" alt=\"outletlite\" width=\"150\" height=\"150\" srcset=\"https:\/\/outletlite.com\/wp-content\/uploads\/2025\/02\/outletlite-icon-150x150.png 150w, https:\/\/outletlite.com\/wp-content\/uploads\/2025\/02\/outletlite-icon-430x430.png 430w, https:\/\/outletlite.com\/wp-content\/uploads\/2025\/02\/outletlite-icon-300x300.png 300w, https:\/\/outletlite.com\/wp-content\/uploads\/2025\/02\/outletlite-icon-12x12.png 12w, https:\/\/outletlite.com\/wp-content\/uploads\/2025\/02\/outletlite-icon.png 512w\" sizes=\"auto, (max-width: 150px) 100vw, 150px\" \/><\/a><\/strong><\/p>\n<p>&nbsp;<\/p>\n<p><strong>M\u00f6chten Sie mehr dar\u00fcber erfahren, wie Sie den Aloe Vera Lippenstift richtig anwenden und pflegen k\u00f6nnen? Besuchen Sie unsere detaillierte Anleitung zur <a href=\"https:\/\/www.youtube.com\/shorts\/_NDeofXpYSY\" target=\"_blank\" rel=\"noopener\">richtigen Pflege Ihrer Lippen<\/a>, um praktische Tipps und Schritt-f\u00fcr-Schritt-Anweisungen zu erhalten. So bleibt Ihr Lippenstift lange haltbar und Ihre Lippen gesund!<\/strong><\/p>\n<\/div>\n<\/div>\n<\/div>\n<div class=\"detailmodule_html\">\n<div class=\"detail-desc-decorate-richtext\">\n<div>\n<div>\n<div>\n<div>\n<div>\n<div>\n<p>&nbsp;<\/p>\n<div>\n<p>&nbsp;<\/p>\n<div>\n<p>&nbsp;<\/p>\n<div><\/div>\n<\/div>\n<\/div>\n<\/div>\n<\/div>\n<\/div>\n<\/div>\n<\/div>\n<\/div>\n<div><\/div>\n<div>\n<div>\n<div style=\"clear: both;\">\n<div style=\"clear: both;\">\n<p><span style=\"font-size: 18px;\"><span style=\"font-family: Times New Roman,Times,serif;\">\u00a0\u00a0\u00a0\u00a0\u00a0 \u00a0 \u00a0\u00a0<\/span><\/span><\/p>\n<\/div>\n<\/div>\n<p><span style=\"font-size: 18px;\"><span style=\"font-family: Times New Roman,Times,serif;\"><span style=\"color: #ff00ff;\"><strong>New Batom 99% ALOE VERA Natural Temperature Change Color Jelly Lipstick Long Lasting Moistourizing Lip Makeup<\/strong><\/span><\/span><\/span><\/p>\n<p><span style=\"font-size: 18px;\"><span style=\"font-family: Times New Roman,Times,serif;\"><span style=\"color: #ff00ff;\"><strong>Features:<\/strong><\/span><\/span><\/span><\/p>\n<div><span style=\"font-size: 18px;\"><span style=\"font-family: Times New Roman,Times,serif;\"><span style=\"color: #000000;\">\u00a0 \u00a0 \u00a0Brand New &amp; High quality.<\/span><\/span><\/span><\/div>\n<div><span style=\"font-size: 18px;\"><span style=\"font-family: Times New Roman,Times,serif;\"><span style=\"color: #000000;\">\u00a0 \u00a0 \u00a0Portable size, easy to carry.<\/span><\/span><\/span><\/div>\n<div><span style=\"font-size: 18px;\"><span style=\"font-family: Times New Roman,Times,serif;\"><span style=\"color: #000000;\">\u00a0 \u00a0 \u00a0Suitable for professional use or home use.<\/span><\/span><\/span><\/div>\n<div><\/div>\n<div><span style=\"font-size: 18px;\"><span style=\"font-family: Times New Roman,Times,serif;\"><span style=\"color: #ff00ff;\"><strong>Product Introduction:<\/strong><\/span><\/span><\/span><\/div>\n<div><span style=\"font-size: 18px;\"><span style=\"font-family: Times New Roman,Times,serif;\"><span style=\"color: #000000;\">\u00a0 \u00a0 \u00a0Product&#8217;s Type:Lipstick<\/span><\/span><\/span><\/div>\n<div><span style=\"font-size: 18px;\"><span style=\"font-family: Times New Roman,Times,serif;\"><span style=\"color: #000000;\">\u00a0 \u00a0 \u00a0Color:As item show<\/span><\/span><\/span><\/div>\n<div><span style=\"font-size: 18px;\"><span style=\"font-family: Times New Roman,Times,serif;\"><span style=\"color: #000000;\">\u00a0 \u00a0 \u00a0Effect: Waterproof , long lasting<\/span><\/span><\/span><\/div>\n<div><span style=\"font-size: 18px;\"><span style=\"font-family: Times New Roman,Times,serif;\"><span style=\"color: #000000;\">\u00a0\u00a0<\/span><\/span><\/span><\/div>\n<div><span style=\"font-size: 18px;\"><span style=\"font-family: Times New Roman,Times,serif;\"><span style=\"color: #ff00ff;\"><strong>Please Note: <\/strong><\/span><br \/>\nthat due to lighting effect and computer color, the actual colors may be slightly different from the picture.\u00a0<\/span><\/span><\/div>\n<div><\/div>\n<div>\n<p style=\"text-align: left; margin: 0;\"><img loading=\"lazy\" decoding=\"async\" class=\"alignnone\" src=\"http:\/\/ae01.alicdn.com\/kf\/HTB1_qf2dBLN8KJjSZPhq6A.spXaF.jpg?width=800&amp;height=613&amp;size=53598&amp;hash=55011\" alt=\"ALOE VERA Lippenstift\" width=\"800\" height=\"613\" \/><img decoding=\"async\" src=\"http:\/\/ae01.alicdn.com\/kf\/HTB1mIe7j_TI8KJjSsphq6AFppXar.jpg?width=800&amp;height=800&amp;size=93551&amp;hash=95151\" \/><img decoding=\"async\" src=\"http:\/\/ae01.alicdn.com\/kf\/HTB10i2pj9_I8KJjy0Foq6yFnVXak.jpg?width=800&amp;height=800&amp;size=144047&amp;hash=145647\" \/><img decoding=\"async\" src=\"http:\/\/ae01.alicdn.com\/kf\/HTB1us_Bj8DH8KJjSspnq6zNAVXao.jpg?width=800&amp;height=800&amp;size=75928&amp;hash=77528\" \/><img decoding=\"async\" src=\"http:\/\/ae01.alicdn.com\/kf\/HTB13QI1dqLN8KJjSZFmq6AQ6XXaI.jpg?width=800&amp;height=251&amp;size=51629&amp;hash=52680\" \/><img decoding=\"async\" src=\"http:\/\/ae01.alicdn.com\/kf\/HTB1VcZ0dBbM8KJjSZFFq6yynpXag.jpg?width=800&amp;height=687&amp;size=97164&amp;hash=98651\" \/><img loading=\"lazy\" decoding=\"async\" class=\"alignnone\" src=\"http:\/\/ae01.alicdn.com\/kf\/HTB1XkQ1dqLN8KJjSZFmq6AQ6XXau.jpg?width=800&amp;height=428&amp;size=60400&amp;hash=61628\" alt=\"ALOE VERA Lippenstift\" width=\"800\" height=\"428\" \/><\/p>\n<\/div>\n<p>&nbsp;<\/p>\n<p>&nbsp;<\/p>\n<\/div>\n<\/div>\n<\/div>\n<\/div>","protected":false},"excerpt":{"rendered":"<p>Der neue Aloe Vera Lippenstift bietet eine nat\u00fcrliche Farbver\u00e4nderung, intensive Pflege und langanhaltende Farbe. Ideal f\u00fcr den t\u00e4glichen Gebrauch oder besondere Anl\u00e4sse.<\/p>","protected":false},"featured_media":23974,"comment_status":"open","ping_status":"closed","template":"","meta":[],"product_brand":[],"product_cat":[422],"product_tag":[],"class_list":{"0":"post-23993","1":"product","2":"type-product","3":"status-publish","4":"has-post-thumbnail","6":"product_cat-sonderangebot","7":"product_shipping_class-free-shipping","9":"first","10":"instock","11":"purchasable","12":"product-type-variable"},"_links":{"self":[{"href":"https:\/\/outletlite.com\/en\/wp-json\/wp\/v2\/product\/23993","targetHints":{"allow":["GET"]}}],"collection":[{"href":"https:\/\/outletlite.com\/en\/wp-json\/wp\/v2\/product"}],"about":[{"href":"https:\/\/outletlite.com\/en\/wp-json\/wp\/v2\/types\/product"}],"replies":[{"embeddable":true,"href":"https:\/\/outletlite.com\/en\/wp-json\/wp\/v2\/comments?post=23993"}],"wp:featuredmedia":[{"embeddable":true,"href":"https:\/\/outletlite.com\/en\/wp-json\/wp\/v2\/media\/23974"}],"wp:attachment":[{"href":"https:\/\/outletlite.com\/en\/wp-json\/wp\/v2\/media?parent=23993"}],"wp:term":[{"taxonomy":"product_brand","embeddable":true,"href":"https:\/\/outletlite.com\/en\/wp-json\/wp\/v2\/product_brand?post=23993"},{"taxonomy":"product_cat","embeddable":true,"href":"https:\/\/outletlite.com\/en\/wp-json\/wp\/v2\/product_cat?post=23993"},{"taxonomy":"product_tag","embeddable":true,"href":"https:\/\/outletlite.com\/en\/wp-json\/wp\/v2\/product_tag?post=23993"}],"curies":[{"name":"wp","href":"https:\/\/api.w.org\/{rel}","templated":true}]}}