{"id":22045,"date":"2025-02-08T13:57:14","date_gmt":"2025-02-08T13:57:14","guid":{"rendered":"https:\/\/outletlite.com\/pop-it-fidget-toys-game-for-adult-kid-push-bubble-fidget-sensory-toy\/"},"modified":"2025-08-29T09:05:32","modified_gmt":"2025-08-29T09:05:32","slug":"pop-it-fidget-spielzeug","status":"publish","type":"product","link":"https:\/\/outletlite.com\/en\/product\/pop-it-fidget-spielzeug\/","title":{"rendered":"Pop It Fidget Spielzeug \u2013 Beruhigendes Sensorisches Spielzeug"},"content":{"rendered":"<h1 dir=\"ltr\" data-pm-slice=\"1 1 []\">Pop It Fidget Spielzeug \u2013 Beruhigendes Sensorisches Spielzeug \ud83c\udf08<\/h1>\n<p dir=\"ltr\">Entdecken Sie das <strong>Pop It Fidget Spielzeug<\/strong>, ein sensorisches Spielzeug, das Stressabbau und Spa\u00df f\u00fcr Kinder und Erwachsene bietet. Hergestellt aus hochwertigem, ungiftigem Silikon, ist es sicher, langlebig und in bunten Designs erh\u00e4ltlich. Die &#8222;Pop&#8220;-Ger\u00e4usche und das taktile Erlebnis f\u00f6rdern Konzentration und Entspannung. Ideal f\u00fcr zu Hause, die Schule oder unterwegs. \ud83e\uddf8 Perfekt f\u00fcr alle Altersgruppen, die eine beruhigende Aktivit\u00e4t suchen, sei es in stressigen Momenten oder als spielerische Ablenkung.<\/p>\n<h2 dir=\"ltr\">Vorteile \u2728<\/h2>\n<ul class=\"tight\" dir=\"ltr\" data-tight=\"true\">\n<li>\n<p dir=\"ltr\"><strong>Stressabbauend<\/strong> \u2705: F\u00f6rdert Entspannung und Konzentration.<\/p>\n<\/li>\n<li>\n<p dir=\"ltr\"><strong>Sicher<\/strong> \ud83c\udf1f: Ungiftiges Silikon, glatte Oberfl\u00e4chen.<\/p>\n<\/li>\n<li>\n<p dir=\"ltr\"><strong>Tragbar<\/strong> \ud83d\ude97: Kompakt, ideal f\u00fcr unterwegs.<\/p>\n<\/li>\n<li>\n<p dir=\"ltr\"><strong>Ideales Geschenk<\/strong> \ud83c\udf81: Perfekt f\u00fcr Geburtstage oder Lernaktivit\u00e4ten.<\/p>\n<\/li>\n<\/ul>\n<h2 dir=\"ltr\">Produktdetails \ud83d\udccb<\/h2>\n<ul class=\"tight\" dir=\"ltr\" data-tight=\"true\">\n<li>\n<p dir=\"ltr\"><strong>Material<\/strong>: Hochwertiges Silikon.<\/p>\n<\/li>\n<li>\n<p dir=\"ltr\"><strong>Altersempfehlung<\/strong>: Ab 3 Jahren.<\/p>\n<\/li>\n<li>\n<p dir=\"ltr\"><strong>Ma\u00dfe<\/strong>: Leicht, ergonomisch f\u00fcr alle H\u00e4nde.<\/p>\n<\/li>\n<li>\n<p dir=\"ltr\"><strong>Hersteller<\/strong>: QToys Australia .<\/p>\n<\/li>\n<\/ul>\n<p dir=\"ltr\">F\u00fcgen Sie das <strong>Pop It Fidget Spielzeug<\/strong> Ihrem Warenkorb hinzu, um eine entspannende, spa\u00dfige und kreative Erfahrung zu genie\u00dfen, die Jung und Alt begeistert! \ud83d\uded2<\/p>\n<p dir=\"ltr\">","protected":false},"excerpt":{"rendered":"<h1 dir=\"ltr\" data-pm-slice=\"1 1 []\">Pop It Fidget Spielzeug \u2013 Beruhigendes Sensorisches Spielzeug \ud83c\udf08<\/h1>\n<p dir=\"ltr\">Entdecken Sie das <strong>Pop It Fidget Spielzeug<\/strong>, ein sensorisches Spielzeug, das Stressabbau und Spa\u00df f\u00fcr Kinder und Erwachsene bietet. Hergestellt aus hochwertigem, ungiftigem Silikon, ist es sicher, langlebig und in bunten Designs erh\u00e4ltlich. Die &#8222;Pop&#8220;-Ger\u00e4usche und das taktile Erlebnis f\u00f6rdern Konzentration und Entspannung. Ideal f\u00fcr zu Hause, die Schule oder unterwegs. \ud83e\uddf8 Perfekt f\u00fcr alle Altersgruppen, die eine beruhigende Aktivit\u00e4t suchen.<\/p>","protected":false},"featured_media":22062,"comment_status":"open","ping_status":"closed","template":"","meta":[],"product_brand":[],"product_cat":[403,397],"product_tag":[1678,3466,1675,1674,1679,1677,1676,1673,1682,1681,1684,3460,1680,1683,3467,1550],"class_list":{"0":"post-22045","1":"product","2":"type-product","3":"status-publish","4":"has-post-thumbnail","6":"product_cat-babyprodukte","7":"product_cat-spielzeug-spiele","8":"product_tag-fidget-packs","9":"product_tag-fidget-spielzeug","10":"product_tag-fidget-toys","11":"product_tag-kids-toy","12":"product_tag-mini-fridge","13":"product_tag-pop-it","14":"product_tag-pop-it-fidget","15":"product_tag-pop-it-fidget-toys","16":"product_tag-push-bubble-fidget-sensory-toy","17":"product_tag-push-bubble-pop-it-game","18":"product_tag-rodent-pioneer","19":"product_tag-sensorisches-spielzeug","20":"product_tag-silicone-stress-relieve-toys","21":"product_tag-stress-reliever-autism-toy","22":"product_tag-stressabbau","23":"product_tag-toys","24":"product_shipping_class-free-shipping","26":"first","27":"instock","28":"purchasable","29":"product-type-variable"},"_links":{"self":[{"href":"https:\/\/outletlite.com\/en\/wp-json\/wp\/v2\/product\/22045","targetHints":{"allow":["GET"]}}],"collection":[{"href":"https:\/\/outletlite.com\/en\/wp-json\/wp\/v2\/product"}],"about":[{"href":"https:\/\/outletlite.com\/en\/wp-json\/wp\/v2\/types\/product"}],"replies":[{"embeddable":true,"href":"https:\/\/outletlite.com\/en\/wp-json\/wp\/v2\/comments?post=22045"}],"wp:featuredmedia":[{"embeddable":true,"href":"https:\/\/outletlite.com\/en\/wp-json\/wp\/v2\/media\/22062"}],"wp:attachment":[{"href":"https:\/\/outletlite.com\/en\/wp-json\/wp\/v2\/media?parent=22045"}],"wp:term":[{"taxonomy":"product_brand","embeddable":true,"href":"https:\/\/outletlite.com\/en\/wp-json\/wp\/v2\/product_brand?post=22045"},{"taxonomy":"product_cat","embeddable":true,"href":"https:\/\/outletlite.com\/en\/wp-json\/wp\/v2\/product_cat?post=22045"},{"taxonomy":"product_tag","embeddable":true,"href":"https:\/\/outletlite.com\/en\/wp-json\/wp\/v2\/product_tag?post=22045"}],"curies":[{"name":"wp","href":"https:\/\/api.w.org\/{rel}","templated":true}]}}