{"id":18385,"date":"2025-01-04T18:06:22","date_gmt":"2025-01-04T18:06:22","guid":{"rendered":"https:\/\/outletlite.com\/?page_id=18385"},"modified":"2025-10-14T10:38:09","modified_gmt":"2025-10-14T10:38:09","slug":"impressum","status":"publish","type":"page","link":"https:\/\/outletlite.com\/en\/impressum\/","title":{"rendered":"Imprint"},"content":{"rendered":"<div data-elementor-type=\"wp-page\" data-elementor-id=\"18385\" class=\"elementor elementor-18385\">\n\t\t\t\t<div class=\"wd-negative-gap elementor-element elementor-element-4b4da5ef e-flex e-con-boxed e-con e-parent\" data-id=\"4b4da5ef\" data-element_type=\"container\" data-e-type=\"container\" data-settings=\"{&quot;background_background&quot;:&quot;classic&quot;}\">\n\t\t\t\t\t<div class=\"e-con-inner\">\n\t\t\t\t<div class=\"elementor-element elementor-element-1c50fe20 color-scheme-inherit text-left elementor-widget elementor-widget-text-editor\" data-id=\"1c50fe20\" data-element_type=\"widget\" data-e-type=\"widget\" data-widget_type=\"text-editor.default\">\n\t\t\t\t\t\t\t\t\t<section style=\"max-width: 800px; margin: 40px auto; font-family: 'Segoe UI',sans-serif; line-height: 1.6; color: #222; padding: 20px;\">\n<h2 style=\"color: #d4af37;\">Imprint<\/h2>\n<p><strong>Outletlite Marketplace<\/strong><br \/><strong>Vertretungsberechtigte Person:<\/strong> <b>Fadi Al Rifai<\/b> \u2013 Legal Representative<br \/><strong>Anschrift:<\/strong> Maurepasstrasse 45a, 24558 Henstedt-Ulzburg, Deutschland<br \/><strong>E-Mail:<\/strong> <a style=\"color: #ff6600; text-decoration: none; font-weight: bold;\" href=\"mailto:info.outletlite@gmail.com\"> info.outletlite@gmail.com <\/a><br \/><strong>Telefon:<\/strong> <a style=\"color: #ff6600; text-decoration: none; font-weight: bold;\" href=\"tel:+4915152161354\"> +49 151 52161354 <\/a><br \/><strong>Umsatzsteuer-ID (USt-IdNr.):<\/strong> <span style=\"color: #000;\">DE365410355<\/span><\/p>\n<p><strong>Inhaltlich Verantwortlicher i.S.d. \u00a7 18 Abs. 2 MStV:<\/strong><br \/>Fadi Al Rifai, Maurepasstrasse 45a, 24558 Henstedt-Ulzburg<\/p>\n<h3 style=\"color: #d4af37; margin-top: 25px;\">Haftung f\u00fcr Inhalte<\/h3>\n<p>Als Diensteanbieter sind wir gem\u00e4\u00df \u00a7 7 Abs. 1 TMG f\u00fcr eigene Inhalte auf diesen Seiten nach den allgemeinen Gesetzen verantwortlich. Nach \u00a7\u00a7 8\u201310 TMG sind wir als Diensteanbieter jedoch nicht verpflichtet, \u00fcbermittelte oder gespeicherte fremde Informationen zu \u00fcberwachen oder nach Umst\u00e4nden zu forschen, die auf eine rechtswidrige T\u00e4tigkeit hinweisen. Verpflichtungen zur Entfernung oder Sperrung der Nutzung von Informationen nach den allgemeinen Gesetzen bleiben hiervon unber\u00fchrt. Eine diesbez\u00fcgliche Haftung ist jedoch erst ab dem Zeitpunkt der Kenntnis einer konkreten Rechtsverletzung m\u00f6glich. Bei Bekanntwerden von entsprechenden Rechtsverletzungen werden wir diese Inhalte umgehend entfernen.<\/p>\n<h3 style=\"color: #d4af37; margin-top: 25px;\">Haftung f\u00fcr Links<\/h3>\n<p>Unser Angebot enth\u00e4lt ggf. Links zu externen Websites Dritter, auf deren Inhalte wir keinen Einfluss haben. Deshalb k\u00f6nnen wir f\u00fcr diese fremden Inhalte auch keine Gew\u00e4hr \u00fcbernehmen. F\u00fcr die Inhalte der verlinkten Seiten ist stets der jeweilige Anbieter oder Betreiber der Seiten verantwortlich. Rechtswidrige Inhalte waren zum Zeitpunkt der Verlinkung nicht erkennbar. Eine permanente inhaltliche Kontrolle der verlinkten Seiten ist jedoch ohne konkrete Anhaltspunkte einer Rechtsverletzung nicht zumutbar. Bei Bekanntwerden von Rechtsverletzungen werden wir derartige Links umgehend entfernen.<\/p>\n<h3 style=\"color: #d4af37; margin-top: 25px;\">Urheberrecht<\/h3>\n<p>Die durch die Seitenbetreiber erstellten Inhalte und Werke unterliegen dem deutschen Urheberrecht. Vervielf\u00e4ltigung, Bearbeitung, Verbreitung und jede Art der Verwertung au\u00dferhalb der Grenzen des Urheberrechts bed\u00fcrfen der schriftlichen Zustimmung des jeweiligen Autors bzw. Erstellers.<\/p>\n<\/section>\t\t\t\t\t\t\t\t<\/div>\n\t\t\t\t\t<\/div>\n\t\t\t\t<\/div>\n\t\t\t\t<\/div>","protected":false},"excerpt":{"rendered":"<p>Impressum Outletlite MarketplaceVertretungsberechtigte Person: Fadi Al Rifai \u2013 Legal RepresentativeAnschrift: Maurepasstrasse 45a, 24558 Henstedt-Ulzburg, DeutschlandE-Mail: info.outletlite@gmail.com Telefon: +49 151 52161354<\/p>","protected":false},"author":29,"featured_media":0,"parent":0,"menu_order":0,"comment_status":"closed","ping_status":"closed","template":"","meta":{"footnotes":""},"class_list":["post-18385","page","type-page","status-publish","hentry"],"_links":{"self":[{"href":"https:\/\/outletlite.com\/en\/wp-json\/wp\/v2\/pages\/18385","targetHints":{"allow":["GET"]}}],"collection":[{"href":"https:\/\/outletlite.com\/en\/wp-json\/wp\/v2\/pages"}],"about":[{"href":"https:\/\/outletlite.com\/en\/wp-json\/wp\/v2\/types\/page"}],"author":[{"embeddable":true,"href":"https:\/\/outletlite.com\/en\/wp-json\/wp\/v2\/users\/29"}],"replies":[{"embeddable":true,"href":"https:\/\/outletlite.com\/en\/wp-json\/wp\/v2\/comments?post=18385"}],"version-history":[{"count":0,"href":"https:\/\/outletlite.com\/en\/wp-json\/wp\/v2\/pages\/18385\/revisions"}],"wp:attachment":[{"href":"https:\/\/outletlite.com\/en\/wp-json\/wp\/v2\/media?parent=18385"}],"curies":[{"name":"wp","href":"https:\/\/api.w.org\/{rel}","templated":true}]}}