{"id":18127,"date":"2025-01-04T11:29:20","date_gmt":"2025-01-04T11:29:20","guid":{"rendered":"https:\/\/outletlite.com\/?page_id=18127"},"modified":"2025-10-13T13:09:14","modified_gmt":"2025-10-13T13:09:14","slug":"dhl-paketshop","status":"publish","type":"page","link":"https:\/\/outletlite.com\/en\/dhl-paketshop\/","title":{"rendered":"DHL PAKETSHOP"},"content":{"rendered":"\t\t<div data-elementor-type=\"wp-page\" data-elementor-id=\"18127\" class=\"elementor elementor-18127\">\n\t\t\t\t\t\t<section class=\"wd-negative-gap elementor-section elementor-top-section elementor-element elementor-element-3d1b1b02 elementor-section-boxed elementor-section-height-default elementor-section-height-default\" data-id=\"3d1b1b02\" data-element_type=\"section\" data-e-type=\"section\">\n\t\t\t\t\t\t<div class=\"elementor-container elementor-column-gap-default\">\n\t\t\t\t\t<div class=\"elementor-column elementor-col-100 elementor-top-column elementor-element elementor-element-1c47cb6\" data-id=\"1c47cb6\" data-element_type=\"column\" data-e-type=\"column\">\n\t\t\t<div class=\"elementor-widget-wrap elementor-element-populated\">\n\t\t\t\t\t\t<div class=\"elementor-element elementor-element-238d6bdc elementor-widget elementor-widget-wd_image_or_svg\" data-id=\"238d6bdc\" data-element_type=\"widget\" data-e-type=\"widget\" data-widget_type=\"wd_image_or_svg.default\">\n\t\t\t\t<div class=\"elementor-widget-container\">\n\t\t\t\t\t\n\t\t<div class=\"wd-image text-left\">\n\t\t\t\t\t\t\t\t<img loading=\"lazy\" decoding=\"async\" width=\"1592\" height=\"655\" src=\"https:\/\/outletlite.com\/wp-content\/uploads\/2025\/01\/dhl-group-.jpg\" class=\"attachment-full size-full\" alt=\"\" srcset=\"https:\/\/outletlite.com\/wp-content\/uploads\/2025\/01\/dhl-group-.jpg 1592w, https:\/\/outletlite.com\/wp-content\/uploads\/2025\/01\/dhl-group--150x62.jpg 150w, https:\/\/outletlite.com\/wp-content\/uploads\/2025\/01\/dhl-group--700x288.jpg 700w, https:\/\/outletlite.com\/wp-content\/uploads\/2025\/01\/dhl-group--400x165.jpg 400w, https:\/\/outletlite.com\/wp-content\/uploads\/2025\/01\/dhl-group--1300x535.jpg 1300w, https:\/\/outletlite.com\/wp-content\/uploads\/2025\/01\/dhl-group--768x316.jpg 768w, https:\/\/outletlite.com\/wp-content\/uploads\/2025\/01\/dhl-group--1536x632.jpg 1536w, https:\/\/outletlite.com\/wp-content\/uploads\/2025\/01\/dhl-group--18x7.jpg 18w\" sizes=\"auto, (max-width: 1592px) 100vw, 1592px\" \/>\t\t\t\t\t<\/div>\n\n\t\t\t\t\t\t<\/div>\n\t\t\t\t<\/div>\n\t\t\t\t\t<\/div>\n\t\t<\/div>\n\t\t\t\t\t<\/div>\n\t\t<\/section>\n\t\t\t\t<section class=\"wd-negative-gap elementor-section elementor-top-section elementor-element elementor-element-5afa27bd elementor-section-content-top elementor-section-boxed elementor-section-height-default elementor-section-height-default\" data-id=\"5afa27bd\" data-element_type=\"section\" data-e-type=\"section\">\n\t\t\t\t\t\t<div class=\"elementor-container elementor-column-gap-default\">\n\t\t\t\t\t<div class=\"elementor-column elementor-col-100 elementor-top-column elementor-element elementor-element-4affe994\" data-id=\"4affe994\" data-element_type=\"column\" data-e-type=\"column\">\n\t\t\t<div class=\"elementor-widget-wrap elementor-element-populated\">\n\t\t\t\t\t\t<div class=\"elementor-element elementor-element-4a57e259 elementor-widget elementor-widget-wd_text_block\" data-id=\"4a57e259\" data-element_type=\"widget\" data-e-type=\"widget\" data-widget_type=\"wd_text_block.default\">\n\t\t\t\t<div class=\"elementor-widget-container\">\n\t\t\t\t\t\t\t<div class=\"wd-text-block reset-last-child text-left\">\n\t\t\t\n\t\t\t<h1>DHL Paketshop<\/h1><h2>Pakete schnell und unkompliziert verschicken<\/h2><p>Bei uns k\u00f6nnen Sie Ihre DHL P\u00e4ckchen und Pakete g\u00fcnstig und schnell <b>versenden<\/b> und selbstverst\u00e4ndlich auch DHL <b>Retouren abgeben<\/b>.<\/p><p>Schon f\u00fcr wenige Euro lassen sich DHL P\u00e4ckchen <b>deutschlandweit<\/b> versenden.<\/p><p>Besuchen Sie uns und versenden Sie Ihre P\u00e4ckchen und Pakete ganz bequem.<\/p><p>Auch Paket- und P\u00e4ckchenmarken oder <b>Marken und Porto<\/b> f\u00fcr Ihre Briefe sind bei uns erh\u00e4ltlich - und das praktisch ohne Wartezeiten!<\/p><blockquote><p>Die Online-Shopper von heute wollen sicher sein, dass ihre Eink\u00e4ufe sicher ankommen. Und das gilt auch f\u00fcr Sie. Durch den Zugang zum europ\u00e4ischen Netzwerk von DHL profitieren Sie von unserer Servicequalit\u00e4t und Zuverl\u00e4ssigkeit beim grenz\u00fcberschreitenden Paketversand.<\/p><\/blockquote>\n\t\t\t\t\t<\/div>\n\t\t\t\t\t\t<\/div>\n\t\t\t\t<\/div>\n\t\t\t\t\t<\/div>\n\t\t<\/div>\n\t\t\t\t\t<\/div>\n\t\t<\/section>\n\t\t<div class=\"wd-negative-gap elementor-element elementor-element-7052858 e-flex e-con-boxed e-con e-parent\" data-id=\"7052858\" data-element_type=\"container\" data-e-type=\"container\" data-settings=\"{&quot;background_background&quot;:&quot;classic&quot;}\">\n\t\t\t\t\t<div class=\"e-con-inner\">\n\t\t<div class=\"elementor-element elementor-element-c7934d2 e-con-full e-transform e-flex e-con e-child\" data-id=\"c7934d2\" data-element_type=\"container\" data-e-type=\"container\" data-settings=\"{&quot;background_background&quot;:&quot;slideshow&quot;,&quot;background_slideshow_gallery&quot;:[{&quot;id&quot;:18146,&quot;url&quot;:&quot;https:\\\/\\\/outletlite.com\\\/wp-content\\\/uploads\\\/2025\\\/01\\\/25167124-deutsche-post-dhl-group-besitzt-mehr-als-100-000-firmeneigene-fahrzeuge-DMH.jpg&quot;}],&quot;_transform_rotateZ_effect&quot;:{&quot;unit&quot;:&quot;px&quot;,&quot;size&quot;:-10,&quot;sizes&quot;:[]},&quot;_transform_rotateZ_effect_mobile&quot;:{&quot;unit&quot;:&quot;deg&quot;,&quot;size&quot;:0,&quot;sizes&quot;:[]},&quot;background_slideshow_slide_duration&quot;:5000,&quot;background_slideshow_slide_transition&quot;:&quot;fade&quot;,&quot;background_slideshow_transition_duration&quot;:500,&quot;_transform_rotateZ_effect_tablet&quot;:{&quot;unit&quot;:&quot;deg&quot;,&quot;size&quot;:&quot;&quot;,&quot;sizes&quot;:[]}}\">\n\t\t\t\t<\/div>\n\t\t<div class=\"elementor-element elementor-element-84002c6 e-con-full e-flex e-con e-child\" data-id=\"84002c6\" data-element_type=\"container\" data-e-type=\"container\">\n\t\t\t\t<div class=\"elementor-element elementor-element-a95ec17 elementor-widget elementor-widget-wd_text_block\" data-id=\"a95ec17\" data-element_type=\"widget\" data-e-type=\"widget\" data-widget_type=\"wd_text_block.default\">\n\t\t\t\t<div class=\"elementor-widget-container\">\n\t\t\t\t\t\t\t<div class=\"wd-text-block reset-last-child text-left\">\n\t\t\t\n\t\t\t<p>Falls Sie Ihr Paket zu uns liefern lassen wollen, geben Sie bitte folgenden Adresszusatz bei Ihrem Lieferanten an:<br \/>OutletLite<br \/>Segeberger Str. 44,<br \/>23866 Nahe, Deutschland<\/p>\n\t\t\t\t\t<\/div>\n\t\t\t\t\t\t<\/div>\n\t\t\t\t<\/div>\n\t\t\t\t<div class=\"elementor-element elementor-element-a77cabe elementor-widget elementor-widget-wd_text_block\" data-id=\"a77cabe\" data-element_type=\"widget\" data-e-type=\"widget\" data-widget_type=\"wd_text_block.default\">\n\t\t\t\t<div class=\"elementor-widget-container\">\n\t\t\t\t\t\t\t<div class=\"wd-text-block reset-last-child text-left\">\n\t\t\t\n\t\t\t<p>Folgende Informationen k\u00f6nnten vielleicht n\u00fctzlich sein:<\/p><p><em>\u2022 <a class=\"\" title=\"https:\/\/www.dhl.de\/de\/privatkunden\/pakete-versenden\/online-frankieren.html?type=ShipmentEditor\" href=\"https:\/\/www.dhl.de\/de\/privatkunden\/pakete-versenden\/online-frankieren.html?type=ShipmentEditor\" target=\"_blank\" rel=\"noopener\">Hier k\u00f6nnen Sie Ihr Paket online frankieren.<\/a><\/em><\/p><p><em>\u2022 <a class=\"\" title=\"https:\/\/www.dhl.de\/de\/privatkunden\/pakete-versenden\/deutschlandweit-versenden\/preise-national.html\" href=\"https:\/\/www.dhl.de\/de\/privatkunden\/pakete-versenden\/deutschlandweit-versenden\/preise-national.html\" target=\"_blank\" rel=\"noopener\">Hier finden Sie die\u00a0aktuellen Preise f\u00fcr nationale Sendungen (DHL).<\/a><\/em><\/p><p><em>\u2022 <a class=\"\" title=\"https:\/\/www.dhl.de\/de\/privatkunden\/pakete-versenden\/weltweit-versenden\/preise-international.html\" href=\"https:\/\/www.dhl.de\/de\/privatkunden\/pakete-versenden\/weltweit-versenden\/preise-international.html\" target=\"_blank\" rel=\"noopener\">Hier finden Sie die\u00a0aktuellen Preise f\u00fcr internationale Sendungen (DHL)*.<\/a><\/em><\/p>\n\t\t\t\t\t<\/div>\n\t\t\t\t\t\t<\/div>\n\t\t\t\t<\/div>\n\t\t\t\t<\/div>\n\t\t\t\t\t<\/div>\n\t\t\t\t<\/div>\n\t\t<div class=\"wd-negative-gap elementor-element elementor-element-ecdeb9b e-flex e-con-boxed e-con e-parent\" data-id=\"ecdeb9b\" data-element_type=\"container\" data-e-type=\"container\">\n\t\t\t\t\t<div class=\"e-con-inner\">\n\t\t\t\t<div class=\"elementor-element elementor-element-c2bc4a2 elementor-widget elementor-widget-shortcode\" data-id=\"c2bc4a2\" data-element_type=\"widget\" data-e-type=\"widget\" data-widget_type=\"shortcode.default\">\n\t\t\t\t\t\t\t<div class=\"elementor-shortcode\">[dflip id=\"18150\"][\/dflip]<\/div>\n\t\t\t\t\t\t<\/div>\n\t\t\t\t\t<\/div>\n\t\t\t\t<\/div>\n\t\t\t\t<\/div>\n\t\t","protected":false},"excerpt":{"rendered":"<p>DHL Paketshop Pakete schnell und unkompliziert verschicken Bei uns k\u00f6nnen Sie Ihre DHL P\u00e4ckchen und Pakete g\u00fcnstig und schnell versenden<\/p>","protected":false},"author":29,"featured_media":0,"parent":0,"menu_order":0,"comment_status":"closed","ping_status":"closed","template":"","meta":{"footnotes":""},"class_list":["post-18127","page","type-page","status-publish","hentry"],"_links":{"self":[{"href":"https:\/\/outletlite.com\/en\/wp-json\/wp\/v2\/pages\/18127","targetHints":{"allow":["GET"]}}],"collection":[{"href":"https:\/\/outletlite.com\/en\/wp-json\/wp\/v2\/pages"}],"about":[{"href":"https:\/\/outletlite.com\/en\/wp-json\/wp\/v2\/types\/page"}],"author":[{"embeddable":true,"href":"https:\/\/outletlite.com\/en\/wp-json\/wp\/v2\/users\/29"}],"replies":[{"embeddable":true,"href":"https:\/\/outletlite.com\/en\/wp-json\/wp\/v2\/comments?post=18127"}],"version-history":[{"count":0,"href":"https:\/\/outletlite.com\/en\/wp-json\/wp\/v2\/pages\/18127\/revisions"}],"wp:attachment":[{"href":"https:\/\/outletlite.com\/en\/wp-json\/wp\/v2\/media?parent=18127"}],"curies":[{"name":"wp","href":"https:\/\/api.w.org\/{rel}","templated":true}]}}